{"id":23048,"date":"2025-01-06T16:36:41","date_gmt":"2025-01-06T13:36:41","guid":{"rendered":"https:\/\/www.makitamarket.com.tr\/site\/urun\/gison-gps303s5bs-havali-eksantrik-zimpara\/"},"modified":"2026-03-30T07:41:30","modified_gmt":"2026-03-30T04:41:30","slug":"gison-gps303s5bs-havali-eksantrik-zimpara","status":"publish","type":"product","link":"https:\/\/www.makitamarket.com.tr\/site\/urun\/gison-gps303s5bs-havali-eksantrik-zimpara\/","title":{"rendered":"Gison GPS303S5BS HAVALI EKSANTR\u0130K ZIMPARA"},"content":{"rendered":"<div>\n<div>\n\t\t\u2022 C\u0131rtl\u0131 Ped<\/div>\n<div>\n\t\t\u2022 At\u0131k Tozu Emme \u00d6zelli\u011fi\u00a0<\/div>\n<\/div>\n<div>\n\t<strong>Kullan\u0131m Alanlar\u0131:<\/strong><\/div>\n<div>\n\tOtomotiv , mobilya ve benzer sekt\u00f6rlerde y\u00fczeylerin temizleme ve d\u00fczeltme i\u015flerinde vbg. uygulamalar i\u00e7in uygundur.<\/div>\n<table>\n<tr>\n<td>Z\u0131mpara \u00d6l\u00e7\u00fcs\u00fc<\/td>\n<td>\u00d8 123 mm.<\/td>\n<\/tr>\n<tr>\n<td>Bo\u015ftaki Devir H\u0131z\u0131<\/td>\n<td>12.000 rpm<\/td>\n<\/tr>\n<tr>\n<td>Net A\u011f\u0131rl\u0131k<\/td>\n<td>0.74 kg.<\/td>\n<\/tr>\n<tr>\n<td>Uzunluk x Y\u00fckseklik<\/td>\n<td>241 x 86 mm.<\/td>\n<\/tr>\n<tr>\n<td>Hava T\u00fcketimi<\/td>\n<td>0.36 m\u00b3\/dak.<\/td>\n<\/tr>\n<tr>\n<td>Hava Giri\u015fi<\/td>\n<td>1\/4&#8243;<\/td>\n<\/tr>\n<tr>\n<td>Hortum \u00d6l\u00e7\u00fcs\u00fc <\/td>\n<td>6.5 mm.<\/td>\n<\/tr>\n<tr>\n<td>G\u00fcr\u00fclt\u00fc Seviyesi<\/td>\n<td>88 dBA<\/td>\n<\/tr>\n<tr>\n<td>Sars\u0131nt\u0131 Seviyesi<\/td>\n<td><2.5 m\/S\u00b2.<\/td>\n<\/tr>\n<tr>\n<td>G\u00fc\u00e7<\/td>\n<td>0.32 HP<\/td>\n<\/tr>\n<tr>\n<td>Y\u00f6r\u00fcngesel Hareket<\/td>\n<td>5 mm.<\/td>\n<\/tr>\n<tr>\n<td>Hava Bas\u0131nc\u0131<\/td>\n<td>90 psi (6.3 kg.\/cm\u00b2)<\/td>\n<\/tr>\n<tr>\n<td>Standart\u0131<\/td>\n<td>CE-Made in Taiwan<\/td>\n<\/tr>\n<\/table>\n","protected":false},"excerpt":{"rendered":"<div>\n<div>\n\t\t\u2022 C\u0131rtl\u0131 Ped<\/div>\n<div>\n\t\t\u2022 At\u0131k Tozu Emme \u00d6zelli\u011fi\u00a0<\/div>\n<\/div>\n<div>\n\t<strong>Kullan\u0131m Alanlar\u0131:<\/strong><\/div>\n<div>\n\tOtomotiv , mobilya ve benzer sekt\u00f6rlerde y\u00fczeylerin temizleme ve d\u00fczeltme i\u015flerinde vbg. uygulamalar i\u00e7in uygundur.<\/div>\n","protected":false},"featured_media":10152,"comment_status":"open","ping_status":"closed","template":"","meta":{"_acf_changed":false},"product_brand":[1512],"product_cat":[983],"product_tag":[],"class_list":{"0":"post-23048","1":"product","2":"type-product","3":"status-publish","4":"has-post-thumbnail","6":"product_brand-gison","7":"product_cat-havali-zimparalar","9":"first","10":"instock","11":"taxable","12":"shipping-taxable","13":"purchasable","14":"product-type-simple","15":"add-to-wishlist-after_add_to_cart"},"acf":[],"_links":{"self":[{"href":"https:\/\/www.makitamarket.com.tr\/site\/wp-json\/wp\/v2\/product\/23048","targetHints":{"allow":["GET"]}}],"collection":[{"href":"https:\/\/www.makitamarket.com.tr\/site\/wp-json\/wp\/v2\/product"}],"about":[{"href":"https:\/\/www.makitamarket.com.tr\/site\/wp-json\/wp\/v2\/types\/product"}],"replies":[{"embeddable":true,"href":"https:\/\/www.makitamarket.com.tr\/site\/wp-json\/wp\/v2\/comments?post=23048"}],"wp:featuredmedia":[{"embeddable":true,"href":"https:\/\/www.makitamarket.com.tr\/site\/wp-json\/wp\/v2\/media\/10152"}],"wp:attachment":[{"href":"https:\/\/www.makitamarket.com.tr\/site\/wp-json\/wp\/v2\/media?parent=23048"}],"wp:term":[{"taxonomy":"product_brand","embeddable":true,"href":"https:\/\/www.makitamarket.com.tr\/site\/wp-json\/wp\/v2\/product_brand?post=23048"},{"taxonomy":"product_cat","embeddable":true,"href":"https:\/\/www.makitamarket.com.tr\/site\/wp-json\/wp\/v2\/product_cat?post=23048"},{"taxonomy":"product_tag","embeddable":true,"href":"https:\/\/www.makitamarket.com.tr\/site\/wp-json\/wp\/v2\/product_tag?post=23048"}],"curies":[{"name":"wp","href":"https:\/\/api.w.org\/{rel}","templated":true}]}}