{"id":23049,"date":"2025-01-06T16:36:41","date_gmt":"2025-01-06T13:36:41","guid":{"rendered":"https:\/\/www.makitamarket.com.tr\/site\/urun\/makita-hr2300-elektropnomatik-delici\/"},"modified":"2026-01-23T19:20:56","modified_gmt":"2026-01-23T16:20:56","slug":"makita-hr2300-elektropnomatik-delici","status":"publish","type":"product","link":"https:\/\/www.makitamarket.com.tr\/site\/urun\/makita-hr2300-elektropnomatik-delici\/","title":{"rendered":"Makita HR2300 ELEKTROPN\u00d6MAT\u0130K DEL\u0130C\u0130"},"content":{"rendered":"<p><strong class=\"red-title\" style=\"font-size: 16px;\">A\u00e7\u0131klama:<\/strong> <span><\/p>\n<p>Model HR2300<\/p>\n<p>Elektropn\u00f6matik Delici<\/p>\n<p>720 W \u2022 SDS-PLUS \u2022 23 mm \u2022 2.7 J<\/p>\n<p><span style=\"color: rgb(0, 112, 192);\">Delme ve darbeli delme i\u00e7in etkili bir model <\/span><\/p>\n<p>SDS-PLUS u\u00e7lar\u0131yla uyumlu elektropn\u00f6matik delici. Delme ve darbeli delme i\u00e7in uygundur.720 W g\u00fcc\u00fcnde ve dakikada 0-1.200 bo\u015fta devire sahiptir. 2.7 J darbe enerjisi ve betonda maksimum 23 mm delme kapasitesine sahiptir.<\/p>\n<p><span style=\"color: red;\">Kullan\u0131m amac\u0131: <\/span>Bu alet tu\u011flada,betonda ve ta\u015fta delme ve darbeli delme i\u015flemleri i\u00e7in tasarlanm\u0131\u015ft\u0131r.Ah\u015fap,metal,seramik ve plastikte darbesiz delme i\u015flemine de uygundur.<\/p>\n<p><u>\u00d6zellikleri:<\/u><\/p>\n<p><span style=\"color: red;\">G\u00fc\u00e7 Kayna\u011f\u0131: <\/span>Aletin, yaln\u0131zca isim levhas\u0131nda belirtilenle ayn\u0131 voltajl\u0131 g\u00fc\u00e7 kayna\u011f\u0131na ba\u011flanmas\u0131 gerekir ve yaln\u0131zca tek fazl\u0131 AC g\u00fc\u00e7 kayna\u011f\u0131yla \u00e7al\u0131\u015ft\u0131r\u0131labilir. \u00c7ifte yal\u0131t\u0131ml\u0131d\u0131r ve topraklamas\u0131z prizlerle de kullan\u0131labilir.<\/p>\n<ol>\n<li data-list=\"bullet\"><span class=\"ql-ui\" contenteditable=\"false\"><\/span>\u00c7ift yal\u0131t\u0131ml\u0131d\u0131r.<\/li>\n<li data-list=\"bullet\"><span class=\"ql-ui\" contenteditable=\"false\"><\/span>De\u011fi\u015fken h\u0131z \u00f6zelli\u011fi vard\u0131r.<\/li>\n<li data-list=\"bullet\"><span class=\"ql-ui\" contenteditable=\"false\"><\/span>Sa\u011f-sol d\u00f6n\u00fc\u015f ayarl\u0131d\u0131r.<\/li>\n<li data-list=\"bullet\"><span class=\"ql-ui\" contenteditable=\"false\"><\/span><span style=\"color: black;\">Tork s\u0131n\u0131rlay\u0131c\u0131 vard\u0131r.<\/span><\/li>\n<li data-list=\"bullet\"><span class=\"ql-ui\" contenteditable=\"false\"><\/span><span style=\"color: black;\">SDS-plus u\u00e7 tipine sahiptir.<\/span><\/li>\n<li data-list=\"bullet\"><span class=\"ql-ui\" contenteditable=\"false\"><\/span><span style=\"color: black;\">Toz emme \u00fcnitesi mevcuttur.<\/span><\/li>\n<li data-list=\"bullet\"><span class=\"ql-ui\" contenteditable=\"false\"><\/span><span style=\"color: black;\">Plastik ta\u015f\u0131ma \u00e7antal\u0131d\u0131r.<\/span><\/li>\n<\/ol>\n<p><span style=\"color: red;\">Mutlaka derinlik mesnedi ile kullan\u0131n\u0131z.<\/span><\/p>\n<p>Ambalaj i\u00e7eri\u011fi: Derinlik mesnedi, yan sap<\/p>\n<p><\/span><strong class=\"red-title\" style=\"font-size: 16px;\">Kullan\u0131m Amac\u0131:<\/strong> <span><\/p>\n<p><\/p>\n<p><\/span><strong class=\"red-title\" style=\"font-size: 16px;\">\u00d6zellikler:<\/strong> <span><\/p>\n<p><\/p>\n<p><\/span><strong class=\"red-title\" style=\"font-size: 16px;\">Paket \u0130\u00e7eri\u011fi:<\/strong> <span><\/p>\n<p><\/p>\n<p><\/span><\/p>\n<table>\n<tr>\n<td>S\u00fcrekli Ak\u0131m Giri\u015fi<\/td>\n<td>720W<\/td>\n<\/tr>\n<tr>\n<td>Kapasite<\/td>\n<td>Beton :23 mm,  \u00c7elik :13 mm,   Ah\u015fap :32mm<\/td>\n<\/tr>\n<tr>\n<td>Bo\u015fta Devir<\/td>\n<td>0-1,200 devir\/dk<\/td>\n<\/tr>\n<tr>\n<td>Net A\u011f\u0131rl\u0131k<\/td>\n<td>2.7<\/td>\n<\/tr>\n<tr>\n<td>Darbe enerjisi<\/td>\n<td>Deney sonucu: 2.6 Joule &#8211; EPTA De\u011feri : 2.3 Joule<\/td>\n<\/tr>\n<\/table>\n","protected":false},"excerpt":{"rendered":"<p><strong class=\"red-title\" style=\"font-size: 16px;\">A\u00e7\u0131klama:<\/strong> <span><\/p>\n<p>Model HR2300<\/p>\n<p>Elektropn\u00f6matik Delici<\/p>\n<p>720 W \u2022 SDS-PLUS \u2022 23 mm \u2022 2.7 J<\/p>\n<p><span style=\"color: rgb(0, 112, 192);\">Delme ve darbeli delme i\u00e7in etkili bir model <\/span><\/p>\n<p>SDS-PLUS u\u00e7lar\u0131yla uyumlu elektropn\u00f6matik delici. Delme ve darbeli delme i\u00e7in uygundur.720 W g\u00fcc\u00fcnde ve dakikada 0-1.200 bo\u015fta devire sahiptir. 2.7 J darbe enerjisi ve betonda maksimum 23 mm delme kapasitesine sahiptir.<\/p>\n<p><span style=\"color: red;\">Kullan\u0131m amac\u0131: <\/span>Bu alet tu\u011flada,betonda ve ta\u015fta delme ve darbeli delme i\u015flemleri i\u00e7in tasarlanm\u0131\u015ft\u0131r.Ah\u015fap,metal,seramik ve plastikte darbesiz delme i\u015flemine de uygundur.<\/p>\n<p><u>\u00d6zellikleri:<\/u><\/p>\n<p><span style=\"color: red;\">G\u00fc\u00e7 Kayna\u011f\u0131: <\/span>Aletin, yaln\u0131zca isim levhas\u0131nda belirtilenle ayn\u0131 voltajl\u0131 g\u00fc\u00e7 kayna\u011f\u0131na ba\u011flanmas\u0131 gerekir ve yaln\u0131zca tek fazl\u0131 AC g\u00fc\u00e7 kayna\u011f\u0131yla \u00e7al\u0131\u015ft\u0131r\u0131labilir. \u00c7ifte yal\u0131t\u0131ml\u0131d\u0131r ve topraklamas\u0131z prizlerle de kullan\u0131labilir.<\/p>\n<ol>\n<li data-list=\"bullet\"><span class=\"ql-ui\" contenteditable=\"false\"><\/span>\u00c7ift yal\u0131t\u0131ml\u0131d\u0131r.<\/li>\n<li data-list=\"bullet\"><span class=\"ql-ui\" contenteditable=\"false\"><\/span>De\u011fi\u015fken h\u0131z \u00f6zelli\u011fi vard\u0131r.<\/li>\n<li data-list=\"bullet\"><span class=\"ql-ui\" contenteditable=\"false\"><\/span>Sa\u011f-sol d\u00f6n\u00fc\u015f ayarl\u0131d\u0131r.<\/li>\n<li data-list=\"bullet\"><span class=\"ql-ui\" contenteditable=\"false\"><\/span><span style=\"color: black;\">Tork s\u0131n\u0131rlay\u0131c\u0131 vard\u0131r.<\/span><\/li>\n<li data-list=\"bullet\"><span class=\"ql-ui\" contenteditable=\"false\"><\/span><span style=\"color: black;\">SDS-plus u\u00e7 tipine sahiptir.<\/span><\/li>\n<li data-list=\"bullet\"><span class=\"ql-ui\" contenteditable=\"false\"><\/span><span style=\"color: black;\">Toz emme \u00fcnitesi mevcuttur.<\/span><\/li>\n<li data-list=\"bullet\"><span class=\"ql-ui\" contenteditable=\"false\"><\/span><span style=\"color: black;\">Plastik ta\u015f\u0131ma \u00e7antal\u0131d\u0131r.<\/span><\/li>\n<\/ol>\n<p><span style=\"color: red;\">Mutlaka derinlik mesnedi ile kullan\u0131n\u0131z.<\/span><\/p>\n<p>Ambalaj i\u00e7eri\u011fi: Derinlik mesnedi, yan sap<\/p>\n<p><\/span><strong class=\"red-title\" style=\"font-size: 16px;\">Kullan\u0131m Amac\u0131:<\/strong> <span><\/p>\n<p><\/p>\n<p><\/span><strong class=\"red-title\" style=\"font-size: 16px;\">\u00d6zellikler:<\/strong> <span><\/p>\n<p><\/p>\n<p><\/span><strong class=\"red-title\" style=\"font-size: 16px;\">Paket \u0130\u00e7eri\u011fi:<\/strong> <span><\/p>\n<p><\/p>\n<p><\/span><\/p>\n","protected":false},"featured_media":10153,"comment_status":"open","ping_status":"closed","template":"","meta":{"_acf_changed":false},"product_brand":[1485],"product_cat":[769],"product_tag":[],"class_list":{"0":"post-23049","1":"product","2":"type-product","3":"status-publish","4":"has-post-thumbnail","6":"product_brand-makita","7":"product_cat-insaat-grubu-elektrikli-ve-akulu-el-aletleri-elektrikli-ve-akulu-el-aletleri","9":"first","10":"outofstock","11":"taxable","12":"shipping-taxable","13":"purchasable","14":"product-type-simple","15":"add-to-wishlist-after_add_to_cart"},"acf":[],"_links":{"self":[{"href":"https:\/\/www.makitamarket.com.tr\/site\/wp-json\/wp\/v2\/product\/23049","targetHints":{"allow":["GET"]}}],"collection":[{"href":"https:\/\/www.makitamarket.com.tr\/site\/wp-json\/wp\/v2\/product"}],"about":[{"href":"https:\/\/www.makitamarket.com.tr\/site\/wp-json\/wp\/v2\/types\/product"}],"replies":[{"embeddable":true,"href":"https:\/\/www.makitamarket.com.tr\/site\/wp-json\/wp\/v2\/comments?post=23049"}],"wp:featuredmedia":[{"embeddable":true,"href":"https:\/\/www.makitamarket.com.tr\/site\/wp-json\/wp\/v2\/media\/10153"}],"wp:attachment":[{"href":"https:\/\/www.makitamarket.com.tr\/site\/wp-json\/wp\/v2\/media?parent=23049"}],"wp:term":[{"taxonomy":"product_brand","embeddable":true,"href":"https:\/\/www.makitamarket.com.tr\/site\/wp-json\/wp\/v2\/product_brand?post=23049"},{"taxonomy":"product_cat","embeddable":true,"href":"https:\/\/www.makitamarket.com.tr\/site\/wp-json\/wp\/v2\/product_cat?post=23049"},{"taxonomy":"product_tag","embeddable":true,"href":"https:\/\/www.makitamarket.com.tr\/site\/wp-json\/wp\/v2\/product_tag?post=23049"}],"curies":[{"name":"wp","href":"https:\/\/api.w.org\/{rel}","templated":true}]}}