{"id":23050,"date":"2025-01-06T16:36:41","date_gmt":"2025-01-06T13:36:41","guid":{"rendered":"https:\/\/www.makitamarket.com.tr\/site\/urun\/rainpump-qdx3-30-11-aluminyum-govdeli-dalgic-tip-temiz-su-pompasi\/"},"modified":"2025-11-16T05:25:32","modified_gmt":"2025-11-16T02:25:32","slug":"rainpump-qdx3-30-11-aluminyum-govdeli-dalgic-tip-temiz-su-pompasi","status":"publish","type":"product","link":"https:\/\/www.makitamarket.com.tr\/site\/urun\/rainpump-qdx3-30-11-aluminyum-govdeli-dalgic-tip-temiz-su-pompasi\/","title":{"rendered":"Rainpump QDX3-30-11 AL\u00dcM\u0130NYUM G\u00d6VDEL\u0130 DALGI\u00c7 T\u0130P TEM\u0130Z SU POMPASI"},"content":{"rendered":"<p>\n\t<span _fck_bookmark=\"1\" style=\"display: none;\">\u00a0<\/span><span _fck_bookmark=\"1\" style=\"display: none;\">\u00a0<\/span><\/p>\n<p>\n\t\u00a0<\/p>\n<p>\n\t<span _fck_bookmark=\"1\" style=\"display: none;\">\u00a0<\/span><\/p>\n<table>\n<tr>\n<td>G\u00fc\u00e7<\/td>\n<td>1.1kW &#8211; 1.5HP<\/td>\n<\/tr>\n<tr>\n<td>Voltaj<\/td>\n<td>220V (Monofaze)<\/td>\n<\/tr>\n<tr>\n<td>Kapasite m3\/saat<\/td>\n<td>9.5<\/td>\n<\/tr>\n<tr>\n<td>Y\u00fckseklik (m)<\/td>\n<td>30<\/td>\n<\/tr>\n<tr>\n<td>Max. dalma derinli\u011fi (m)<\/td>\n<td>5<\/td>\n<\/tr>\n<tr>\n<td>\u00c7\u0131k\u0131\u015f \u00e7ap\u0131<\/td>\n<td>1&#8243;<\/td>\n<\/tr>\n<tr>\n<td>Su s\u0131cakl\u0131\u011f\u0131<\/td>\n<td>40\u00b0C<\/td>\n<\/tr>\n<tr>\n<td>Max. kat\u0131 par\u00e7a (mm)<\/td>\n<td>5<\/td>\n<\/tr>\n<tr>\n<td>Temiz \/ kirli su<\/td>\n<td>Temiz<\/td>\n<\/tr>\n<tr>\n<td>\u00d6l\u00e7\u00fc (mm)<\/td>\n<td>440x220x205<\/td>\n<\/tr>\n<tr>\n<td>A\u011f\u0131rl\u0131k (Kg)<\/td>\n<td>13,5<\/td>\n<\/tr>\n<\/table>\n","protected":false},"excerpt":{"rendered":"<p>\n\t<span _fck_bookmark=\"1\" style=\"display: none;\">\u00a0<\/span><span _fck_bookmark=\"1\" style=\"display: none;\">\u00a0<\/span><\/p>\n<p>\n\t\u00a0<\/p>\n<p>\n\t<span _fck_bookmark=\"1\" style=\"display: none;\">\u00a0<\/span><\/p>\n","protected":false},"featured_media":10156,"comment_status":"open","ping_status":"closed","template":"","meta":{"_acf_changed":false},"product_brand":[1517],"product_cat":[928],"product_tag":[],"class_list":{"0":"post-23050","1":"product","2":"type-product","3":"status-publish","4":"has-post-thumbnail","6":"product_brand-rainpump","7":"product_cat-aluminyum-govdeli-pompalar","9":"first","10":"outofstock","11":"taxable","12":"shipping-taxable","13":"purchasable","14":"product-type-simple","15":"add-to-wishlist-after_add_to_cart"},"acf":[],"_links":{"self":[{"href":"https:\/\/www.makitamarket.com.tr\/site\/wp-json\/wp\/v2\/product\/23050","targetHints":{"allow":["GET"]}}],"collection":[{"href":"https:\/\/www.makitamarket.com.tr\/site\/wp-json\/wp\/v2\/product"}],"about":[{"href":"https:\/\/www.makitamarket.com.tr\/site\/wp-json\/wp\/v2\/types\/product"}],"replies":[{"embeddable":true,"href":"https:\/\/www.makitamarket.com.tr\/site\/wp-json\/wp\/v2\/comments?post=23050"}],"wp:featuredmedia":[{"embeddable":true,"href":"https:\/\/www.makitamarket.com.tr\/site\/wp-json\/wp\/v2\/media\/10156"}],"wp:attachment":[{"href":"https:\/\/www.makitamarket.com.tr\/site\/wp-json\/wp\/v2\/media?parent=23050"}],"wp:term":[{"taxonomy":"product_brand","embeddable":true,"href":"https:\/\/www.makitamarket.com.tr\/site\/wp-json\/wp\/v2\/product_brand?post=23050"},{"taxonomy":"product_cat","embeddable":true,"href":"https:\/\/www.makitamarket.com.tr\/site\/wp-json\/wp\/v2\/product_cat?post=23050"},{"taxonomy":"product_tag","embeddable":true,"href":"https:\/\/www.makitamarket.com.tr\/site\/wp-json\/wp\/v2\/product_tag?post=23050"}],"curies":[{"name":"wp","href":"https:\/\/api.w.org\/{rel}","templated":true}]}}