{"id":23055,"date":"2025-01-06T16:36:44","date_gmt":"2025-01-06T13:36:44","guid":{"rendered":"https:\/\/www.makitamarket.com.tr\/site\/urun\/daye-dy1013z-duraklamali-topraga-gommeli-fiskiye\/"},"modified":"2026-03-30T07:42:24","modified_gmt":"2026-03-30T04:42:24","slug":"daye-dy1013z-duraklamali-topraga-gommeli-fiskiye","status":"publish","type":"product","link":"https:\/\/www.makitamarket.com.tr\/site\/urun\/daye-dy1013z-duraklamali-topraga-gommeli-fiskiye\/","title":{"rendered":"Daye DY1013Z DURAKLAMALI TOPRA\u011eA G\u00d6MMEL\u0130 FISK\u0130YE"},"content":{"rendered":"<p>\n\tMetal Ayakl\u0131<\/p>\n<table>\n<tr>\n<td>Paket Adedi<\/td>\n<td>48<\/td>\n<\/tr>\n<tr>\n<td>EAN Kod<\/td>\n<td>8698216401210<\/td>\n<\/tr>\n<\/table>\n","protected":false},"excerpt":{"rendered":"<p>\n\tMetal Ayakl\u0131<\/p>\n","protected":false},"featured_media":10182,"comment_status":"open","ping_status":"closed","template":"","meta":{"_acf_changed":false},"product_brand":[1520],"product_cat":[881],"product_tag":[],"class_list":{"0":"post-23055","1":"product","2":"type-product","3":"status-publish","4":"has-post-thumbnail","6":"product_brand-daye","7":"product_cat-bahce-sulama-aletleri","9":"first","10":"outofstock","11":"taxable","12":"shipping-taxable","13":"purchasable","14":"product-type-simple","15":"add-to-wishlist-after_add_to_cart"},"acf":[],"_links":{"self":[{"href":"https:\/\/www.makitamarket.com.tr\/site\/wp-json\/wp\/v2\/product\/23055","targetHints":{"allow":["GET"]}}],"collection":[{"href":"https:\/\/www.makitamarket.com.tr\/site\/wp-json\/wp\/v2\/product"}],"about":[{"href":"https:\/\/www.makitamarket.com.tr\/site\/wp-json\/wp\/v2\/types\/product"}],"replies":[{"embeddable":true,"href":"https:\/\/www.makitamarket.com.tr\/site\/wp-json\/wp\/v2\/comments?post=23055"}],"wp:featuredmedia":[{"embeddable":true,"href":"https:\/\/www.makitamarket.com.tr\/site\/wp-json\/wp\/v2\/media\/10182"}],"wp:attachment":[{"href":"https:\/\/www.makitamarket.com.tr\/site\/wp-json\/wp\/v2\/media?parent=23055"}],"wp:term":[{"taxonomy":"product_brand","embeddable":true,"href":"https:\/\/www.makitamarket.com.tr\/site\/wp-json\/wp\/v2\/product_brand?post=23055"},{"taxonomy":"product_cat","embeddable":true,"href":"https:\/\/www.makitamarket.com.tr\/site\/wp-json\/wp\/v2\/product_cat?post=23055"},{"taxonomy":"product_tag","embeddable":true,"href":"https:\/\/www.makitamarket.com.tr\/site\/wp-json\/wp\/v2\/product_tag?post=23055"}],"curies":[{"name":"wp","href":"https:\/\/api.w.org\/{rel}","templated":true}]}}