{"id":23056,"date":"2025-01-06T16:36:45","date_gmt":"2025-01-06T13:36:45","guid":{"rendered":"https:\/\/www.makitamarket.com.tr\/site\/urun\/gison-gp853d-havali-silikon-tabancasi\/"},"modified":"2026-04-06T13:09:06","modified_gmt":"2026-04-06T10:09:06","slug":"gison-gp853d-havali-silikon-tabancasi","status":"publish","type":"product","link":"https:\/\/www.makitamarket.com.tr\/site\/urun\/gison-gp853d-havali-silikon-tabancasi\/","title":{"rendered":"Gison GP853D HAVALI S\u0130L\u0130KON TABANCASI"},"content":{"rendered":"<table>\n<tr>\n<td>Kartu\u015f Kapasitesi<\/td>\n<td>9, 11, 13 oz<\/td>\n<\/tr>\n<tr>\n<td>Sosis Kapasitesi<\/td>\n<td>9, 11, 13, 15 oz<\/td>\n<\/tr>\n<tr>\n<td>Net A\u011f\u0131rl\u0131k (kg)<\/td>\n<td>1.20 kg<\/td>\n<\/tr>\n<tr>\n<td>Uzunluk<\/td>\n<td>375 mm.<\/td>\n<\/tr>\n<tr>\n<td>Hava Bas\u0131nc\u0131<\/td>\n<td><\/td>\n<\/tr>\n<tr>\n<td>Koli Adedi<\/td>\n<td>10 adet<\/td>\n<\/tr>\n<\/table>\n","protected":false},"excerpt":{"rendered":"<p>Kartu\u015f Kapasitesi 9, 11, 13 oz Sosis Kapasitesi 9, 11, 13, 15 oz Net A\u011f\u0131rl\u0131k (kg) 1.20 kg Uzunluk 375 mm. Hava Bas\u0131nc\u0131 Koli Adedi 10 adet<\/p>\n","protected":false},"featured_media":10184,"comment_status":"open","ping_status":"closed","template":"","meta":{"_acf_changed":false},"product_brand":[1512],"product_cat":[1040],"product_tag":[],"class_list":{"0":"post-23056","1":"product","2":"type-product","3":"status-publish","4":"has-post-thumbnail","6":"product_brand-gison","7":"product_cat-havali-tabancalar","9":"first","10":"outofstock","11":"taxable","12":"shipping-taxable","13":"purchasable","14":"product-type-simple","15":"add-to-wishlist-after_add_to_cart"},"acf":[],"_links":{"self":[{"href":"https:\/\/www.makitamarket.com.tr\/site\/wp-json\/wp\/v2\/product\/23056","targetHints":{"allow":["GET"]}}],"collection":[{"href":"https:\/\/www.makitamarket.com.tr\/site\/wp-json\/wp\/v2\/product"}],"about":[{"href":"https:\/\/www.makitamarket.com.tr\/site\/wp-json\/wp\/v2\/types\/product"}],"replies":[{"embeddable":true,"href":"https:\/\/www.makitamarket.com.tr\/site\/wp-json\/wp\/v2\/comments?post=23056"}],"wp:featuredmedia":[{"embeddable":true,"href":"https:\/\/www.makitamarket.com.tr\/site\/wp-json\/wp\/v2\/media\/10184"}],"wp:attachment":[{"href":"https:\/\/www.makitamarket.com.tr\/site\/wp-json\/wp\/v2\/media?parent=23056"}],"wp:term":[{"taxonomy":"product_brand","embeddable":true,"href":"https:\/\/www.makitamarket.com.tr\/site\/wp-json\/wp\/v2\/product_brand?post=23056"},{"taxonomy":"product_cat","embeddable":true,"href":"https:\/\/www.makitamarket.com.tr\/site\/wp-json\/wp\/v2\/product_cat?post=23056"},{"taxonomy":"product_tag","embeddable":true,"href":"https:\/\/www.makitamarket.com.tr\/site\/wp-json\/wp\/v2\/product_tag?post=23056"}],"curies":[{"name":"wp","href":"https:\/\/api.w.org\/{rel}","templated":true}]}}