{"id":23062,"date":"2025-01-06T16:36:47","date_gmt":"2025-01-06T13:36:47","guid":{"rendered":"https:\/\/www.makitamarket.com.tr\/site\/urun\/fini-yago-185-yagsiz-kompresor-8-116-bar-psi\/"},"modified":"2026-01-23T12:40:33","modified_gmt":"2026-01-23T09:40:33","slug":"fini-yago-185-yagsiz-kompresor-8-116-bar-psi","status":"publish","type":"product","link":"https:\/\/www.makitamarket.com.tr\/site\/urun\/fini-yago-185-yagsiz-kompresor-8-116-bar-psi\/","title":{"rendered":"Fini YAGO 185 YA\u011eSIZ KOMPRES\u00d6R 8\/116 bar &#8211; psi"},"content":{"rendered":"<table>\n<tr>\n<td>G\u00fc\u00e7<\/td>\n<td>1.1kW \/ 1.5Hp<\/td>\n<\/tr>\n<tr>\n<td>Hava giri\u015fi (lt\/d-m3\/saat)<\/td>\n<td>179 \/ 10.7<\/td>\n<\/tr>\n<tr>\n<td>Bas\u0131n\u00e7 (bar-psi)<\/td>\n<td>8 \/116<\/td>\n<\/tr>\n<tr>\n<td>Net A\u011f\u0131rl\u0131k<\/td>\n<td>9 kg<\/td>\n<\/tr>\n<tr>\n<td>\u00d6l\u00e7\u00fcler<\/td>\n<td>31 x 20.5 x 32.5 cm<\/td>\n<\/tr>\n<tr>\n<td>Depo Hacmi<\/td>\n<td>Deposuz<\/td>\n<\/tr>\n<tr>\n<td>Ses D\u00fczeyi (dbA)<\/td>\n<td>90<\/td>\n<\/tr>\n<\/table>\n","protected":false},"excerpt":{"rendered":"<p>G\u00fc\u00e7 1.1kW \/ 1.5Hp Hava giri\u015fi (lt\/d-m3\/saat) 179 \/ 10.7 Bas\u0131n\u00e7 (bar-psi) 8 \/116 Net A\u011f\u0131rl\u0131k 9 kg \u00d6l\u00e7\u00fcler 31 x 20.5 x 32.5 cm Depo Hacmi Deposuz Ses D\u00fczeyi<\/p>\n","protected":false},"featured_media":10216,"comment_status":"open","ping_status":"closed","template":"","meta":{"_acf_changed":false},"product_brand":[1505],"product_cat":[756],"product_tag":[],"class_list":{"0":"post-23062","1":"product","2":"type-product","3":"status-publish","4":"has-post-thumbnail","6":"product_brand-fini","7":"product_cat-kompresorler","9":"first","10":"outofstock","11":"taxable","12":"shipping-taxable","13":"purchasable","14":"product-type-simple","15":"add-to-wishlist-after_add_to_cart"},"acf":[],"_links":{"self":[{"href":"https:\/\/www.makitamarket.com.tr\/site\/wp-json\/wp\/v2\/product\/23062","targetHints":{"allow":["GET"]}}],"collection":[{"href":"https:\/\/www.makitamarket.com.tr\/site\/wp-json\/wp\/v2\/product"}],"about":[{"href":"https:\/\/www.makitamarket.com.tr\/site\/wp-json\/wp\/v2\/types\/product"}],"replies":[{"embeddable":true,"href":"https:\/\/www.makitamarket.com.tr\/site\/wp-json\/wp\/v2\/comments?post=23062"}],"wp:featuredmedia":[{"embeddable":true,"href":"https:\/\/www.makitamarket.com.tr\/site\/wp-json\/wp\/v2\/media\/10216"}],"wp:attachment":[{"href":"https:\/\/www.makitamarket.com.tr\/site\/wp-json\/wp\/v2\/media?parent=23062"}],"wp:term":[{"taxonomy":"product_brand","embeddable":true,"href":"https:\/\/www.makitamarket.com.tr\/site\/wp-json\/wp\/v2\/product_brand?post=23062"},{"taxonomy":"product_cat","embeddable":true,"href":"https:\/\/www.makitamarket.com.tr\/site\/wp-json\/wp\/v2\/product_cat?post=23062"},{"taxonomy":"product_tag","embeddable":true,"href":"https:\/\/www.makitamarket.com.tr\/site\/wp-json\/wp\/v2\/product_tag?post=23062"}],"curies":[{"name":"wp","href":"https:\/\/api.w.org\/{rel}","templated":true}]}}