{"id":23063,"date":"2025-01-06T16:36:50","date_gmt":"2025-01-06T13:36:50","guid":{"rendered":"https:\/\/www.makitamarket.com.tr\/site\/urun\/makita-hp2051-darbeli-matkap\/"},"modified":"2026-03-30T07:43:30","modified_gmt":"2026-03-30T04:43:30","slug":"makita-hp2051-darbeli-matkap","status":"publish","type":"product","link":"https:\/\/www.makitamarket.com.tr\/site\/urun\/makita-hp2051-darbeli-matkap\/","title":{"rendered":"Makita HP2051 DARBEL\u0130 MATKAP"},"content":{"rendered":"<p>Model HP2051<\/p>\n<p>Darbeli Matkap 3\/4\u201d<\/p>\n<p>720 W \u2022 20 mm \u2022 0 \u2013 2.900 dak\u207b\u00b9<\/p>\n<p><span style=\"color: rgb(0, 112, 192);\">Darbeli delme fonksiyonuna &nbsp;ve iki g\u00fc\u00e7 ayar\u0131an sahip kompakt darbeli matkap modeli<\/span><\/p>\n<p>\u0130ki g\u00fc\u00e7 ayar\u0131na sahip, 720 W&#8217;l\u0131k verimli bir darbeli matkap modeli. 20 mm&#8217;lik beton delme kapasitesine sahiptir. Di\u015fli u\u00e7 tutucu i\u00e7in sa\u011flam al\u00fcminyum g\u00f6vde ve matkap ucu s\u0131k\u0131\u015f\u0131rsa motoru durdurmak i\u00e7in emniyet kavramas\u0131 mevcuttur. Dakikada 0-1.200\/2.900 bo\u015fta devire sahiptir.<\/p>\n<p><span style=\"color: red;\">Kullan\u0131m amac\u0131: <\/span>Bu alet ile tu\u011fla,beton ve ta\u015f i\u00e7erisinde darbeli delme ve tahta,metal,seramik ve plastik i\u00e7erisinde darbesiz delme ama\u00e7lanm\u0131\u015ft\u0131r.<\/p>\n<p><u>\u00d6zellikleri:<\/u><\/p>\n<p><span style=\"color: red;\">G\u00fc\u00e7 Kayna\u011f\u0131: <\/span>Aletin, yaln\u0131zca isim levhas\u0131nda belirtilenle ayn\u0131 voltajl\u0131 g\u00fc\u00e7 kayna\u011f\u0131na ba\u011flanmas\u0131 gerekir ve yaln\u0131zca tek fazl\u0131 AC g\u00fc\u00e7 kayna\u011f\u0131yla \u00e7al\u0131\u015ft\u0131r\u0131labilir. \u00c7ifte yal\u0131t\u0131ml\u0131d\u0131r ve topraklamas\u0131z prizlerle de kullan\u0131labilir.<\/p>\n<ol>\n<li data-list=\"bullet\"><span class=\"ql-ui\" contenteditable=\"false\"><\/span>\u00c7ift yal\u0131t\u0131ml\u0131d\u0131r.<\/li>\n<li data-list=\"bullet\"><span class=\"ql-ui\" contenteditable=\"false\"><\/span>De\u011fi\u015fken h\u0131z \u00f6zelli\u011fi vard\u0131r.<\/li>\n<li data-list=\"bullet\"><span class=\"ql-ui\" contenteditable=\"false\"><\/span>Sa\u011f-sol d\u00f6n\u00fc\u015f ayarl\u0131d\u0131r.<\/li>\n<li data-list=\"bullet\"><span class=\"ql-ui\" contenteditable=\"false\"><\/span>Manuel 2 h\u0131z mevcuttur.<\/li>\n<li data-list=\"bullet\"><span class=\"ql-ui\" contenteditable=\"false\"><\/span>Tork s\u0131n\u0131rlay\u0131c\u0131 vard\u0131r.<\/li>\n<li data-list=\"bullet\"><span class=\"ql-ui\" contenteditable=\"false\"><\/span>Otomatik mandrenlidir.<\/li>\n<li data-list=\"bullet\"><span class=\"ql-ui\" contenteditable=\"false\"><\/span>Plastik ta\u015f\u0131ma \u00e7antal\u0131d\u0131r.<\/li>\n<\/ol>\n<p>Ambalaj i\u00e7eri\u011fi: Derinlik mesnedi, yan sap <\/p>\n<table>\n<tr>\n<td>S\u00fcrekli Ak\u0131m Giri\u015fi<\/td>\n<td>720W<\/td>\n<\/tr>\n<tr>\n<td>Kapasite<\/td>\n<td>1.devir\/2.devir Beton:20mm, \u00c7elik:13\/8mm, Ah\u015fap:40\/25 mm<\/td>\n<\/tr>\n<tr>\n<td>Bo\u015fta Devir<\/td>\n<td>0-1,200\/2,900 devir\/dk<\/td>\n<\/tr>\n<tr>\n<td>Net A\u011f\u0131rl\u0131k<\/td>\n<td>2.5<\/td>\n<\/tr>\n<tr>\n<td>Mandren<\/td>\n<td>1\/2&#8243;<\/td>\n<\/tr>\n<\/table>\n","protected":false},"excerpt":{"rendered":"<p>Model HP2051<\/p>\n<p>Darbeli Matkap 3\/4\u201d<\/p>\n<p>720 W \u2022 20 mm \u2022 0 \u2013 2.900 dak\u207b\u00b9<\/p>\n<p><span style=\"color: rgb(0, 112, 192);\">Darbeli delme fonksiyonuna &nbsp;ve iki g\u00fc\u00e7 ayar\u0131an sahip kompakt darbeli matkap modeli<\/span><\/p>\n<p>\u0130ki g\u00fc\u00e7 ayar\u0131na sahip, 720 W&#8217;l\u0131k verimli bir darbeli matkap modeli. 20 mm&#8217;lik beton delme kapasitesine sahiptir. Di\u015fli u\u00e7 tutucu i\u00e7in sa\u011flam al\u00fcminyum g\u00f6vde ve matkap ucu s\u0131k\u0131\u015f\u0131rsa motoru durdurmak i\u00e7in emniyet kavramas\u0131 mevcuttur. Dakikada 0-1.200\/2.900 bo\u015fta devire sahiptir.<\/p>\n<p><span style=\"color: red;\">Kullan\u0131m amac\u0131: <\/span>Bu alet ile tu\u011fla,beton ve ta\u015f i\u00e7erisinde darbeli delme ve tahta,metal,seramik ve plastik i\u00e7erisinde darbesiz delme ama\u00e7lanm\u0131\u015ft\u0131r.<\/p>\n<p><u>\u00d6zellikleri:<\/u><\/p>\n<p><span style=\"color: red;\">G\u00fc\u00e7 Kayna\u011f\u0131: <\/span>Aletin, yaln\u0131zca isim levhas\u0131nda belirtilenle ayn\u0131 voltajl\u0131 g\u00fc\u00e7 kayna\u011f\u0131na ba\u011flanmas\u0131 gerekir ve yaln\u0131zca tek fazl\u0131 AC g\u00fc\u00e7 kayna\u011f\u0131yla \u00e7al\u0131\u015ft\u0131r\u0131labilir. \u00c7ifte yal\u0131t\u0131ml\u0131d\u0131r ve topraklamas\u0131z prizlerle de kullan\u0131labilir.<\/p>\n<ol>\n<li data-list=\"bullet\"><span class=\"ql-ui\" contenteditable=\"false\"><\/span>\u00c7ift yal\u0131t\u0131ml\u0131d\u0131r.<\/li>\n<li data-list=\"bullet\"><span class=\"ql-ui\" contenteditable=\"false\"><\/span>De\u011fi\u015fken h\u0131z \u00f6zelli\u011fi vard\u0131r.<\/li>\n<li data-list=\"bullet\"><span class=\"ql-ui\" contenteditable=\"false\"><\/span>Sa\u011f-sol d\u00f6n\u00fc\u015f ayarl\u0131d\u0131r.<\/li>\n<li data-list=\"bullet\"><span class=\"ql-ui\" contenteditable=\"false\"><\/span>Manuel 2 h\u0131z mevcuttur.<\/li>\n<li data-list=\"bullet\"><span class=\"ql-ui\" contenteditable=\"false\"><\/span>Tork s\u0131n\u0131rlay\u0131c\u0131 vard\u0131r.<\/li>\n<li data-list=\"bullet\"><span class=\"ql-ui\" contenteditable=\"false\"><\/span>Otomatik mandrenlidir.<\/li>\n<li data-list=\"bullet\"><span class=\"ql-ui\" contenteditable=\"false\"><\/span>Plastik ta\u015f\u0131ma \u00e7antal\u0131d\u0131r.<\/li>\n<\/ol>\n<p>Ambalaj i\u00e7eri\u011fi: Derinlik mesnedi, yan sap <\/p>\n","protected":false},"featured_media":10265,"comment_status":"open","ping_status":"closed","template":"","meta":{"_acf_changed":false},"product_brand":[1485],"product_cat":[1012],"product_tag":[],"class_list":{"0":"post-23063","1":"product","2":"type-product","3":"status-publish","4":"has-post-thumbnail","6":"product_brand-makita","7":"product_cat-darbeli-matkaplar","9":"first","10":"instock","11":"taxable","12":"shipping-taxable","13":"purchasable","14":"product-type-simple","15":"add-to-wishlist-after_add_to_cart"},"acf":[],"_links":{"self":[{"href":"https:\/\/www.makitamarket.com.tr\/site\/wp-json\/wp\/v2\/product\/23063","targetHints":{"allow":["GET"]}}],"collection":[{"href":"https:\/\/www.makitamarket.com.tr\/site\/wp-json\/wp\/v2\/product"}],"about":[{"href":"https:\/\/www.makitamarket.com.tr\/site\/wp-json\/wp\/v2\/types\/product"}],"replies":[{"embeddable":true,"href":"https:\/\/www.makitamarket.com.tr\/site\/wp-json\/wp\/v2\/comments?post=23063"}],"wp:featuredmedia":[{"embeddable":true,"href":"https:\/\/www.makitamarket.com.tr\/site\/wp-json\/wp\/v2\/media\/10265"}],"wp:attachment":[{"href":"https:\/\/www.makitamarket.com.tr\/site\/wp-json\/wp\/v2\/media?parent=23063"}],"wp:term":[{"taxonomy":"product_brand","embeddable":true,"href":"https:\/\/www.makitamarket.com.tr\/site\/wp-json\/wp\/v2\/product_brand?post=23063"},{"taxonomy":"product_cat","embeddable":true,"href":"https:\/\/www.makitamarket.com.tr\/site\/wp-json\/wp\/v2\/product_cat?post=23063"},{"taxonomy":"product_tag","embeddable":true,"href":"https:\/\/www.makitamarket.com.tr\/site\/wp-json\/wp\/v2\/product_tag?post=23063"}],"curies":[{"name":"wp","href":"https:\/\/api.w.org\/{rel}","templated":true}]}}