{"id":23069,"date":"2025-01-06T16:36:55","date_gmt":"2025-01-06T13:36:55","guid":{"rendered":"https:\/\/www.makitamarket.com.tr\/site\/urun\/gison-gw12c-3-8-havali-somun-sikma\/"},"modified":"2026-04-06T13:13:10","modified_gmt":"2026-04-06T10:13:10","slug":"gison-gw12c-3-8-havali-somun-sikma","status":"publish","type":"product","link":"https:\/\/www.makitamarket.com.tr\/site\/urun\/gison-gw12c-3-8-havali-somun-sikma\/","title":{"rendered":"Gison GW12C 3\/8&#8243; HAVALI SOMUN SIKMA"},"content":{"rendered":"<div>\n\t\u2022<span style=\"color: rgb(255, 0, 0);\"><strong>\u00a0Orta ve Orta-A\u011f\u0131r Hizmet<\/strong><\/span><\/div>\n<div>\n\t\u2022<strong><span style=\"color: rgb(255, 0, 0);\">\u00a0<\/span><\/strong>H\u0131zl\u0131 Hava Ba\u011flant\u0131s\u0131\u00a0<\/div>\n<div>\n\t<strong>Kullan\u0131m Alanlar\u0131 :\u00a0<\/strong><\/div>\n<div>\n\tK\u00fc\u00e7\u00fck \u00e7apl\u0131 motor \/ otomotiv tamiratlar\u0131 ve benzer onar\u0131m i\u015fleri.<\/div>\n<table>\n<tr>\n<td>Soket \u00d6l\u00e7\u00fcs\u00fc<\/td>\n<td>3\/8&#8243; (9.5 mm.)<\/td>\n<\/tr>\n<tr>\n<td>Sosis Kapasitesi<\/td>\n<td>13 mm.<\/td>\n<\/tr>\n<tr>\n<td>Tork G\u00fcc\u00fc<\/td>\n<td>24.4 kg.m (244 Nm)<\/td>\n<\/tr>\n<tr>\n<td>Net A\u011f\u0131rl\u0131k<\/td>\n<td>1.50 kg.<\/td>\n<\/tr>\n<tr>\n<td>Uzunluk<\/td>\n<td>155 mm.<\/td>\n<\/tr>\n<tr>\n<td>Hava T\u00fcketimi<\/td>\n<td>0.20 m\u00b3\/dak<\/td>\n<\/tr>\n<tr>\n<td>Hava Giri\u015fi<\/td>\n<td>1\/4&#8243;<\/td>\n<\/tr>\n<tr>\n<td>Hortum \u00d6l\u00e7\u00fcs\u00fc <\/td>\n<td>6.5 mm.<\/td>\n<\/tr>\n<tr>\n<td>G\u00fcr\u00fclt\u00fc Seviyesi<\/td>\n<td>88 dBA<\/td>\n<\/tr>\n<tr>\n<td>Sars\u0131nt\u0131 Seviyesi<\/td>\n<td>2.8 m\/S\u00b2<\/td>\n<\/tr>\n<tr>\n<td>Hava Bas\u0131nc\u0131<\/td>\n<td>90 psi (6.3 kg\/cm\u00b3)<\/td>\n<\/tr>\n<tr>\n<td>Mekanizma<\/td>\n<td>Jumbo Hammer<\/td>\n<\/tr>\n<tr>\n<td>Standart\u0131<\/td>\n<td>CE-Made in Taiwan<\/td>\n<\/tr>\n<\/table>\n","protected":false},"excerpt":{"rendered":"<div>\n\t\u2022<span style=\"color: rgb(255, 0, 0);\"><strong>\u00a0Orta ve Orta-A\u011f\u0131r Hizmet<\/strong><\/span><\/div>\n<div>\n\t\u2022<strong><span style=\"color: rgb(255, 0, 0);\">\u00a0<\/span><\/strong>H\u0131zl\u0131 Hava Ba\u011flant\u0131s\u0131\u00a0<\/div>\n<div>\n\t<strong>Kullan\u0131m Alanlar\u0131 :\u00a0<\/strong><\/div>\n<div>\n\tK\u00fc\u00e7\u00fck \u00e7apl\u0131 motor \/ otomotiv tamiratlar\u0131 ve benzer onar\u0131m i\u015fleri.<\/div>\n","protected":false},"featured_media":10336,"comment_status":"open","ping_status":"closed","template":"","meta":{"_acf_changed":false},"product_brand":[1512],"product_cat":[880],"product_tag":[],"class_list":{"0":"post-23069","1":"product","2":"type-product","3":"status-publish","4":"has-post-thumbnail","6":"product_brand-gison","7":"product_cat-havali-somun-sikmalar","9":"first","10":"instock","11":"taxable","12":"shipping-taxable","13":"purchasable","14":"product-type-simple","15":"add-to-wishlist-after_add_to_cart"},"acf":[],"_links":{"self":[{"href":"https:\/\/www.makitamarket.com.tr\/site\/wp-json\/wp\/v2\/product\/23069","targetHints":{"allow":["GET"]}}],"collection":[{"href":"https:\/\/www.makitamarket.com.tr\/site\/wp-json\/wp\/v2\/product"}],"about":[{"href":"https:\/\/www.makitamarket.com.tr\/site\/wp-json\/wp\/v2\/types\/product"}],"replies":[{"embeddable":true,"href":"https:\/\/www.makitamarket.com.tr\/site\/wp-json\/wp\/v2\/comments?post=23069"}],"wp:featuredmedia":[{"embeddable":true,"href":"https:\/\/www.makitamarket.com.tr\/site\/wp-json\/wp\/v2\/media\/10336"}],"wp:attachment":[{"href":"https:\/\/www.makitamarket.com.tr\/site\/wp-json\/wp\/v2\/media?parent=23069"}],"wp:term":[{"taxonomy":"product_brand","embeddable":true,"href":"https:\/\/www.makitamarket.com.tr\/site\/wp-json\/wp\/v2\/product_brand?post=23069"},{"taxonomy":"product_cat","embeddable":true,"href":"https:\/\/www.makitamarket.com.tr\/site\/wp-json\/wp\/v2\/product_cat?post=23069"},{"taxonomy":"product_tag","embeddable":true,"href":"https:\/\/www.makitamarket.com.tr\/site\/wp-json\/wp\/v2\/product_tag?post=23069"}],"curies":[{"name":"wp","href":"https:\/\/api.w.org\/{rel}","templated":true}]}}