{"id":23075,"date":"2025-01-06T16:36:58","date_gmt":"2025-01-06T13:36:58","guid":{"rendered":"https:\/\/www.makitamarket.com.tr\/site\/urun\/proxxon-24555-pd250-e-icin-8x8x80-mm\/"},"modified":"2026-03-30T07:45:33","modified_gmt":"2026-03-30T04:45:33","slug":"proxxon-24555-pd250-e-icin-8x8x80-mm","status":"publish","type":"product","link":"https:\/\/www.makitamarket.com.tr\/site\/urun\/proxxon-24555-pd250-e-icin-8x8x80-mm\/","title":{"rendered":"Proxxon 24555 PD250\/E \u0130\u00c7\u0130N 8x8x80 mm"},"content":{"rendered":"<div>\n\t<span style=\"font-family: tahoma, geneva, sans-serif;\"><strong>1-<\/strong>\u00c7apak alma;<\/span><\/div>\n<div>\n\t<span style=\"font-family: tahoma, geneva, sans-serif;\"><strong>2-<\/strong>Uzunlamas\u0131na \u00e7al\u0131\u015fma;<\/span><\/div>\n<div>\n\t<span style=\"font-family: tahoma, geneva, sans-serif;\"><strong>3-<\/strong>90 mm oyuk \u00e7ubu\u011fu i\u00e7in, 12 mm&#8217;den b\u00fcy\u00fck delikler i\u00e7in.<\/span><\/div>\n<div>\n\t<span style=\"font-size:12px;\"><span style=\"font-family:tahoma,geneva,sans-serif;\">Standart tungsten par\u00e7alar, 55\u00b0 kaplamal\u0131.\u00dc\u00e7 adet vida ve TX 8 anahtar i\u00e7in ilave par\u00e7a dahildir.<\/span><\/span><\/div>\n<table><\/table>\n","protected":false},"excerpt":{"rendered":"<div>\n\t<span style=\"font-family: tahoma, geneva, sans-serif;\"><strong>1-<\/strong>\u00c7apak alma;<\/span><\/div>\n<div>\n\t<span style=\"font-family: tahoma, geneva, sans-serif;\"><strong>2-<\/strong>Uzunlamas\u0131na \u00e7al\u0131\u015fma;<\/span><\/div>\n<div>\n\t<span style=\"font-family: tahoma, geneva, sans-serif;\"><strong>3-<\/strong>90 mm oyuk \u00e7ubu\u011fu i\u00e7in, 12 mm&#8217;den b\u00fcy\u00fck delikler i\u00e7in.<\/span><\/div>\n<div>\n\t<span style=\"font-size:12px;\"><span style=\"font-family:tahoma,geneva,sans-serif;\">Standart tungsten par\u00e7alar, 55\u00b0 kaplamal\u0131.\u00dc\u00e7 adet vida ve TX 8 anahtar i\u00e7in ilave par\u00e7a dahildir.<\/span><\/span><\/div>\n","protected":false},"featured_media":10381,"comment_status":"open","ping_status":"closed","template":"","meta":{"_acf_changed":false},"product_brand":[1501],"product_cat":[926],"product_tag":[],"class_list":{"0":"post-23075","1":"product","2":"type-product","3":"status-publish","4":"has-post-thumbnail","6":"product_brand-proxxon","7":"product_cat-aksesuarlar-mikro-aletleri","9":"first","10":"instock","11":"taxable","12":"shipping-taxable","13":"purchasable","14":"product-type-simple","15":"add-to-wishlist-after_add_to_cart"},"acf":[],"_links":{"self":[{"href":"https:\/\/www.makitamarket.com.tr\/site\/wp-json\/wp\/v2\/product\/23075","targetHints":{"allow":["GET"]}}],"collection":[{"href":"https:\/\/www.makitamarket.com.tr\/site\/wp-json\/wp\/v2\/product"}],"about":[{"href":"https:\/\/www.makitamarket.com.tr\/site\/wp-json\/wp\/v2\/types\/product"}],"replies":[{"embeddable":true,"href":"https:\/\/www.makitamarket.com.tr\/site\/wp-json\/wp\/v2\/comments?post=23075"}],"wp:featuredmedia":[{"embeddable":true,"href":"https:\/\/www.makitamarket.com.tr\/site\/wp-json\/wp\/v2\/media\/10381"}],"wp:attachment":[{"href":"https:\/\/www.makitamarket.com.tr\/site\/wp-json\/wp\/v2\/media?parent=23075"}],"wp:term":[{"taxonomy":"product_brand","embeddable":true,"href":"https:\/\/www.makitamarket.com.tr\/site\/wp-json\/wp\/v2\/product_brand?post=23075"},{"taxonomy":"product_cat","embeddable":true,"href":"https:\/\/www.makitamarket.com.tr\/site\/wp-json\/wp\/v2\/product_cat?post=23075"},{"taxonomy":"product_tag","embeddable":true,"href":"https:\/\/www.makitamarket.com.tr\/site\/wp-json\/wp\/v2\/product_tag?post=23075"}],"curies":[{"name":"wp","href":"https:\/\/api.w.org\/{rel}","templated":true}]}}