{"id":23078,"date":"2025-01-06T16:37:02","date_gmt":"2025-01-06T13:37:02","guid":{"rendered":"https:\/\/www.makitamarket.com.tr\/site\/urun\/knipex-121206-otomatik-kablo-siyirma-195-mm\/"},"modified":"2026-04-06T13:15:04","modified_gmt":"2026-04-06T10:15:04","slug":"knipex-121206-otomatik-kablo-siyirma-195-mm","status":"publish","type":"product","link":"https:\/\/www.makitamarket.com.tr\/site\/urun\/knipex-121206-otomatik-kablo-siyirma-195-mm\/","title":{"rendered":"Knipex 121206 OTOMAT\u0130K KABLO SIYIRMA 195 mm"},"content":{"rendered":"<p><b>12 12 06 Hassas Kablo S\u0131y\u0131rma Pensesi<\/b><br \/>\u00d6rne\u011fin PTFE, Silikon, Radox\u00ae, Kapton\u00ae ve lastik gibi \u00e7ok katmanl\u0131 da olabilen, zor s\u0131yr\u0131labilen izolasyon malzemelerinin tam \u015fekilli s\u0131y\u0131rma i\u015flemi. \u0130kinci bir b\u0131\u00e7ak ikilisi kalan izolasyonu g\u00fcvenilir \u015fekilde sabit tutar. \u0130lgili kablo kesitine g\u00f6re tam ayarlanm\u0131\u015f, de\u011fi\u015ftirilebilir profil b\u0131\u00e7aklar. Seri \u00e7al\u0131\u015fmada izolasyonlar\u0131n e\u015fit olarak s\u0131y\u0131r\u0131lmas\u0131 i\u00e7in ayarlanabilir uzunluk s\u0131n\u0131rlamas\u0131. Kapton\u00ae Tescilli markas\u0131d\u0131r E. I. du Pont de Nemours and Company. Radox\u00ae Tescilli markas\u0131d\u0131r Huber &#038; Suhner AG. <\/p>\n<li><b>Kablo s\u0131y\u0131rma de\u011feri milimetrekare: <\/b>0,14 \u2014 0,25 \/ 0,75 \/ 1,5 \/ 2,5 \/ 4,0 \/ 6,0 mm\u00b2<\/li>\n<table>\n<tr>\n<td>S\u0131y\u0131rma Kapasitesi<\/td>\n<td>0,14-6,00mm\u00b2<\/td>\n<\/tr>\n<tr>\n<td>Kafa<\/td>\n<td>Nikel<\/td>\n<\/tr>\n<tr>\n<td>Uzunluk<\/td>\n<td>195<\/td>\n<\/tr>\n<tr>\n<td>Sap<\/td>\n<td>Kal\u0131n izole<\/td>\n<\/tr>\n<tr>\n<td>A\u011f\u0131rl\u0131k<\/td>\n<td>445 gr<\/td>\n<\/tr>\n<\/table>\n","protected":false},"excerpt":{"rendered":"<p><b>12 12 06 Hassas Kablo S\u0131y\u0131rma Pensesi<\/b><br \/>\u00d6rne\u011fin PTFE, Silikon, Radox\u00ae, Kapton\u00ae ve lastik gibi \u00e7ok katmanl\u0131 da olabilen, zor s\u0131yr\u0131labilen izolasyon malzemelerinin tam \u015fekilli s\u0131y\u0131rma i\u015flemi. \u0130kinci bir b\u0131\u00e7ak ikilisi kalan izolasyonu g\u00fcvenilir \u015fekilde sabit tutar. \u0130lgili kablo kesitine g\u00f6re tam ayarlanm\u0131\u015f, de\u011fi\u015ftirilebilir profil b\u0131\u00e7aklar. Seri \u00e7al\u0131\u015fmada izolasyonlar\u0131n e\u015fit olarak s\u0131y\u0131r\u0131lmas\u0131 i\u00e7in ayarlanabilir uzunluk s\u0131n\u0131rlamas\u0131. Kapton\u00ae Tescilli markas\u0131d\u0131r E. I. du Pont de Nemours and Company. Radox\u00ae Tescilli markas\u0131d\u0131r Huber &#038; Suhner AG. <\/p>\n<li><b>Kablo s\u0131y\u0131rma de\u011feri milimetrekare: <\/b>0,14 \u2014 0,25 \/ 0,75 \/ 1,5 \/ 2,5 \/ 4,0 \/ 6,0 mm\u00b2<\/li>\n","protected":false},"featured_media":10403,"comment_status":"open","ping_status":"closed","template":"","meta":{"_acf_changed":false},"product_brand":[1486],"product_cat":[991],"product_tag":[],"class_list":{"0":"post-23078","1":"product","2":"type-product","3":"status-publish","4":"has-post-thumbnail","6":"product_brand-knipex","7":"product_cat-kablo-siyirmalar","9":"first","10":"instock","11":"taxable","12":"shipping-taxable","13":"purchasable","14":"product-type-simple","15":"add-to-wishlist-after_add_to_cart"},"acf":[],"_links":{"self":[{"href":"https:\/\/www.makitamarket.com.tr\/site\/wp-json\/wp\/v2\/product\/23078","targetHints":{"allow":["GET"]}}],"collection":[{"href":"https:\/\/www.makitamarket.com.tr\/site\/wp-json\/wp\/v2\/product"}],"about":[{"href":"https:\/\/www.makitamarket.com.tr\/site\/wp-json\/wp\/v2\/types\/product"}],"replies":[{"embeddable":true,"href":"https:\/\/www.makitamarket.com.tr\/site\/wp-json\/wp\/v2\/comments?post=23078"}],"wp:featuredmedia":[{"embeddable":true,"href":"https:\/\/www.makitamarket.com.tr\/site\/wp-json\/wp\/v2\/media\/10403"}],"wp:attachment":[{"href":"https:\/\/www.makitamarket.com.tr\/site\/wp-json\/wp\/v2\/media?parent=23078"}],"wp:term":[{"taxonomy":"product_brand","embeddable":true,"href":"https:\/\/www.makitamarket.com.tr\/site\/wp-json\/wp\/v2\/product_brand?post=23078"},{"taxonomy":"product_cat","embeddable":true,"href":"https:\/\/www.makitamarket.com.tr\/site\/wp-json\/wp\/v2\/product_cat?post=23078"},{"taxonomy":"product_tag","embeddable":true,"href":"https:\/\/www.makitamarket.com.tr\/site\/wp-json\/wp\/v2\/product_tag?post=23078"}],"curies":[{"name":"wp","href":"https:\/\/api.w.org\/{rel}","templated":true}]}}