{"id":23081,"date":"2025-01-06T16:37:03","date_gmt":"2025-01-06T13:37:03","guid":{"rendered":"https:\/\/www.makitamarket.com.tr\/site\/urun\/optimum-3444012-camlock-baglantili-ayna-flansi-200-mm\/"},"modified":"2025-11-16T05:35:23","modified_gmt":"2025-11-16T02:35:23","slug":"optimum-3444012-camlock-baglantili-ayna-flansi-200-mm","status":"publish","type":"product","link":"https:\/\/www.makitamarket.com.tr\/site\/urun\/optimum-3444012-camlock-baglantili-ayna-flansi-200-mm\/","title":{"rendered":"Optimum 3444012 CAMLOCK BA\u011eLANTILI AYNA FLAN\u015eI 200 mm"},"content":{"rendered":"<p>\n\t\u2022 Torna aynas\u0131n\u0131 monte etmek i\u00e7in<\/p>\n<table>\n<tr>\n<td>Tan\u0131m\u0131<\/td>\n<td>\u00d8 200 mm Camlock D 1 &#8211; 6&#8243;<\/td>\n<\/tr>\n<\/table>\n","protected":false},"excerpt":{"rendered":"<p>\n\t\u2022 Torna aynas\u0131n\u0131 monte etmek i\u00e7in<\/p>\n","protected":false},"featured_media":0,"comment_status":"open","ping_status":"closed","template":"","meta":{"_acf_changed":false},"product_brand":[1511],"product_cat":[824],"product_tag":[],"class_list":{"0":"post-23081","1":"product","2":"type-product","3":"status-publish","5":"product_brand-optimum","6":"product_cat-aksesuarlar-metal-isleme-makinalari-2","8":"first","9":"outofstock","10":"taxable","11":"shipping-taxable","12":"purchasable","13":"product-type-simple","14":"add-to-wishlist-after_add_to_cart"},"acf":[],"_links":{"self":[{"href":"https:\/\/www.makitamarket.com.tr\/site\/wp-json\/wp\/v2\/product\/23081","targetHints":{"allow":["GET"]}}],"collection":[{"href":"https:\/\/www.makitamarket.com.tr\/site\/wp-json\/wp\/v2\/product"}],"about":[{"href":"https:\/\/www.makitamarket.com.tr\/site\/wp-json\/wp\/v2\/types\/product"}],"replies":[{"embeddable":true,"href":"https:\/\/www.makitamarket.com.tr\/site\/wp-json\/wp\/v2\/comments?post=23081"}],"wp:attachment":[{"href":"https:\/\/www.makitamarket.com.tr\/site\/wp-json\/wp\/v2\/media?parent=23081"}],"wp:term":[{"taxonomy":"product_brand","embeddable":true,"href":"https:\/\/www.makitamarket.com.tr\/site\/wp-json\/wp\/v2\/product_brand?post=23081"},{"taxonomy":"product_cat","embeddable":true,"href":"https:\/\/www.makitamarket.com.tr\/site\/wp-json\/wp\/v2\/product_cat?post=23081"},{"taxonomy":"product_tag","embeddable":true,"href":"https:\/\/www.makitamarket.com.tr\/site\/wp-json\/wp\/v2\/product_tag?post=23081"}],"curies":[{"name":"wp","href":"https:\/\/api.w.org\/{rel}","templated":true}]}}