{"id":23088,"date":"2025-01-06T16:37:07","date_gmt":"2025-01-06T13:37:07","guid":{"rendered":"https:\/\/www.makitamarket.com.tr\/site\/urun\/gison-gw16h1k-1-2-havali-somun-sikma-seti\/"},"modified":"2026-04-06T13:16:58","modified_gmt":"2026-04-06T10:16:58","slug":"gison-gw16h1k-1-2-havali-somun-sikma-seti","status":"publish","type":"product","link":"https:\/\/www.makitamarket.com.tr\/site\/urun\/gison-gw16h1k-1-2-havali-somun-sikma-seti\/","title":{"rendered":"Gison GW16H1K 1\/2&#8243; HAVALI SOMUN SIKMA SET\u0130"},"content":{"rendered":"<div>\n\t1\/2\u201d lik (GW16H1) Somun s\u0131kmaya ilave olarak a\u015fa\u011f\u0131daki listedeki aksesuarlar\u0131 i\u00e7eren set.<\/div>\n<div>\n<div>\n\t\t\u00a0<\/div>\n<div>\n\t\t<strong>Set \u0130\u00e7eri\u011fi<\/strong><\/div>\n<div>\n<table border=\"0\" cellpadding=\"1\" cellspacing=\"0\" style=\"width: 200px;\">\n<tbody>\n<tr>\n<td>\n\t\t\t\t\t\tGW16H1 Somun S\u0131kma<\/td>\n<td>\n\t\t\t\t\t\t1 Adet<\/td>\n<\/tr>\n<tr>\n<td>\n\t\t\t\t\t\tLokma (9~27 mm.)\u00a0<\/td>\n<td>\n\t\t\t\t\t\t10 Adet<\/td>\n<\/tr>\n<tr>\n<td>\n\t\t\t\t\t\tUzatma Kolu\u00a0<\/td>\n<td>\n\t\t\t\t\t\t1 Adet<\/td>\n<\/tr>\n<tr>\n<td>\n\t\t\t\t\t\tH\u0131zl\u0131 Hava Ba\u011flant\u0131s\u0131<\/td>\n<td>\n\t\t\t\t\t\t1 Adet<\/td>\n<\/tr>\n<tr>\n<td>\n\t\t\t\t\t\tMini Ya\u011flay\u0131c\u0131 ve Ya\u011f<\/td>\n<td>\n\t\t\t\t\t\t1 Adet<\/td>\n<\/tr>\n<tr>\n<td>\n\t\t\t\t\t\tAllen Anahtar<\/td>\n<td>\n\t\t\t\t\t\t1 Adet<\/td>\n<\/tr>\n<tr>\n<td>\n\t\t\t\t\t\tPlastik Ta\u015f\u0131ma \u00c7antas\u0131<\/td>\n<td>\n\t\t\t\t\t\t1 Adet<\/td>\n<\/tr>\n<tr>\n<td>\n\t\t\t\t\t\tKoli Miktar\u0131\u00a0<\/td>\n<td>\n\t\t\t\t\t\t6 \u00a0Adet<\/td>\n<\/tr>\n<\/tbody>\n<\/table>\n<div>\n\t\t\t\u00a0<\/div><\/div>\n<\/div>\n<div>\n\t<strong>CE Made in Taiwan<\/strong><\/div>\n<table><\/table>\n","protected":false},"excerpt":{"rendered":"<div>\n\t1\/2\u201d lik (GW16H1) Somun s\u0131kmaya ilave olarak a\u015fa\u011f\u0131daki listedeki aksesuarlar\u0131 i\u00e7eren set.<\/div>\n<div>\n<div>\n\t\t\u00a0<\/div>\n<div>\n\t\t<strong>Set \u0130\u00e7eri\u011fi<\/strong><\/div>\n<div>\n<table border=\"0\" cellpadding=\"1\" cellspacing=\"0\" style=\"width: 200px;\">\n<tbody>\n<tr>\n<td>\n\t\t\t\t\t\tGW16H1 Somun S\u0131kma<\/td>\n<td>\n\t\t\t\t\t\t1 Adet<\/td>\n<\/tr>\n<tr>\n<td>\n\t\t\t\t\t\tLokma (9~27 mm.)\u00a0<\/td>\n<td>\n\t\t\t\t\t\t10 Adet<\/td>\n<\/tr>\n<tr>\n<td>\n\t\t\t\t\t\tUzatma Kolu\u00a0<\/td>\n<td>\n\t\t\t\t\t\t1 Adet<\/td>\n<\/tr>\n<tr>\n<td>\n\t\t\t\t\t\tH\u0131zl\u0131 Hava Ba\u011flant\u0131s\u0131<\/td>\n<td>\n\t\t\t\t\t\t1 Adet<\/td>\n<\/tr>\n<tr>\n<td>\n\t\t\t\t\t\tMini Ya\u011flay\u0131c\u0131 ve Ya\u011f<\/td>\n<td>\n\t\t\t\t\t\t1 Adet<\/td>\n<\/tr>\n<tr>\n<td>\n\t\t\t\t\t\tAllen Anahtar<\/td>\n<td>\n\t\t\t\t\t\t1 Adet<\/td>\n<\/tr>\n<tr>\n<td>\n\t\t\t\t\t\tPlastik Ta\u015f\u0131ma \u00c7antas\u0131<\/td>\n<td>\n\t\t\t\t\t\t1 Adet<\/td>\n<\/tr>\n<tr>\n<td>\n\t\t\t\t\t\tKoli Miktar\u0131\u00a0<\/td>\n<td>\n\t\t\t\t\t\t6 \u00a0Adet<\/td>\n<\/tr>\n<\/tbody>\n<\/table>\n<div>\n\t\t\t\u00a0<\/div>\n<\/p><\/div>\n<\/div>\n<div>\n\t<strong>CE Made in Taiwan<\/strong><\/div>\n","protected":false},"featured_media":10457,"comment_status":"open","ping_status":"closed","template":"","meta":{"_acf_changed":false},"product_brand":[1512],"product_cat":[880],"product_tag":[],"class_list":{"0":"post-23088","1":"product","2":"type-product","3":"status-publish","4":"has-post-thumbnail","6":"product_brand-gison","7":"product_cat-havali-somun-sikmalar","9":"first","10":"outofstock","11":"taxable","12":"shipping-taxable","13":"purchasable","14":"product-type-simple","15":"add-to-wishlist-after_add_to_cart"},"acf":[],"_links":{"self":[{"href":"https:\/\/www.makitamarket.com.tr\/site\/wp-json\/wp\/v2\/product\/23088","targetHints":{"allow":["GET"]}}],"collection":[{"href":"https:\/\/www.makitamarket.com.tr\/site\/wp-json\/wp\/v2\/product"}],"about":[{"href":"https:\/\/www.makitamarket.com.tr\/site\/wp-json\/wp\/v2\/types\/product"}],"replies":[{"embeddable":true,"href":"https:\/\/www.makitamarket.com.tr\/site\/wp-json\/wp\/v2\/comments?post=23088"}],"wp:featuredmedia":[{"embeddable":true,"href":"https:\/\/www.makitamarket.com.tr\/site\/wp-json\/wp\/v2\/media\/10457"}],"wp:attachment":[{"href":"https:\/\/www.makitamarket.com.tr\/site\/wp-json\/wp\/v2\/media?parent=23088"}],"wp:term":[{"taxonomy":"product_brand","embeddable":true,"href":"https:\/\/www.makitamarket.com.tr\/site\/wp-json\/wp\/v2\/product_brand?post=23088"},{"taxonomy":"product_cat","embeddable":true,"href":"https:\/\/www.makitamarket.com.tr\/site\/wp-json\/wp\/v2\/product_cat?post=23088"},{"taxonomy":"product_tag","embeddable":true,"href":"https:\/\/www.makitamarket.com.tr\/site\/wp-json\/wp\/v2\/product_tag?post=23088"}],"curies":[{"name":"wp","href":"https:\/\/api.w.org\/{rel}","templated":true}]}}