{"id":23091,"date":"2025-01-06T16:37:10","date_gmt":"2025-01-06T13:37:10","guid":{"rendered":"https:\/\/www.makitamarket.com.tr\/site\/urun\/knipex-975234-papuc-sikma-pensi-220-mm\/"},"modified":"2026-04-13T19:42:47","modified_gmt":"2026-04-13T16:42:47","slug":"knipex-975234-papuc-sikma-pensi-220-mm","status":"publish","type":"product","link":"https:\/\/www.makitamarket.com.tr\/site\/urun\/knipex-975234-papuc-sikma-pensi-220-mm\/","title":{"rendered":"Knipex 975234 PAPU\u00c7 SIKMA PENS\u0130 220 mm"},"content":{"rendered":"<p><b>97 52 34 KNIPEX PreciForce\u00ae<\/b><br \/>Y\u00fcksek kilitleme, s\u0131kma mekanizmas\u0131 sayesinde;kolay s\u0131kma yap\u0131l\u0131labilir. S\u0131kma bask\u0131s\u0131 fabrika taraf\u0131ndan tam olarak ayarlanm\u0131\u015ft\u0131r (kalibrasyonlu). Yayl\u0131 ara aparat\u0131 sayesinde kullan\u0131c\u0131y\u0131 yormaz,optimum g\u00fc\u00e7 aktar\u0131m\u0131 sa\u011flan\u0131r. Rahat sap konumu, hafifli\u011fi, k\u0131sa yap\u0131s\u0131 ve ergonomik saplar\u0131 sayesinde ele yatk\u0131nd\u0131r <\/p>\n<li><b>Uygulama: <\/b>\u0130zolesiz a\u00e7\u0131k soket konekt\u00f6r\u00fc (2,8 + 4,8 mm faston tip)<\/li>\n<li><b>Kapasite milimetrekare: <\/b>0,1 \u2014 2,5 mm\u00b2<\/li>\n<li><b>Yuva say\u0131s\u0131: <\/b>4<\/li>\n<li><b>AWG: <\/b>26 \u2014 14 <\/li>\n<table>\n<tr>\n<td>Uzunluk<\/td>\n<td>220<\/td>\n<\/tr>\n<tr>\n<td>Kapasite<\/td>\n<td>2.8mm:0.1-0.25, 4.8mm: 0.5-1, 2.8mm: 0.5-1 ,4.8mm: 1.5-2.5<\/td>\n<\/tr>\n<tr>\n<td>A\u011f\u0131rl\u0131k<\/td>\n<td>483 gr<\/td>\n<\/tr>\n<\/table>\n","protected":false},"excerpt":{"rendered":"<p><b>97 52 34 KNIPEX PreciForce\u00ae<\/b><br \/>Y\u00fcksek kilitleme, s\u0131kma mekanizmas\u0131 sayesinde;kolay s\u0131kma yap\u0131l\u0131labilir. S\u0131kma bask\u0131s\u0131 fabrika taraf\u0131ndan tam olarak ayarlanm\u0131\u015ft\u0131r (kalibrasyonlu). Yayl\u0131 ara aparat\u0131 sayesinde kullan\u0131c\u0131y\u0131 yormaz,optimum g\u00fc\u00e7 aktar\u0131m\u0131 sa\u011flan\u0131r. Rahat sap konumu, hafifli\u011fi, k\u0131sa yap\u0131s\u0131 ve ergonomik saplar\u0131 sayesinde ele yatk\u0131nd\u0131r <\/p>\n<li><b>Uygulama: <\/b>\u0130zolesiz a\u00e7\u0131k soket konekt\u00f6r\u00fc (2,8 + 4,8 mm faston tip)<\/li>\n<li><b>Kapasite milimetrekare: <\/b>0,1 \u2014 2,5 mm\u00b2<\/li>\n<li><b>Yuva say\u0131s\u0131: <\/b>4<\/li>\n<li><b>AWG: <\/b>26 \u2014 14 <\/li>\n","protected":false},"featured_media":10500,"comment_status":"open","ping_status":"closed","template":"","meta":{"_acf_changed":false},"product_brand":[1486],"product_cat":[852],"product_tag":[],"class_list":{"0":"post-23091","1":"product","2":"type-product","3":"status-publish","4":"has-post-thumbnail","6":"product_brand-knipex","7":"product_cat-kablo-yuksuk-ve-pabuc-sikmalar","9":"first","10":"outofstock","11":"taxable","12":"shipping-taxable","13":"purchasable","14":"product-type-simple","15":"add-to-wishlist-after_add_to_cart"},"acf":[],"_links":{"self":[{"href":"https:\/\/www.makitamarket.com.tr\/site\/wp-json\/wp\/v2\/product\/23091","targetHints":{"allow":["GET"]}}],"collection":[{"href":"https:\/\/www.makitamarket.com.tr\/site\/wp-json\/wp\/v2\/product"}],"about":[{"href":"https:\/\/www.makitamarket.com.tr\/site\/wp-json\/wp\/v2\/types\/product"}],"replies":[{"embeddable":true,"href":"https:\/\/www.makitamarket.com.tr\/site\/wp-json\/wp\/v2\/comments?post=23091"}],"wp:featuredmedia":[{"embeddable":true,"href":"https:\/\/www.makitamarket.com.tr\/site\/wp-json\/wp\/v2\/media\/10500"}],"wp:attachment":[{"href":"https:\/\/www.makitamarket.com.tr\/site\/wp-json\/wp\/v2\/media?parent=23091"}],"wp:term":[{"taxonomy":"product_brand","embeddable":true,"href":"https:\/\/www.makitamarket.com.tr\/site\/wp-json\/wp\/v2\/product_brand?post=23091"},{"taxonomy":"product_cat","embeddable":true,"href":"https:\/\/www.makitamarket.com.tr\/site\/wp-json\/wp\/v2\/product_cat?post=23091"},{"taxonomy":"product_tag","embeddable":true,"href":"https:\/\/www.makitamarket.com.tr\/site\/wp-json\/wp\/v2\/product_tag?post=23091"}],"curies":[{"name":"wp","href":"https:\/\/api.w.org\/{rel}","templated":true}]}}