{"id":23097,"date":"2025-01-06T16:37:14","date_gmt":"2025-01-06T13:37:14","guid":{"rendered":"https:\/\/www.makitamarket.com.tr\/site\/urun\/makita-b-52912-6-vidalama-uc-seti\/"},"modified":"2026-04-06T13:18:56","modified_gmt":"2026-04-06T10:18:56","slug":"makita-b-52912-6-vidalama-uc-seti","status":"publish","type":"product","link":"https:\/\/www.makitamarket.com.tr\/site\/urun\/makita-b-52912-6-vidalama-uc-seti\/","title":{"rendered":"Makita B-52912-6 V\u0130DALAMA U\u00c7 SET\u0130"},"content":{"rendered":"<p>IMPACT GOLD Vidalama Bits u\u00e7 seti.<\/p>\n<p>Kapak fonksiyonu bits uca m\u0131knat\u0131s \u00f6zelli\u011fi katar ve isterseniz m\u0131knat\u0131s \u00f6zelli\u011fini devre d\u0131\u015f\u0131 b\u0131rak\u0131r.<\/p>\n<p>Bardak \u015feklinde olup tutma kulbu ile \u00fcr\u00fcn \u00f6zel hale getirilmi\u015ftir.<\/p>\n<p>&nbsp;<\/p>\n<p class=\"ql-align-center\">   &nbsp; <strong>\u00d6l\u00e7\u00fcler<\/strong><\/p>\n<p class=\"ql-align-center\"> <strong>Uzunluk(mm)<\/strong><\/p>\n<p class=\"ql-align-center\"> <strong>Paket i\u00e7i<\/strong><\/p>\n<p class=\"ql-align-center\">    <img loading=\"lazy\" decoding=\"async\" src=\"\/images\/stories\/art\u01311.png\" height=\"23\" width=\"25\"> Ph2<\/p>\n<p class=\"ql-align-center\"> 65 mm<\/p>\n<p class=\"ql-align-center\"> 1 Bardak\/ 10 adet u\u00e7<\/p>\n<\/p>\n<table>\n<tr>\n<td>Uzunluk<\/td>\n<td>65 mm<\/td>\n<\/tr>\n<\/table>\n","protected":false},"excerpt":{"rendered":"<p>IMPACT GOLD Vidalama Bits u\u00e7 seti.<\/p>\n<p>Kapak fonksiyonu bits uca m\u0131knat\u0131s \u00f6zelli\u011fi katar ve isterseniz m\u0131knat\u0131s \u00f6zelli\u011fini devre d\u0131\u015f\u0131 b\u0131rak\u0131r.<\/p>\n<p>Bardak \u015feklinde olup tutma kulbu ile \u00fcr\u00fcn \u00f6zel hale getirilmi\u015ftir.<\/p>\n<p>&nbsp;<\/p>\n<p class=\"ql-align-center\">   &nbsp; <strong>\u00d6l\u00e7\u00fcler<\/strong><\/p>\n<p class=\"ql-align-center\"> <strong>Uzunluk(mm)<\/strong><\/p>\n<p class=\"ql-align-center\"> <strong>Paket i\u00e7i<\/strong><\/p>\n<p class=\"ql-align-center\">    <img loading=\"lazy\" decoding=\"async\" src=\"\/images\/stories\/art\u01311.png\" height=\"23\" width=\"25\"> Ph2<\/p>\n<p class=\"ql-align-center\"> 65 mm<\/p>\n<p class=\"ql-align-center\"> 1 Bardak\/ 10 adet u\u00e7<\/p><\/p>\n","protected":false},"featured_media":10561,"comment_status":"open","ping_status":"closed","template":"","meta":{"_acf_changed":false},"product_brand":[1485],"product_cat":[798],"product_tag":[],"class_list":{"0":"post-23097","1":"product","2":"type-product","3":"status-publish","4":"has-post-thumbnail","6":"product_brand-makita","7":"product_cat-vidalama-uc-setleri","9":"first","10":"instock","11":"taxable","12":"shipping-taxable","13":"purchasable","14":"product-type-simple","15":"add-to-wishlist-after_add_to_cart"},"acf":[],"_links":{"self":[{"href":"https:\/\/www.makitamarket.com.tr\/site\/wp-json\/wp\/v2\/product\/23097","targetHints":{"allow":["GET"]}}],"collection":[{"href":"https:\/\/www.makitamarket.com.tr\/site\/wp-json\/wp\/v2\/product"}],"about":[{"href":"https:\/\/www.makitamarket.com.tr\/site\/wp-json\/wp\/v2\/types\/product"}],"replies":[{"embeddable":true,"href":"https:\/\/www.makitamarket.com.tr\/site\/wp-json\/wp\/v2\/comments?post=23097"}],"wp:featuredmedia":[{"embeddable":true,"href":"https:\/\/www.makitamarket.com.tr\/site\/wp-json\/wp\/v2\/media\/10561"}],"wp:attachment":[{"href":"https:\/\/www.makitamarket.com.tr\/site\/wp-json\/wp\/v2\/media?parent=23097"}],"wp:term":[{"taxonomy":"product_brand","embeddable":true,"href":"https:\/\/www.makitamarket.com.tr\/site\/wp-json\/wp\/v2\/product_brand?post=23097"},{"taxonomy":"product_cat","embeddable":true,"href":"https:\/\/www.makitamarket.com.tr\/site\/wp-json\/wp\/v2\/product_cat?post=23097"},{"taxonomy":"product_tag","embeddable":true,"href":"https:\/\/www.makitamarket.com.tr\/site\/wp-json\/wp\/v2\/product_tag?post=23097"}],"curies":[{"name":"wp","href":"https:\/\/api.w.org\/{rel}","templated":true}]}}