{"id":23102,"date":"2025-01-06T16:37:17","date_gmt":"2025-01-06T13:37:17","guid":{"rendered":"https:\/\/www.makitamarket.com.tr\/site\/urun\/prexiso-plc15-capraz-cizgi-lazer\/"},"modified":"2026-03-30T07:49:28","modified_gmt":"2026-03-30T04:49:28","slug":"prexiso-plc15-capraz-cizgi-lazer","status":"publish","type":"product","link":"https:\/\/www.makitamarket.com.tr\/site\/urun\/prexiso-plc15-capraz-cizgi-lazer\/","title":{"rendered":"Prexiso PLC15 \u00c7APRAZ \u00c7\u0130ZG\u0130 LAZER"},"content":{"rendered":"<table>\n<tr>\n<td>\u00c7al\u0131\u015fma Menzili<\/td>\n<td>15m \/ Dedekt\u00f6rle 50m<\/td>\n<\/tr>\n<tr>\n<td>Hassasiyet<\/td>\n<td>10m&#8217;de  \u00b13mm<\/td>\n<\/tr>\n<tr>\n<td>Lazer \u00e7\u0131k\u0131\u015f\u0131<\/td>\n<td>Yatay ve Dikey<\/td>\n<\/tr>\n<tr>\n<td>Kendinden Terazileme Aral\u0131\u011f\u0131<\/td>\n<td>\u00b1 4\u00b0<\/td>\n<\/tr>\n<tr>\n<td>Pil<\/td>\n<td>3xAA alkalin pil<\/td>\n<\/tr>\n<tr>\n<td>Tripod Ba\u011flant\u0131s\u0131<\/td>\n<td>1\/4&#8243; &#8211; 5\/8&#8243;<\/td>\n<\/tr>\n<\/table>\n","protected":false},"excerpt":{"rendered":"<p>\u00c7al\u0131\u015fma Menzili 15m \/ Dedekt\u00f6rle 50m Hassasiyet 10m&#8217;de \u00b13mm Lazer \u00e7\u0131k\u0131\u015f\u0131 Yatay ve Dikey Kendinden Terazileme Aral\u0131\u011f\u0131 \u00b1 4\u00b0 Pil 3xAA alkalin pil Tripod Ba\u011flant\u0131s\u0131 1\/4&#8243; &#8211; 5\/8&#8243;<\/p>\n","protected":false},"featured_media":10595,"comment_status":"open","ping_status":"closed","template":"","meta":{"_acf_changed":false},"product_brand":[1507],"product_cat":[686],"product_tag":[],"class_list":{"0":"post-23102","1":"product","2":"type-product","3":"status-publish","4":"has-post-thumbnail","6":"product_brand-prexiso","7":"product_cat-capraz-cizgi-lazerler","9":"first","10":"instock","11":"taxable","12":"shipping-taxable","13":"purchasable","14":"product-type-simple","15":"add-to-wishlist-after_add_to_cart"},"acf":[],"_links":{"self":[{"href":"https:\/\/www.makitamarket.com.tr\/site\/wp-json\/wp\/v2\/product\/23102","targetHints":{"allow":["GET"]}}],"collection":[{"href":"https:\/\/www.makitamarket.com.tr\/site\/wp-json\/wp\/v2\/product"}],"about":[{"href":"https:\/\/www.makitamarket.com.tr\/site\/wp-json\/wp\/v2\/types\/product"}],"replies":[{"embeddable":true,"href":"https:\/\/www.makitamarket.com.tr\/site\/wp-json\/wp\/v2\/comments?post=23102"}],"wp:featuredmedia":[{"embeddable":true,"href":"https:\/\/www.makitamarket.com.tr\/site\/wp-json\/wp\/v2\/media\/10595"}],"wp:attachment":[{"href":"https:\/\/www.makitamarket.com.tr\/site\/wp-json\/wp\/v2\/media?parent=23102"}],"wp:term":[{"taxonomy":"product_brand","embeddable":true,"href":"https:\/\/www.makitamarket.com.tr\/site\/wp-json\/wp\/v2\/product_brand?post=23102"},{"taxonomy":"product_cat","embeddable":true,"href":"https:\/\/www.makitamarket.com.tr\/site\/wp-json\/wp\/v2\/product_cat?post=23102"},{"taxonomy":"product_tag","embeddable":true,"href":"https:\/\/www.makitamarket.com.tr\/site\/wp-json\/wp\/v2\/product_tag?post=23102"}],"curies":[{"name":"wp","href":"https:\/\/api.w.org\/{rel}","templated":true}]}}