{"id":23106,"date":"2025-01-06T16:37:20","date_gmt":"2025-01-06T13:37:20","guid":{"rendered":"https:\/\/www.makitamarket.com.tr\/site\/urun\/knipex-974950-97-43-200a-icin-cene\/"},"modified":"2026-04-06T13:21:03","modified_gmt":"2026-04-06T10:21:03","slug":"knipex-974950-97-43-200a-icin-cene","status":"publish","type":"product","link":"https:\/\/www.makitamarket.com.tr\/site\/urun\/knipex-974950-97-43-200a-icin-cene\/","title":{"rendered":"Knipex 974950 97 43 200A \u0130\u00c7\u0130N \u00c7ENE"},"content":{"rendered":"<p><b>97 49 50 S\u0131kma profili<\/b><br \/>   Uygulama: Koaksiyel konekt\u00f6rler\/ara\u00e7 telefonu RG 58, 74, 188, 316 man\u015fonlar: 3,9, 5,4, 6,4, 2,1, 1,3, 0,95. <\/p>\n<li><b>Uygulama: <\/b>Koax konekt\u00f6r\u00fc\/Ara\u00e7 telefonu RG 58, 174, 188, 316<\/li>\n<li><b>Yuva say\u0131s\u0131: <\/b>6<\/li>\n<li><b>Kapasite SW mm: <\/b>3,25 \/ 4,52 \/ 5,4 \/ 1,72 \/ 1,07 \/ 0,72 mm<\/li>\n<table>\n<tr>\n<td>A\u00e7\u0131klama<\/td>\n<td>Coax RG 58,174,188,316<\/td>\n<\/tr>\n<\/table>\n","protected":false},"excerpt":{"rendered":"<p><b>97 49 50 S\u0131kma profili<\/b><br \/>   Uygulama: Koaksiyel konekt\u00f6rler\/ara\u00e7 telefonu RG 58, 74, 188, 316 man\u015fonlar: 3,9, 5,4, 6,4, 2,1, 1,3, 0,95. <\/p>\n<li><b>Uygulama: <\/b>Koax konekt\u00f6r\u00fc\/Ara\u00e7 telefonu RG 58, 174, 188, 316<\/li>\n<li><b>Yuva say\u0131s\u0131: <\/b>6<\/li>\n<li><b>Kapasite SW mm: <\/b>3,25 \/ 4,52 \/ 5,4 \/ 1,72 \/ 1,07 \/ 0,72 mm<\/li>\n","protected":false},"featured_media":10643,"comment_status":"open","ping_status":"closed","template":"","meta":{"_acf_changed":false},"product_brand":[1486],"product_cat":[852],"product_tag":[],"class_list":{"0":"post-23106","1":"product","2":"type-product","3":"status-publish","4":"has-post-thumbnail","6":"product_brand-knipex","7":"product_cat-kablo-yuksuk-ve-pabuc-sikmalar","9":"first","10":"instock","11":"taxable","12":"shipping-taxable","13":"purchasable","14":"product-type-simple","15":"add-to-wishlist-after_add_to_cart"},"acf":[],"_links":{"self":[{"href":"https:\/\/www.makitamarket.com.tr\/site\/wp-json\/wp\/v2\/product\/23106","targetHints":{"allow":["GET"]}}],"collection":[{"href":"https:\/\/www.makitamarket.com.tr\/site\/wp-json\/wp\/v2\/product"}],"about":[{"href":"https:\/\/www.makitamarket.com.tr\/site\/wp-json\/wp\/v2\/types\/product"}],"replies":[{"embeddable":true,"href":"https:\/\/www.makitamarket.com.tr\/site\/wp-json\/wp\/v2\/comments?post=23106"}],"wp:featuredmedia":[{"embeddable":true,"href":"https:\/\/www.makitamarket.com.tr\/site\/wp-json\/wp\/v2\/media\/10643"}],"wp:attachment":[{"href":"https:\/\/www.makitamarket.com.tr\/site\/wp-json\/wp\/v2\/media?parent=23106"}],"wp:term":[{"taxonomy":"product_brand","embeddable":true,"href":"https:\/\/www.makitamarket.com.tr\/site\/wp-json\/wp\/v2\/product_brand?post=23106"},{"taxonomy":"product_cat","embeddable":true,"href":"https:\/\/www.makitamarket.com.tr\/site\/wp-json\/wp\/v2\/product_cat?post=23106"},{"taxonomy":"product_tag","embeddable":true,"href":"https:\/\/www.makitamarket.com.tr\/site\/wp-json\/wp\/v2\/product_tag?post=23106"}],"curies":[{"name":"wp","href":"https:\/\/api.w.org\/{rel}","templated":true}]}}