{"id":23109,"date":"2025-01-06T16:37:23","date_gmt":"2025-01-06T13:37:23","guid":{"rendered":"https:\/\/www.makitamarket.com.tr\/site\/urun\/makita-fs4300x-vidalama-makinasi\/"},"modified":"2026-04-06T13:21:56","modified_gmt":"2026-04-06T10:21:56","slug":"makita-fs4300x-vidalama-makinasi","status":"publish","type":"product","link":"https:\/\/www.makitamarket.com.tr\/site\/urun\/makita-fs4300x-vidalama-makinasi\/","title":{"rendered":"Makita FS4300X V\u0130DALAMA MAK\u0130NASI"},"content":{"rendered":"<p>Model FS4300X<\/p>\n<p>Vidalama<\/p>\n<p>25mm<\/p>\n<p>570 W \u2022 0 \u2013 4 000 dk\u207b\u00b9<\/p>\n<p><span style=\"color: rgb(0, 112, 192);\">Al\u00e7\u0131pan vidalar\u0131 i\u00e7in g\u00fcvenilir vidalamalar<\/span><\/p>\n<p>Al\u00e7\u0131pan vidalar\u0131 i\u00e7in hassas derinlik kontrol\u00fcne sahip bir model.Ergonomik tasar\u0131m ve kau\u00e7uk sap iyi bir tutu\u015f sa\u011flar. Alet, dakikada 0-4000 bo\u015fta devire sahiptir ve hassas bir \u00e7al\u0131\u015fma sa\u011flar. <\/p>\n<p><span style=\"color: red;\">Kullan\u0131m amac\u0131: <\/span>Makine ah\u015fap,metal ve plastik malzemelere vidalama i\u00e7in tasarlanm\u0131\u015ft\u0131r.<\/p>\n<p><u>\u00d6zellikleri:<\/u><\/p>\n<p><span style=\"color: red;\">G\u00fc\u00e7 Kayna\u011f\u0131: <\/span>Makine yaln\u0131zca \u00fczerindeki etikette belirtilen voltaj de\u011ferlerine sahip, tek fazl\u0131 AC g\u00fc\u00e7 kaynaklar\u0131na ba\u011flanmal\u0131d\u0131r. \u00c7ift yal\u0131t\u0131ml\u0131d\u0131r ve bu nedenle topraks\u0131z prizlerle de kullan\u0131labilir. <\/p>\n<ol>\n<li data-list=\"bullet\"><span class=\"ql-ui\" contenteditable=\"false\"><\/span>\u00c7ift yal\u0131t\u0131ml\u0131d\u0131r.<\/li>\n<li data-list=\"bullet\"><span class=\"ql-ui\" contenteditable=\"false\"><\/span>De\u011fi\u015fken h\u0131z \u00f6zelli\u011fi vard\u0131r.<\/li>\n<li data-list=\"bullet\"><span class=\"ql-ui\" contenteditable=\"false\"><\/span>Sa\u011f-sol d\u00f6n\u00fc\u015f ayarl\u0131d\u0131r.<\/li>\n<\/ol>\n<p class=\"ql-align-justify\">Ambalaj i\u00e7eri\u011fi: Vidalama ucu, manyetik u\u00e7 tutucu<\/p>\n<p>LED I\u015f\u0131kl\u0131, Yumu\u015fak Saca ve Al\u00fcminyuma vidalama<\/p>\n<table>\n<tr>\n<td>S\u00fcrekli Ak\u0131m Giri\u015fi<\/td>\n<td>570W<\/td>\n<\/tr>\n<tr>\n<td>Kapasite<\/td>\n<td>Al\u00e7\u0131pan vidas\u0131: 5mm, Delici vida: 6mm<\/td>\n<\/tr>\n<tr>\n<td>U\u00e7 Tipi<\/td>\n<td>25mm y\u0131ld\u0131z u\u00e7<\/td>\n<\/tr>\n<tr>\n<td>Bo\u015fta Devir<\/td>\n<td>0-4,000 devir\/dk<\/td>\n<\/tr>\n<tr>\n<td>Net A\u011f\u0131rl\u0131k<\/td>\n<td>1.4<\/td>\n<\/tr>\n<\/table>\n","protected":false},"excerpt":{"rendered":"<p>Model FS4300X<\/p>\n<p>Vidalama<\/p>\n<p>25mm<\/p>\n<p>570 W \u2022 0 \u2013 4 000 dk\u207b\u00b9<\/p>\n<p><span style=\"color: rgb(0, 112, 192);\">Al\u00e7\u0131pan vidalar\u0131 i\u00e7in g\u00fcvenilir vidalamalar<\/span><\/p>\n<p>Al\u00e7\u0131pan vidalar\u0131 i\u00e7in hassas derinlik kontrol\u00fcne sahip bir model.Ergonomik tasar\u0131m ve kau\u00e7uk sap iyi bir tutu\u015f sa\u011flar. Alet, dakikada 0-4000 bo\u015fta devire sahiptir ve hassas bir \u00e7al\u0131\u015fma sa\u011flar. <\/p>\n<p><span style=\"color: red;\">Kullan\u0131m amac\u0131: <\/span>Makine ah\u015fap,metal ve plastik malzemelere vidalama i\u00e7in tasarlanm\u0131\u015ft\u0131r.<\/p>\n<p><u>\u00d6zellikleri:<\/u><\/p>\n<p><span style=\"color: red;\">G\u00fc\u00e7 Kayna\u011f\u0131: <\/span>Makine yaln\u0131zca \u00fczerindeki etikette belirtilen voltaj de\u011ferlerine sahip, tek fazl\u0131 AC g\u00fc\u00e7 kaynaklar\u0131na ba\u011flanmal\u0131d\u0131r. \u00c7ift yal\u0131t\u0131ml\u0131d\u0131r ve bu nedenle topraks\u0131z prizlerle de kullan\u0131labilir. <\/p>\n<ol>\n<li data-list=\"bullet\"><span class=\"ql-ui\" contenteditable=\"false\"><\/span>\u00c7ift yal\u0131t\u0131ml\u0131d\u0131r.<\/li>\n<li data-list=\"bullet\"><span class=\"ql-ui\" contenteditable=\"false\"><\/span>De\u011fi\u015fken h\u0131z \u00f6zelli\u011fi vard\u0131r.<\/li>\n<li data-list=\"bullet\"><span class=\"ql-ui\" contenteditable=\"false\"><\/span>Sa\u011f-sol d\u00f6n\u00fc\u015f ayarl\u0131d\u0131r.<\/li>\n<\/ol>\n<p class=\"ql-align-justify\">Ambalaj i\u00e7eri\u011fi: Vidalama ucu, manyetik u\u00e7 tutucu<\/p>\n<p>LED I\u015f\u0131kl\u0131, Yumu\u015fak Saca ve Al\u00fcminyuma vidalama<\/p>\n","protected":false},"featured_media":10691,"comment_status":"open","ping_status":"closed","template":"","meta":{"_acf_changed":false},"product_brand":[1485],"product_cat":[1066],"product_tag":[],"class_list":{"0":"post-23109","1":"product","2":"type-product","3":"status-publish","4":"has-post-thumbnail","6":"product_brand-makita","7":"product_cat-vidalamalar","9":"first","10":"instock","11":"taxable","12":"shipping-taxable","13":"purchasable","14":"product-type-simple","15":"add-to-wishlist-after_add_to_cart"},"acf":[],"_links":{"self":[{"href":"https:\/\/www.makitamarket.com.tr\/site\/wp-json\/wp\/v2\/product\/23109","targetHints":{"allow":["GET"]}}],"collection":[{"href":"https:\/\/www.makitamarket.com.tr\/site\/wp-json\/wp\/v2\/product"}],"about":[{"href":"https:\/\/www.makitamarket.com.tr\/site\/wp-json\/wp\/v2\/types\/product"}],"replies":[{"embeddable":true,"href":"https:\/\/www.makitamarket.com.tr\/site\/wp-json\/wp\/v2\/comments?post=23109"}],"wp:featuredmedia":[{"embeddable":true,"href":"https:\/\/www.makitamarket.com.tr\/site\/wp-json\/wp\/v2\/media\/10691"}],"wp:attachment":[{"href":"https:\/\/www.makitamarket.com.tr\/site\/wp-json\/wp\/v2\/media?parent=23109"}],"wp:term":[{"taxonomy":"product_brand","embeddable":true,"href":"https:\/\/www.makitamarket.com.tr\/site\/wp-json\/wp\/v2\/product_brand?post=23109"},{"taxonomy":"product_cat","embeddable":true,"href":"https:\/\/www.makitamarket.com.tr\/site\/wp-json\/wp\/v2\/product_cat?post=23109"},{"taxonomy":"product_tag","embeddable":true,"href":"https:\/\/www.makitamarket.com.tr\/site\/wp-json\/wp\/v2\/product_tag?post=23109"}],"curies":[{"name":"wp","href":"https:\/\/api.w.org\/{rel}","templated":true}]}}