{"id":23110,"date":"2025-01-06T16:37:24","date_gmt":"2025-01-06T13:37:24","guid":{"rendered":"https:\/\/www.makitamarket.com.tr\/site\/urun\/makita-ga5050r-avuc-taslama\/"},"modified":"2026-04-06T13:22:03","modified_gmt":"2026-04-06T10:22:03","slug":"makita-ga5050r-avuc-taslama","status":"publish","type":"product","link":"https:\/\/www.makitamarket.com.tr\/site\/urun\/makita-ga5050r-avuc-taslama\/","title":{"rendered":"Makita GA5050R AVU\u00c7 TA\u015eLAMA"},"content":{"rendered":"<p><span style=\"background-color: white; color: rgb(33, 37, 41);\">Model GA5050R<\/span><\/p>\n<p>Avu\u00e7 Ta\u015flamalar 125mm<\/p>\n<p>1.300 W \u2022 125 mm \u2022 11.000 dak\u207b\u00b9<\/p>\n<p><strong style=\"color: rgb(0, 112, 192);\">Metal ve ta\u015f kesimi i\u00e7in y\u00fcksek performansl\u0131 avu\u00e7 ta\u015flama makinesi<\/strong><\/p>\n<p>Metal, ta\u015f ve di\u011fer sert malzemelerde kesme ve ta\u015flama i\u015flemleri i\u00e7in tasarlanm\u0131\u015f, g\u00fc\u00e7l\u00fc ve dayan\u0131kl\u0131 bir ta\u015flama makinesi modelidir. 1.300 W motor g\u00fcc\u00fc ve kesici\/a\u015f\u0131nd\u0131r\u0131c\u0131\/elmas 125 mm disk \u00e7ap\u0131 ile zorlu i\u015fler i\u00e7in y\u00fcksek performans sunar. Dakikada 11.000 bo\u015fta devire sahiptir. Yumu\u015fak ba\u015flang\u0131\u00e7 \u00f6zelli\u011fi, a\u015f\u0131r\u0131 y\u00fck korumas\u0131 ve d\u00fc\u015f\u00fck titre\u015fim seviyesi ile g\u00fcvenli ve konforlu bir \u00e7al\u0131\u015fma deneyimi sa\u011flar. Ergonomik tasar\u0131m\u0131 ve sa\u011flam yap\u0131s\u0131yla metal i\u015f\u00e7ili\u011fi, in\u015faat ve tamirat projelerinde g\u00fcvenilir bir tercih olarak \u00f6ne \u00e7\u0131kar.<\/p>\n<p><span style=\"background-color: white; color: red;\">Kullan\u0131m amac\u0131: <\/span><span style=\"background-color: white; color: rgb(33, 37, 41);\">Bu alet, metal ve ta\u015f malzemelerin su kullanmadan ta\u015flanmas\u0131, z\u0131mparalanmas\u0131, telle f\u0131r\u00e7alanmas\u0131, delik a\u00e7\u0131lmas\u0131 ve kesilmesi amac\u0131yla tasarlanm\u0131\u015ft\u0131r.<\/span><\/p>\n<p><u>\u00d6zellikleri:<\/u><\/p>\n<p><span style=\"color: red;\">G\u00fc\u00e7 Kayna\u011f\u0131: <\/span>Aletin, yaln\u0131zca isim levhas\u0131nda belirtilenle ayn\u0131 voltajl\u0131 g\u00fc\u00e7 kayna\u011f\u0131na ba\u011flanmas\u0131 gerekir ve yaln\u0131zca tek fazl\u0131 AC g\u00fc\u00e7 kayna\u011f\u0131yla \u00e7al\u0131\u015ft\u0131r\u0131labilir. \u00c7ifte yal\u0131t\u0131ml\u0131d\u0131r ve topraklamas\u0131z prizlerle de kullan\u0131labilir.<\/p>\n<p><span style=\"background-color: white; color: rgb(33, 37, 41);\">SJS II (Anti-vibrasyon sistemi): SJS II teknolojisi sayesinde en zorlu \u00e7al\u0131\u015fma ko\u015fullar\u0131 alt\u0131nda ta\u015flama ve kesme i\u015flemleri s\u0131ras\u0131nda olu\u015facak zorlamalardan kaynakl\u0131 titre\u015fimleri minimum d\u00fczeye indirerek maksimum \u00e7al\u0131\u015fma konforu sa\u011flan\u0131r.<\/span><\/p>\n<ol>\n<li data-list=\"bullet\"><span class=\"ql-ui\" contenteditable=\"false\"><\/span>\u00c7ift yal\u0131t\u0131ml\u0131d\u0131r.<\/li>\n<li data-list=\"bullet\"><span class=\"ql-ui\" contenteditable=\"false\"><\/span>Yumu\u015fak ba\u015flama \u00f6zelli\u011fi mevcuttur.<\/li>\n<li data-list=\"bullet\"><span class=\"ql-ui\" contenteditable=\"false\"><\/span>Toz emme \u00fcnitesi mevcuttur.<\/li>\n<\/ol>\n<p><span style=\"background-color: white; color: rgb(33, 37, 41);\">Ambalaj i\u00e7eri\u011fi: Yan Sap, Siper, A\u015f\u0131nd\u0131r\u0131c\u0131 ta\u015f, Anahtar<\/span><\/p>\n<p><span style=\"background-color: white; color: red;\">Pedal Tetik sistemi<\/span><\/p>\n<p><\/p>\n<p><\/p>\n<table>\n<tr>\n<td>S\u00fcrekli Ak\u0131m Giri\u015fi<\/td>\n<td>1300W<\/td>\n<\/tr>\n<tr>\n<td>Kapasite<\/td>\n<td>Kesici\/A\u015f\u0131nd\u0131r\u0131c\u0131\/Elmas : 125mm<\/td>\n<\/tr>\n<tr>\n<td>Bo\u015fta Devir<\/td>\n<td>11.000 devir\/dk<\/td>\n<\/tr>\n<tr>\n<td>Mil \u00c7ap\u0131<\/td>\n<td>M14<\/td>\n<\/tr>\n<tr>\n<td>Net A\u011f\u0131rl\u0131k<\/td>\n<td>2.7kg<\/td>\n<\/tr>\n<tr>\n<td>Ak\u0131m<\/td>\n<td>5.77 Ah<\/td>\n<\/tr>\n<\/table>\n","protected":false},"excerpt":{"rendered":"<p><span style=\"background-color: white; color: rgb(33, 37, 41);\">Model GA5050R<\/span><\/p>\n<p>Avu\u00e7 Ta\u015flamalar 125mm<\/p>\n<p>1.300 W \u2022 125 mm \u2022 11.000 dak\u207b\u00b9<\/p>\n<p><strong style=\"color: rgb(0, 112, 192);\">Metal ve ta\u015f kesimi i\u00e7in y\u00fcksek performansl\u0131 avu\u00e7 ta\u015flama makinesi<\/strong><\/p>\n<p>Metal, ta\u015f ve di\u011fer sert malzemelerde kesme ve ta\u015flama i\u015flemleri i\u00e7in tasarlanm\u0131\u015f, g\u00fc\u00e7l\u00fc ve dayan\u0131kl\u0131 bir ta\u015flama makinesi modelidir. 1.300 W motor g\u00fcc\u00fc ve kesici\/a\u015f\u0131nd\u0131r\u0131c\u0131\/elmas 125 mm disk \u00e7ap\u0131 ile zorlu i\u015fler i\u00e7in y\u00fcksek performans sunar. Dakikada 11.000 bo\u015fta devire sahiptir. Yumu\u015fak ba\u015flang\u0131\u00e7 \u00f6zelli\u011fi, a\u015f\u0131r\u0131 y\u00fck korumas\u0131 ve d\u00fc\u015f\u00fck titre\u015fim seviyesi ile g\u00fcvenli ve konforlu bir \u00e7al\u0131\u015fma deneyimi sa\u011flar. Ergonomik tasar\u0131m\u0131 ve sa\u011flam yap\u0131s\u0131yla metal i\u015f\u00e7ili\u011fi, in\u015faat ve tamirat projelerinde g\u00fcvenilir bir tercih olarak \u00f6ne \u00e7\u0131kar.<\/p>\n<p><span style=\"background-color: white; color: red;\">Kullan\u0131m amac\u0131: <\/span><span style=\"background-color: white; color: rgb(33, 37, 41);\">Bu alet, metal ve ta\u015f malzemelerin su kullanmadan ta\u015flanmas\u0131, z\u0131mparalanmas\u0131, telle f\u0131r\u00e7alanmas\u0131, delik a\u00e7\u0131lmas\u0131 ve kesilmesi amac\u0131yla tasarlanm\u0131\u015ft\u0131r.<\/span><\/p>\n<p><u>\u00d6zellikleri:<\/u><\/p>\n<p><span style=\"color: red;\">G\u00fc\u00e7 Kayna\u011f\u0131: <\/span>Aletin, yaln\u0131zca isim levhas\u0131nda belirtilenle ayn\u0131 voltajl\u0131 g\u00fc\u00e7 kayna\u011f\u0131na ba\u011flanmas\u0131 gerekir ve yaln\u0131zca tek fazl\u0131 AC g\u00fc\u00e7 kayna\u011f\u0131yla \u00e7al\u0131\u015ft\u0131r\u0131labilir. \u00c7ifte yal\u0131t\u0131ml\u0131d\u0131r ve topraklamas\u0131z prizlerle de kullan\u0131labilir.<\/p>\n<p><span style=\"background-color: white; color: rgb(33, 37, 41);\">SJS II (Anti-vibrasyon sistemi): SJS II teknolojisi sayesinde en zorlu \u00e7al\u0131\u015fma ko\u015fullar\u0131 alt\u0131nda ta\u015flama ve kesme i\u015flemleri s\u0131ras\u0131nda olu\u015facak zorlamalardan kaynakl\u0131 titre\u015fimleri minimum d\u00fczeye indirerek maksimum \u00e7al\u0131\u015fma konforu sa\u011flan\u0131r.<\/span><\/p>\n<ol>\n<li data-list=\"bullet\"><span class=\"ql-ui\" contenteditable=\"false\"><\/span>\u00c7ift yal\u0131t\u0131ml\u0131d\u0131r.<\/li>\n<li data-list=\"bullet\"><span class=\"ql-ui\" contenteditable=\"false\"><\/span>Yumu\u015fak ba\u015flama \u00f6zelli\u011fi mevcuttur.<\/li>\n<li data-list=\"bullet\"><span class=\"ql-ui\" contenteditable=\"false\"><\/span>Toz emme \u00fcnitesi mevcuttur.<\/li>\n<\/ol>\n<p><span style=\"background-color: white; color: rgb(33, 37, 41);\">Ambalaj i\u00e7eri\u011fi: Yan Sap, Siper, A\u015f\u0131nd\u0131r\u0131c\u0131 ta\u015f, Anahtar<\/span><\/p>\n<p><span style=\"background-color: white; color: red;\">Pedal Tetik sistemi<\/span><\/p>\n<p><\/p>\n<p><\/p>\n","protected":false},"featured_media":10698,"comment_status":"open","ping_status":"closed","template":"","meta":{"_acf_changed":false},"product_brand":[1485],"product_cat":[1030],"product_tag":[],"class_list":{"0":"post-23110","1":"product","2":"type-product","3":"status-publish","4":"has-post-thumbnail","6":"product_brand-makita","7":"product_cat-avuc-taslamalar","9":"first","10":"instock","11":"taxable","12":"shipping-taxable","13":"purchasable","14":"product-type-simple","15":"add-to-wishlist-after_add_to_cart"},"acf":[],"_links":{"self":[{"href":"https:\/\/www.makitamarket.com.tr\/site\/wp-json\/wp\/v2\/product\/23110","targetHints":{"allow":["GET"]}}],"collection":[{"href":"https:\/\/www.makitamarket.com.tr\/site\/wp-json\/wp\/v2\/product"}],"about":[{"href":"https:\/\/www.makitamarket.com.tr\/site\/wp-json\/wp\/v2\/types\/product"}],"replies":[{"embeddable":true,"href":"https:\/\/www.makitamarket.com.tr\/site\/wp-json\/wp\/v2\/comments?post=23110"}],"wp:featuredmedia":[{"embeddable":true,"href":"https:\/\/www.makitamarket.com.tr\/site\/wp-json\/wp\/v2\/media\/10698"}],"wp:attachment":[{"href":"https:\/\/www.makitamarket.com.tr\/site\/wp-json\/wp\/v2\/media?parent=23110"}],"wp:term":[{"taxonomy":"product_brand","embeddable":true,"href":"https:\/\/www.makitamarket.com.tr\/site\/wp-json\/wp\/v2\/product_brand?post=23110"},{"taxonomy":"product_cat","embeddable":true,"href":"https:\/\/www.makitamarket.com.tr\/site\/wp-json\/wp\/v2\/product_cat?post=23110"},{"taxonomy":"product_tag","embeddable":true,"href":"https:\/\/www.makitamarket.com.tr\/site\/wp-json\/wp\/v2\/product_tag?post=23110"}],"curies":[{"name":"wp","href":"https:\/\/api.w.org\/{rel}","templated":true}]}}