{"id":23115,"date":"2025-01-06T16:37:25","date_gmt":"2025-01-06T13:37:25","guid":{"rendered":"https:\/\/www.makitamarket.com.tr\/site\/urun\/euromax-ex75047-benzinli-agac-kesim-motoru\/"},"modified":"2025-07-11T19:42:06","modified_gmt":"2025-07-11T16:42:06","slug":"euromax-ex75047-benzinli-agac-kesim-motoru","status":"publish","type":"product","link":"https:\/\/www.makitamarket.com.tr\/site\/urun\/euromax-ex75047-benzinli-agac-kesim-motoru\/","title":{"rendered":"Euromax EX75047 BENZ\u0130NL\u0130 A\u011eA\u00c7 KES\u0130M MOTORU"},"content":{"rendered":"<table>\n<tr>\n<td>Motor<\/td>\n<td>2 zamanl\u0131 benzinli<\/td>\n<\/tr>\n<tr>\n<td>Motor Silindir Hacmi<\/td>\n<td>49,3 cc<\/td>\n<\/tr>\n<tr>\n<td>Motor G\u00fcc\u00fc<\/td>\n<td>2,69 Hp &#8211; 2.0 kW<\/td>\n<\/tr>\n<tr>\n<td>Ate\u015fleme Sistemi<\/td>\n<td>Walbro Karb\u00fcrat\u00f6r, Champion Buji<\/td>\n<\/tr>\n<tr>\n<td>Kar\u0131\u015f\u0131m Oran\u0131<\/td>\n<td>1:30<\/td>\n<\/tr>\n<tr>\n<td>Yak\u0131t Kapasitesi<\/td>\n<td>0,55 Lt<\/td>\n<\/tr>\n<tr>\n<td>Ya\u011f Kapasitesi<\/td>\n<td>0,26 Lt<\/td>\n<\/tr>\n<tr>\n<td>Ya\u011flama Sistemi<\/td>\n<td>Otomatik<\/td>\n<\/tr>\n<tr>\n<td>A\u011f\u0131rl\u0131k<\/td>\n<td>6.80 kg<\/td>\n<\/tr>\n<tr>\n<td>Pala<\/td>\n<td>450mm \/ 18\u201d Oregon<\/td>\n<\/tr>\n<tr>\n<td>Zincir \u00d6l\u00e7\u00fcs\u00fc<\/td>\n<td>325\u02dd- 36 di\u015f &#8211; 1.5mm<\/td>\n<\/tr>\n<tr>\n<td>\u00c7al\u0131\u015ft\u0131rma Sistemi<\/td>\n<td>Easy Start<\/td>\n<\/tr>\n<tr>\n<td>Standart\u0131<\/td>\n<td>CE<\/td>\n<\/tr>\n<\/table>\n","protected":false},"excerpt":{"rendered":"<p>Motor 2 zamanl\u0131 benzinli Motor Silindir Hacmi 49,3 cc Motor G\u00fcc\u00fc 2,69 Hp &#8211; 2.0 kW Ate\u015fleme Sistemi Walbro Karb\u00fcrat\u00f6r, Champion Buji Kar\u0131\u015f\u0131m Oran\u0131 1:30 Yak\u0131t Kapasitesi 0,55 Lt Ya\u011f<\/p>\n","protected":false},"featured_media":10713,"comment_status":"open","ping_status":"closed","template":"","meta":{"_acf_changed":false},"product_brand":[],"product_cat":[832],"product_tag":[],"class_list":{"0":"post-23115","1":"product","2":"type-product","3":"status-publish","4":"has-post-thumbnail","6":"product_cat-benzinli","8":"first","9":"outofstock","10":"taxable","11":"shipping-taxable","12":"purchasable","13":"product-type-simple","14":"add-to-wishlist-after_add_to_cart"},"acf":[],"_links":{"self":[{"href":"https:\/\/www.makitamarket.com.tr\/site\/wp-json\/wp\/v2\/product\/23115","targetHints":{"allow":["GET"]}}],"collection":[{"href":"https:\/\/www.makitamarket.com.tr\/site\/wp-json\/wp\/v2\/product"}],"about":[{"href":"https:\/\/www.makitamarket.com.tr\/site\/wp-json\/wp\/v2\/types\/product"}],"replies":[{"embeddable":true,"href":"https:\/\/www.makitamarket.com.tr\/site\/wp-json\/wp\/v2\/comments?post=23115"}],"wp:featuredmedia":[{"embeddable":true,"href":"https:\/\/www.makitamarket.com.tr\/site\/wp-json\/wp\/v2\/media\/10713"}],"wp:attachment":[{"href":"https:\/\/www.makitamarket.com.tr\/site\/wp-json\/wp\/v2\/media?parent=23115"}],"wp:term":[{"taxonomy":"product_brand","embeddable":true,"href":"https:\/\/www.makitamarket.com.tr\/site\/wp-json\/wp\/v2\/product_brand?post=23115"},{"taxonomy":"product_cat","embeddable":true,"href":"https:\/\/www.makitamarket.com.tr\/site\/wp-json\/wp\/v2\/product_cat?post=23115"},{"taxonomy":"product_tag","embeddable":true,"href":"https:\/\/www.makitamarket.com.tr\/site\/wp-json\/wp\/v2\/product_tag?post=23115"}],"curies":[{"name":"wp","href":"https:\/\/api.w.org\/{rel}","templated":true}]}}