{"id":23117,"date":"2025-01-06T16:37:25","date_gmt":"2025-01-06T13:37:25","guid":{"rendered":"https:\/\/www.makitamarket.com.tr\/site\/urun\/gison-gw18d-1-2-havali-somun-sikma\/"},"modified":"2026-04-06T13:22:10","modified_gmt":"2026-04-06T10:22:10","slug":"gison-gw18d-1-2-havali-somun-sikma","status":"publish","type":"product","link":"https:\/\/www.makitamarket.com.tr\/site\/urun\/gison-gw18d-1-2-havali-somun-sikma\/","title":{"rendered":"Gison GW18D 1\/2&#8243; HAVALI SOMUN SIKMA"},"content":{"rendered":"<div>\n\t\u2022\u00a0<strong style=\"color: rgb(255, 0, 0);\">A\u011f\u0131r Hizmet\u00a0<\/strong><\/div>\n<div>\n\t<strong>Kullan\u0131m Alanlar\u0131:<\/strong><\/div>\n<div>\n\tHa\ufb01f ama\u00e7l\u0131 kamyon ve t\u00fcm otomotiv sekt\u00f6r\u00fcndeki onar\u0131m i\u015fleri.\u00a0<\/div>\n<table>\n<tr>\n<td>Soket \u00d6l\u00e7\u00fcs\u00fc<\/td>\n<td>1\/2&#8243; (12.7 mm.)<\/td>\n<\/tr>\n<tr>\n<td>Somun Kapasitesi<\/td>\n<td>16 mm.<\/td>\n<\/tr>\n<tr>\n<td>Tork G\u00fcc\u00fc<\/td>\n<td>62.2 kg.m (610 Nm)<\/td>\n<\/tr>\n<tr>\n<td>Net A\u011f\u0131rl\u0131k<\/td>\n<td>2.70 kg.<\/td>\n<\/tr>\n<tr>\n<td>Uzunluk<\/td>\n<td>190 mm.<\/td>\n<\/tr>\n<tr>\n<td>Hava T\u00fcketimi<\/td>\n<td>0.22 m\u00b3\/dak.<\/td>\n<\/tr>\n<tr>\n<td>Hava Giri\u015fi<\/td>\n<td>1\/4&#8243;<\/td>\n<\/tr>\n<tr>\n<td>Hortum \u00d6l\u00e7\u00fcs\u00fc <\/td>\n<td>6.5 mm<\/td>\n<\/tr>\n<tr>\n<td>G\u00fcr\u00fclt\u00fc Seviyesi<\/td>\n<td>88 dBA<\/td>\n<\/tr>\n<tr>\n<td>Sars\u0131nt\u0131 Seviyesi<\/td>\n<td>2.8 m\/S\u00b2<\/td>\n<\/tr>\n<tr>\n<td>Hava Bas\u0131nc\u0131<\/td>\n<td>90 psi (6.3 kg\/cm\u00b3)<\/td>\n<\/tr>\n<tr>\n<td>Mekanizma<\/td>\n<td>Pin Clutch<\/td>\n<\/tr>\n<tr>\n<td>Standart\u0131<\/td>\n<td>CE-Made in Taiwan<\/td>\n<\/tr>\n<\/table>\n","protected":false},"excerpt":{"rendered":"<div>\n\t\u2022\u00a0<strong style=\"color: rgb(255, 0, 0);\">A\u011f\u0131r Hizmet\u00a0<\/strong><\/div>\n<div>\n\t<strong>Kullan\u0131m Alanlar\u0131:<\/strong><\/div>\n<div>\n\tHa\ufb01f ama\u00e7l\u0131 kamyon ve t\u00fcm otomotiv sekt\u00f6r\u00fcndeki onar\u0131m i\u015fleri.\u00a0<\/div>\n","protected":false},"featured_media":10716,"comment_status":"open","ping_status":"closed","template":"","meta":{"_acf_changed":false},"product_brand":[1512],"product_cat":[880],"product_tag":[],"class_list":{"0":"post-23117","1":"product","2":"type-product","3":"status-publish","4":"has-post-thumbnail","6":"product_brand-gison","7":"product_cat-havali-somun-sikmalar","9":"first","10":"instock","11":"taxable","12":"shipping-taxable","13":"purchasable","14":"product-type-simple","15":"add-to-wishlist-after_add_to_cart"},"acf":[],"_links":{"self":[{"href":"https:\/\/www.makitamarket.com.tr\/site\/wp-json\/wp\/v2\/product\/23117","targetHints":{"allow":["GET"]}}],"collection":[{"href":"https:\/\/www.makitamarket.com.tr\/site\/wp-json\/wp\/v2\/product"}],"about":[{"href":"https:\/\/www.makitamarket.com.tr\/site\/wp-json\/wp\/v2\/types\/product"}],"replies":[{"embeddable":true,"href":"https:\/\/www.makitamarket.com.tr\/site\/wp-json\/wp\/v2\/comments?post=23117"}],"wp:featuredmedia":[{"embeddable":true,"href":"https:\/\/www.makitamarket.com.tr\/site\/wp-json\/wp\/v2\/media\/10716"}],"wp:attachment":[{"href":"https:\/\/www.makitamarket.com.tr\/site\/wp-json\/wp\/v2\/media?parent=23117"}],"wp:term":[{"taxonomy":"product_brand","embeddable":true,"href":"https:\/\/www.makitamarket.com.tr\/site\/wp-json\/wp\/v2\/product_brand?post=23117"},{"taxonomy":"product_cat","embeddable":true,"href":"https:\/\/www.makitamarket.com.tr\/site\/wp-json\/wp\/v2\/product_cat?post=23117"},{"taxonomy":"product_tag","embeddable":true,"href":"https:\/\/www.makitamarket.com.tr\/site\/wp-json\/wp\/v2\/product_tag?post=23117"}],"curies":[{"name":"wp","href":"https:\/\/api.w.org\/{rel}","templated":true}]}}