{"id":23120,"date":"2025-01-06T16:37:30","date_gmt":"2025-01-06T13:37:30","guid":{"rendered":"https:\/\/www.makitamarket.com.tr\/site\/urun\/gison-gp867-havali-kalem-tornavida\/"},"modified":"2026-04-06T13:24:05","modified_gmt":"2026-04-06T10:24:05","slug":"gison-gp867-havali-kalem-tornavida","status":"publish","type":"product","link":"https:\/\/www.makitamarket.com.tr\/site\/urun\/gison-gp867-havali-kalem-tornavida\/","title":{"rendered":"Gison GP867 HAVALI KALEM TORNAV\u0130DA"},"content":{"rendered":"<div>\n<div>\n\t\t\u2022 Kalem<\/div>\n<div>\n\t\t\u2022 Sa\u011f ve Sol Devir Y\u00f6n\u00fc<\/div>\n<div>\n\t\t\u2022 Tork Ayar\u0131<\/div>\n<div>\n\t\t\u2022 Darbeli Tip (Impact Type)\u00a0<\/div>\n<\/div>\n<div>\n\t<strong>Kullan\u0131m Alanlar\u0131:<\/strong><\/div>\n<div>\n\tMarangozlarda, duvar panosu ve kap\u0131-pencere imalat\u0131,fabrika \u00fcretim bantlar\u0131,oto tamirhaneleri, at\u00f6lyeler vbg.\u00a0<\/div>\n<table>\n<tr>\n<td>Vida Kapasitesi<\/td>\n<td>5.0 mm &#8211; 6.0 mm.<\/td>\n<\/tr>\n<tr>\n<td>Apex \u00d6l\u00e7\u00fcs\u00fc<\/td>\n<td>1\/4&#8243;<\/td>\n<\/tr>\n<tr>\n<td>En Y\u00fcksek H\u0131z<\/td>\n<td>8.500 rpm.<\/td>\n<\/tr>\n<tr>\n<td>Net A\u011f\u0131rl\u0131k<\/td>\n<td>1.12 kg.<\/td>\n<\/tr>\n<tr>\n<td>Uzunluk<\/td>\n<td>215 mm.<\/td>\n<\/tr>\n<tr>\n<td>Hava T\u00fcketimi<\/td>\n<td>0.23 m\u00b3\/dak.<\/td>\n<\/tr>\n<tr>\n<td>Hava Giri\u015fi<\/td>\n<td>1\/4&#8243;<\/td>\n<\/tr>\n<tr>\n<td>Hortum \u00d6l\u00e7\u00fcs\u00fc <\/td>\n<td>6.5 mm.<\/td>\n<\/tr>\n<tr>\n<td>G\u00fcr\u00fclt\u00fc Seviyesi<\/td>\n<td>95 dBA<\/td>\n<\/tr>\n<tr>\n<td>Sars\u0131nt\u0131 Seviyesi<\/td>\n<td><2.5 m\/S\u00b2<\/td>\n<\/tr>\n<tr>\n<td>Hava Bas\u0131nc\u0131<\/td>\n<td>90 psi (6.3 kg.\/cm\u00b2)<\/td>\n<\/tr>\n<tr>\n<td>Standart\u0131<\/td>\n<td>CE-Made in Taiwan<\/td>\n<\/tr>\n<\/table>\n","protected":false},"excerpt":{"rendered":"<div>\n<div>\n\t\t\u2022 Kalem<\/div>\n<div>\n\t\t\u2022 Sa\u011f ve Sol Devir Y\u00f6n\u00fc<\/div>\n<div>\n\t\t\u2022 Tork Ayar\u0131<\/div>\n<div>\n\t\t\u2022 Darbeli Tip (Impact Type)\u00a0<\/div>\n<\/div>\n<div>\n\t<strong>Kullan\u0131m Alanlar\u0131:<\/strong><\/div>\n<div>\n\tMarangozlarda, duvar panosu ve kap\u0131-pencere imalat\u0131,fabrika \u00fcretim bantlar\u0131,oto tamirhaneleri, at\u00f6lyeler vbg.\u00a0<\/div>\n","protected":false},"featured_media":10784,"comment_status":"open","ping_status":"closed","template":"","meta":{"_acf_changed":false},"product_brand":[1512],"product_cat":[997],"product_tag":[],"class_list":{"0":"post-23120","1":"product","2":"type-product","3":"status-publish","4":"has-post-thumbnail","6":"product_brand-gison","7":"product_cat-havali-tornavidalar","9":"first","10":"instock","11":"taxable","12":"shipping-taxable","13":"purchasable","14":"product-type-simple","15":"add-to-wishlist-after_add_to_cart"},"acf":[],"_links":{"self":[{"href":"https:\/\/www.makitamarket.com.tr\/site\/wp-json\/wp\/v2\/product\/23120","targetHints":{"allow":["GET"]}}],"collection":[{"href":"https:\/\/www.makitamarket.com.tr\/site\/wp-json\/wp\/v2\/product"}],"about":[{"href":"https:\/\/www.makitamarket.com.tr\/site\/wp-json\/wp\/v2\/types\/product"}],"replies":[{"embeddable":true,"href":"https:\/\/www.makitamarket.com.tr\/site\/wp-json\/wp\/v2\/comments?post=23120"}],"wp:featuredmedia":[{"embeddable":true,"href":"https:\/\/www.makitamarket.com.tr\/site\/wp-json\/wp\/v2\/media\/10784"}],"wp:attachment":[{"href":"https:\/\/www.makitamarket.com.tr\/site\/wp-json\/wp\/v2\/media?parent=23120"}],"wp:term":[{"taxonomy":"product_brand","embeddable":true,"href":"https:\/\/www.makitamarket.com.tr\/site\/wp-json\/wp\/v2\/product_brand?post=23120"},{"taxonomy":"product_cat","embeddable":true,"href":"https:\/\/www.makitamarket.com.tr\/site\/wp-json\/wp\/v2\/product_cat?post=23120"},{"taxonomy":"product_tag","embeddable":true,"href":"https:\/\/www.makitamarket.com.tr\/site\/wp-json\/wp\/v2\/product_tag?post=23120"}],"curies":[{"name":"wp","href":"https:\/\/api.w.org\/{rel}","templated":true}]}}