{"id":23125,"date":"2025-01-06T16:37:32","date_gmt":"2025-01-06T13:37:32","guid":{"rendered":"https:\/\/www.makitamarket.com.tr\/site\/urun\/knipex-975233-papuc-sikma-pensi-220-mm\/"},"modified":"2026-03-30T07:53:25","modified_gmt":"2026-03-30T04:53:25","slug":"knipex-975233-papuc-sikma-pensi-220-mm","status":"publish","type":"product","link":"https:\/\/www.makitamarket.com.tr\/site\/urun\/knipex-975233-papuc-sikma-pensi-220-mm\/","title":{"rendered":"Knipex 975233 PAPU\u00c7 SIKMA PENS\u0130 220 mm"},"content":{"rendered":"<p><b>97 52 33 KNIPEX PreciForce\u00ae<\/b><br \/>Y\u00fcksek kilitleme, s\u0131kma mekanizmas\u0131 sayesinde;kolay s\u0131kma yap\u0131l\u0131labilir. S\u0131kma bask\u0131s\u0131 fabrika taraf\u0131ndan tam olarak ayarlanm\u0131\u015ft\u0131r (kalibrasyonlu). Yayl\u0131 ara aparat\u0131 sayesinde kullan\u0131c\u0131y\u0131 yormaz,optimum g\u00fc\u00e7 aktar\u0131m\u0131 sa\u011flan\u0131r. Rahat sap konumu, hafifli\u011fi, k\u0131sa yap\u0131s\u0131 ve ergonomik saplar\u0131 sayesinde ele yatk\u0131nd\u0131r <\/p>\n<li><b>Uygulama: <\/b>DIN 46234 ve DIN 46235 uyar\u0131nca, izolesiz ezilme, boru tipi ve presleme kablo pabu\u00e7lar\u0131 ve DIN 46341 ve DIN 46267 uyar\u0131nca, izolesiz ezilme, s\u0131k\u0131\u015ft\u0131rmal\u0131 ve presleme konekt\u00f6rleri<\/li>\n<li><b>Kapasite milimetrekare: <\/b>0,5 \u2014 10,0 mm\u00b2<\/li>\n<li><b>Yuva say\u0131s\u0131: <\/b>4<\/li>\n<li><b>AWG: <\/b>20 \u2014 8 <\/li>\n<table>\n<tr>\n<td>Uzunluk<\/td>\n<td>220<\/td>\n<\/tr>\n<tr>\n<td>Kapasite<\/td>\n<td>0.5-1-1.5-2.5 -4-6-10mm\u00b2<\/td>\n<\/tr>\n<tr>\n<td>A\u011f\u0131rl\u0131k<\/td>\n<td>478 gr<\/td>\n<\/tr>\n<\/table>\n","protected":false},"excerpt":{"rendered":"<p><b>97 52 33 KNIPEX PreciForce\u00ae<\/b><br \/>Y\u00fcksek kilitleme, s\u0131kma mekanizmas\u0131 sayesinde;kolay s\u0131kma yap\u0131l\u0131labilir. S\u0131kma bask\u0131s\u0131 fabrika taraf\u0131ndan tam olarak ayarlanm\u0131\u015ft\u0131r (kalibrasyonlu). Yayl\u0131 ara aparat\u0131 sayesinde kullan\u0131c\u0131y\u0131 yormaz,optimum g\u00fc\u00e7 aktar\u0131m\u0131 sa\u011flan\u0131r. Rahat sap konumu, hafifli\u011fi, k\u0131sa yap\u0131s\u0131 ve ergonomik saplar\u0131 sayesinde ele yatk\u0131nd\u0131r <\/p>\n<li><b>Uygulama: <\/b>DIN 46234 ve DIN 46235 uyar\u0131nca, izolesiz ezilme, boru tipi ve presleme kablo pabu\u00e7lar\u0131 ve DIN 46341 ve DIN 46267 uyar\u0131nca, izolesiz ezilme, s\u0131k\u0131\u015ft\u0131rmal\u0131 ve presleme konekt\u00f6rleri<\/li>\n<li><b>Kapasite milimetrekare: <\/b>0,5 \u2014 10,0 mm\u00b2<\/li>\n<li><b>Yuva say\u0131s\u0131: <\/b>4<\/li>\n<li><b>AWG: <\/b>20 \u2014 8 <\/li>\n","protected":false},"featured_media":10814,"comment_status":"open","ping_status":"closed","template":"","meta":{"_acf_changed":false},"product_brand":[1486],"product_cat":[852],"product_tag":[],"class_list":{"0":"post-23125","1":"product","2":"type-product","3":"status-publish","4":"has-post-thumbnail","6":"product_brand-knipex","7":"product_cat-kablo-yuksuk-ve-pabuc-sikmalar","9":"first","10":"outofstock","11":"taxable","12":"shipping-taxable","13":"purchasable","14":"product-type-simple","15":"add-to-wishlist-after_add_to_cart"},"acf":[],"_links":{"self":[{"href":"https:\/\/www.makitamarket.com.tr\/site\/wp-json\/wp\/v2\/product\/23125","targetHints":{"allow":["GET"]}}],"collection":[{"href":"https:\/\/www.makitamarket.com.tr\/site\/wp-json\/wp\/v2\/product"}],"about":[{"href":"https:\/\/www.makitamarket.com.tr\/site\/wp-json\/wp\/v2\/types\/product"}],"replies":[{"embeddable":true,"href":"https:\/\/www.makitamarket.com.tr\/site\/wp-json\/wp\/v2\/comments?post=23125"}],"wp:featuredmedia":[{"embeddable":true,"href":"https:\/\/www.makitamarket.com.tr\/site\/wp-json\/wp\/v2\/media\/10814"}],"wp:attachment":[{"href":"https:\/\/www.makitamarket.com.tr\/site\/wp-json\/wp\/v2\/media?parent=23125"}],"wp:term":[{"taxonomy":"product_brand","embeddable":true,"href":"https:\/\/www.makitamarket.com.tr\/site\/wp-json\/wp\/v2\/product_brand?post=23125"},{"taxonomy":"product_cat","embeddable":true,"href":"https:\/\/www.makitamarket.com.tr\/site\/wp-json\/wp\/v2\/product_cat?post=23125"},{"taxonomy":"product_tag","embeddable":true,"href":"https:\/\/www.makitamarket.com.tr\/site\/wp-json\/wp\/v2\/product_tag?post=23125"}],"curies":[{"name":"wp","href":"https:\/\/api.w.org\/{rel}","templated":true}]}}