{"id":23126,"date":"2025-01-06T16:37:34","date_gmt":"2025-01-06T13:37:34","guid":{"rendered":"https:\/\/www.makitamarket.com.tr\/site\/urun\/rainpump-sgjw110-jet-pompa\/"},"modified":"2025-11-16T05:55:25","modified_gmt":"2025-11-16T02:55:25","slug":"rainpump-sgjw110-jet-pompa","status":"publish","type":"product","link":"https:\/\/www.makitamarket.com.tr\/site\/urun\/rainpump-sgjw110-jet-pompa\/","title":{"rendered":"Rainpump SGJW110 JET POMPA"},"content":{"rendered":"<p>\n\t\u00a0<\/p>\n<p>\n\t<span _fck_bookmark=\"1\" style=\"display: none;\">\u00a0<\/span><\/p>\n<table>\n<tr>\n<td>G\u00fc\u00e7 (Kw-Hp)<\/td>\n<td>1,1kw-1,5hp<\/td>\n<\/tr>\n<tr>\n<td>Giri\u015f \u00c7ap\u0131  (\u0130nch)<\/td>\n<td>1&#8243;<\/td>\n<\/tr>\n<tr>\n<td>\u00c7\u0131k\u0131\u015f \u00e7ap\u0131<\/td>\n<td>1&#8243;<\/td>\n<\/tr>\n<tr>\n<td>Maksimum Debi m3\/saat<\/td>\n<td>6<\/td>\n<\/tr>\n<tr>\n<td>Maksimum Basma Y\u00fcksekli\u011fi (m)<\/td>\n<td>52<\/td>\n<\/tr>\n<tr>\n<td>Basma Y\u00fcksekli\u011fi<\/td>\n<td>0,6-51\/1,2-50-1,8-48,5\/2,4-46,5-3-43,5\/3,6-39,5-4,2-34,5\/4,8-28-5,4-18,5\/6-4<\/td>\n<\/tr>\n<tr>\n<td>Emme Derinli\u011fi<\/td>\n<td>9<\/td>\n<\/tr>\n<tr>\n<td>\u00d6l\u00e7\u00fc (mm)<\/td>\n<td>475x195x240<\/td>\n<\/tr>\n<tr>\n<td>A\u011f\u0131rl\u0131k (Kg)<\/td>\n<td>18<\/td>\n<\/tr>\n<tr>\n<td>Voltaj<\/td>\n<td>220V (Monofaze)<\/td>\n<\/tr>\n<\/table>\n","protected":false},"excerpt":{"rendered":"<p>\n\t\u00a0<\/p>\n<p>\n\t<span _fck_bookmark=\"1\" style=\"display: none;\">\u00a0<\/span><\/p>\n","protected":false},"featured_media":10818,"comment_status":"open","ping_status":"closed","template":"","meta":{"_acf_changed":false},"product_brand":[1517],"product_cat":[1039],"product_tag":[],"class_list":{"0":"post-23126","1":"product","2":"type-product","3":"status-publish","4":"has-post-thumbnail","6":"product_brand-rainpump","7":"product_cat-jet-pompalar","9":"first","10":"outofstock","11":"taxable","12":"shipping-taxable","13":"purchasable","14":"product-type-simple","15":"add-to-wishlist-after_add_to_cart"},"acf":[],"_links":{"self":[{"href":"https:\/\/www.makitamarket.com.tr\/site\/wp-json\/wp\/v2\/product\/23126","targetHints":{"allow":["GET"]}}],"collection":[{"href":"https:\/\/www.makitamarket.com.tr\/site\/wp-json\/wp\/v2\/product"}],"about":[{"href":"https:\/\/www.makitamarket.com.tr\/site\/wp-json\/wp\/v2\/types\/product"}],"replies":[{"embeddable":true,"href":"https:\/\/www.makitamarket.com.tr\/site\/wp-json\/wp\/v2\/comments?post=23126"}],"wp:featuredmedia":[{"embeddable":true,"href":"https:\/\/www.makitamarket.com.tr\/site\/wp-json\/wp\/v2\/media\/10818"}],"wp:attachment":[{"href":"https:\/\/www.makitamarket.com.tr\/site\/wp-json\/wp\/v2\/media?parent=23126"}],"wp:term":[{"taxonomy":"product_brand","embeddable":true,"href":"https:\/\/www.makitamarket.com.tr\/site\/wp-json\/wp\/v2\/product_brand?post=23126"},{"taxonomy":"product_cat","embeddable":true,"href":"https:\/\/www.makitamarket.com.tr\/site\/wp-json\/wp\/v2\/product_cat?post=23126"},{"taxonomy":"product_tag","embeddable":true,"href":"https:\/\/www.makitamarket.com.tr\/site\/wp-json\/wp\/v2\/product_tag?post=23126"}],"curies":[{"name":"wp","href":"https:\/\/api.w.org\/{rel}","templated":true}]}}