{"id":23132,"date":"2025-01-06T16:37:36","date_gmt":"2025-01-06T13:37:36","guid":{"rendered":"https:\/\/www.makitamarket.com.tr\/site\/urun\/stark-tct355ftx90-metal-kesim-testeresi-355x24x254-mm-90-dis\/"},"modified":"2026-01-23T12:58:10","modified_gmt":"2026-01-23T09:58:10","slug":"stark-tct355ftx90-metal-kesim-testeresi-355x24x254-mm-90-dis","status":"publish","type":"product","link":"https:\/\/www.makitamarket.com.tr\/site\/urun\/stark-tct355ftx90-metal-kesim-testeresi-355x24x254-mm-90-dis\/","title":{"rendered":"Stark TCT355FTX90 METAL KES\u0130M TESTERES\u0130 355&#215;2,4&#215;25,4 mm 90 D\u0130\u015e"},"content":{"rendered":"<table>\n<tr>\n<td>Testere \u00e7ap\u0131<\/td>\n<td>355<\/td>\n<\/tr>\n<tr>\n<td>Et Kal\u0131nl\u0131\u011f\u0131<\/td>\n<td>2,4<\/td>\n<\/tr>\n<tr>\n<td>Delik \u00c7ap\u0131<\/td>\n<td>25,4<\/td>\n<\/tr>\n<tr>\n<td>Di\u015f \u00d6l\u00e7\u00fcs\u00fc<\/td>\n<td>90<\/td>\n<\/tr>\n<\/table>\n","protected":false},"excerpt":{"rendered":"<p>Testere \u00e7ap\u0131 355 Et Kal\u0131nl\u0131\u011f\u0131 2,4 Delik \u00c7ap\u0131 25,4 Di\u015f \u00d6l\u00e7\u00fcs\u00fc 90<\/p>\n","protected":false},"featured_media":10862,"comment_status":"open","ping_status":"closed","template":"","meta":{"_acf_changed":false},"product_brand":[1545],"product_cat":[1068],"product_tag":[],"class_list":{"0":"post-23132","1":"product","2":"type-product","3":"status-publish","4":"has-post-thumbnail","6":"product_brand-stark","7":"product_cat-testereler-aksesuarlar-aksesuarlar","9":"first","10":"outofstock","11":"taxable","12":"shipping-taxable","13":"purchasable","14":"product-type-simple","15":"add-to-wishlist-after_add_to_cart"},"acf":[],"_links":{"self":[{"href":"https:\/\/www.makitamarket.com.tr\/site\/wp-json\/wp\/v2\/product\/23132","targetHints":{"allow":["GET"]}}],"collection":[{"href":"https:\/\/www.makitamarket.com.tr\/site\/wp-json\/wp\/v2\/product"}],"about":[{"href":"https:\/\/www.makitamarket.com.tr\/site\/wp-json\/wp\/v2\/types\/product"}],"replies":[{"embeddable":true,"href":"https:\/\/www.makitamarket.com.tr\/site\/wp-json\/wp\/v2\/comments?post=23132"}],"wp:featuredmedia":[{"embeddable":true,"href":"https:\/\/www.makitamarket.com.tr\/site\/wp-json\/wp\/v2\/media\/10862"}],"wp:attachment":[{"href":"https:\/\/www.makitamarket.com.tr\/site\/wp-json\/wp\/v2\/media?parent=23132"}],"wp:term":[{"taxonomy":"product_brand","embeddable":true,"href":"https:\/\/www.makitamarket.com.tr\/site\/wp-json\/wp\/v2\/product_brand?post=23132"},{"taxonomy":"product_cat","embeddable":true,"href":"https:\/\/www.makitamarket.com.tr\/site\/wp-json\/wp\/v2\/product_cat?post=23132"},{"taxonomy":"product_tag","embeddable":true,"href":"https:\/\/www.makitamarket.com.tr\/site\/wp-json\/wp\/v2\/product_tag?post=23132"}],"curies":[{"name":"wp","href":"https:\/\/api.w.org\/{rel}","templated":true}]}}