{"id":23137,"date":"2025-01-06T16:37:42","date_gmt":"2025-01-06T13:37:42","guid":{"rendered":"https:\/\/www.makitamarket.com.tr\/site\/urun\/leica-rmt300-profesyonel-agir-hizmet-tripod-5-8\/"},"modified":"2026-04-06T13:28:20","modified_gmt":"2026-04-06T10:28:20","slug":"leica-rmt300-profesyonel-agir-hizmet-tripod-5-8","status":"publish","type":"product","link":"https:\/\/www.makitamarket.com.tr\/site\/urun\/leica-rmt300-profesyonel-agir-hizmet-tripod-5-8\/","title":{"rendered":"Leica RMT300 PROFESYONEL A\u011eIR H\u0130ZMET TR\u0130POD 5\/8&#8243;"},"content":{"rendered":"<p>\n\tTripod ayaklar\u0131 kaymay\u0131 \u00f6nleyen lastik muhafazal\u0131d\u0131r ayn\u0131 zamanda ayaklarda zincir ba\u011flant\u0131s\u0131 bulunmaktad\u0131r. CM skalal\u0131d\u0131r. T\u00fcm Rugby , Roteo, NA300 ve Sprinter serisi cihazlar i\u00e7in.<\/p>\n<table>\n<tr>\n<td>\u00c7al\u0131\u015fma Y\u00fcksekli\u011fi<\/td>\n<td>120-290cm<\/td>\n<\/tr>\n<tr>\n<td>Tripod Ba\u011flant\u0131s\u0131<\/td>\n<td>5\/8&#8220;<\/td>\n<\/tr>\n<tr>\n<td>A\u011f\u0131rl\u0131k<\/td>\n<td>7.6Kg<\/td>\n<\/tr>\n<tr>\n<td>Uyumluluk<\/td>\n<td>T\u00fcm Roteo , Jogger , Agatec ve Sprinter serisi i\u00e7in<\/td>\n<\/tr>\n<tr>\n<td>Maksimum Y\u00fckseklik<\/td>\n<td>300 cm<\/td>\n<\/tr>\n<\/table>\n","protected":false},"excerpt":{"rendered":"<p>\n\tTripod ayaklar\u0131 kaymay\u0131 \u00f6nleyen lastik muhafazal\u0131d\u0131r ayn\u0131 zamanda ayaklarda zincir ba\u011flant\u0131s\u0131 bulunmaktad\u0131r. CM skalal\u0131d\u0131r. T\u00fcm Rugby , Roteo, NA300 ve Sprinter serisi cihazlar i\u00e7in.<\/p>\n","protected":false},"featured_media":10960,"comment_status":"open","ping_status":"closed","template":"","meta":{"_acf_changed":false},"product_brand":[1504],"product_cat":[837],"product_tag":[],"class_list":{"0":"post-23137","1":"product","2":"type-product","3":"status-publish","4":"has-post-thumbnail","6":"product_brand-leica","7":"product_cat-lazerli-olcum-cihazlari","9":"first","10":"instock","11":"taxable","12":"shipping-taxable","13":"purchasable","14":"product-type-simple","15":"add-to-wishlist-after_add_to_cart"},"acf":[],"_links":{"self":[{"href":"https:\/\/www.makitamarket.com.tr\/site\/wp-json\/wp\/v2\/product\/23137","targetHints":{"allow":["GET"]}}],"collection":[{"href":"https:\/\/www.makitamarket.com.tr\/site\/wp-json\/wp\/v2\/product"}],"about":[{"href":"https:\/\/www.makitamarket.com.tr\/site\/wp-json\/wp\/v2\/types\/product"}],"replies":[{"embeddable":true,"href":"https:\/\/www.makitamarket.com.tr\/site\/wp-json\/wp\/v2\/comments?post=23137"}],"wp:featuredmedia":[{"embeddable":true,"href":"https:\/\/www.makitamarket.com.tr\/site\/wp-json\/wp\/v2\/media\/10960"}],"wp:attachment":[{"href":"https:\/\/www.makitamarket.com.tr\/site\/wp-json\/wp\/v2\/media?parent=23137"}],"wp:term":[{"taxonomy":"product_brand","embeddable":true,"href":"https:\/\/www.makitamarket.com.tr\/site\/wp-json\/wp\/v2\/product_brand?post=23137"},{"taxonomy":"product_cat","embeddable":true,"href":"https:\/\/www.makitamarket.com.tr\/site\/wp-json\/wp\/v2\/product_cat?post=23137"},{"taxonomy":"product_tag","embeddable":true,"href":"https:\/\/www.makitamarket.com.tr\/site\/wp-json\/wp\/v2\/product_tag?post=23137"}],"curies":[{"name":"wp","href":"https:\/\/api.w.org\/{rel}","templated":true}]}}