{"id":23139,"date":"2025-01-06T16:37:44","date_gmt":"2025-01-06T13:37:44","guid":{"rendered":"https:\/\/www.makitamarket.com.tr\/site\/urun\/clipper-22314-pro-universal-laser-testere-300-mm\/"},"modified":"2026-04-06T13:29:08","modified_gmt":"2026-04-06T10:29:08","slug":"clipper-22314-pro-universal-laser-testere-300-mm","status":"publish","type":"product","link":"https:\/\/www.makitamarket.com.tr\/site\/urun\/clipper-22314-pro-universal-laser-testere-300-mm\/","title":{"rendered":"Clipper 22314 PRO UNIVERSAL LASER &#8211; TESTERE 300 mm"},"content":{"rendered":"<p>\n\tBeton plaka ve genel ama\u00e7l\u0131 in\u015faat malzemeleri i\u00e7in\u00a0<\/p>\n<table>\n<tr>\n<td>\u00c7ap<\/td>\n<td>300mm<\/td>\n<\/tr>\n<tr>\n<td>Merkez<\/td>\n<td>25,4mm<\/td>\n<\/tr>\n<tr>\n<td>Segman (Y\/G-mm)<\/td>\n<td>10\/2,8 mm<\/td>\n<\/tr>\n<tr>\n<td>Performans<\/td>\n<td>4 y\u0131ld\u0131z<\/td>\n<\/tr>\n<tr>\n<td>Model s\u0131n\u0131f\u0131<\/td>\n<td>Pro line<\/td>\n<\/tr>\n<\/table>\n","protected":false},"excerpt":{"rendered":"<p>\n\tBeton plaka ve genel ama\u00e7l\u0131 in\u015faat malzemeleri i\u00e7in\u00a0<\/p>\n","protected":false},"featured_media":10978,"comment_status":"open","ping_status":"closed","template":"","meta":{"_acf_changed":false},"product_brand":[1497],"product_cat":[1565],"product_tag":[],"class_list":{"0":"post-23139","1":"product","2":"type-product","3":"status-publish","4":"has-post-thumbnail","6":"product_brand-clipper","7":"product_cat-yok-yok","9":"first","10":"instock","11":"taxable","12":"shipping-taxable","13":"purchasable","14":"product-type-simple","15":"add-to-wishlist-after_add_to_cart"},"acf":[],"_links":{"self":[{"href":"https:\/\/www.makitamarket.com.tr\/site\/wp-json\/wp\/v2\/product\/23139","targetHints":{"allow":["GET"]}}],"collection":[{"href":"https:\/\/www.makitamarket.com.tr\/site\/wp-json\/wp\/v2\/product"}],"about":[{"href":"https:\/\/www.makitamarket.com.tr\/site\/wp-json\/wp\/v2\/types\/product"}],"replies":[{"embeddable":true,"href":"https:\/\/www.makitamarket.com.tr\/site\/wp-json\/wp\/v2\/comments?post=23139"}],"wp:featuredmedia":[{"embeddable":true,"href":"https:\/\/www.makitamarket.com.tr\/site\/wp-json\/wp\/v2\/media\/10978"}],"wp:attachment":[{"href":"https:\/\/www.makitamarket.com.tr\/site\/wp-json\/wp\/v2\/media?parent=23139"}],"wp:term":[{"taxonomy":"product_brand","embeddable":true,"href":"https:\/\/www.makitamarket.com.tr\/site\/wp-json\/wp\/v2\/product_brand?post=23139"},{"taxonomy":"product_cat","embeddable":true,"href":"https:\/\/www.makitamarket.com.tr\/site\/wp-json\/wp\/v2\/product_cat?post=23139"},{"taxonomy":"product_tag","embeddable":true,"href":"https:\/\/www.makitamarket.com.tr\/site\/wp-json\/wp\/v2\/product_tag?post=23139"}],"curies":[{"name":"wp","href":"https:\/\/api.w.org\/{rel}","templated":true}]}}