{"id":23152,"date":"2025-01-06T16:37:55","date_gmt":"2025-01-06T13:37:55","guid":{"rendered":"https:\/\/www.makitamarket.com.tr\/site\/urun\/mapa-ultranitril485-kimyasal-koruma-eldiveni-no-9-9-5\/"},"modified":"2026-04-06T13:32:57","modified_gmt":"2026-04-06T10:32:57","slug":"mapa-ultranitril485-kimyasal-koruma-eldiveni-no-9-9-5","status":"publish","type":"product","link":"https:\/\/www.makitamarket.com.tr\/site\/urun\/mapa-ultranitril485-kimyasal-koruma-eldiveni-no-9-9-5\/","title":{"rendered":"Mapa ULTRANITRIL485 K\u0130MYASAL KORUMA ELD\u0130VEN\u0130 NO: 9 &#8211; 9.5"},"content":{"rendered":"<div>\n\t<strong>Kullan\u0131m Alanlar\u0131:<\/strong><\/div>\n<div>\n<div id=\"cke_pastebin\">\n<div id=\"cke_pastebin\">\n<div id=\"cke_pastebin\">\n\t\t\t\tMakina End\u00fcstrisi:<\/div>\n<div id=\"cke_pastebin\">\n\t\t\t\tKesme ya\u011f\u0131 kullanarak makinayla i\u015fleme<\/div>\n<div>\n\t\t\t\t\u00a0<\/div>\n<div id=\"cke_pastebin\">\n\t\t\t\tKimya End\u00fcstrisi:<\/div>\n<div id=\"cke_pastebin\">\n\t\t\t\tBoya, vernik \u00fcretimi ve uygulamalar\u0131<\/div>\n<div>\n\t\t\t\t\u00a0<\/div>\n<div id=\"cke_pastebin\">\n\t\t\t\tDi\u011fer Sekt\u00f6rler:<\/div>\n<div id=\"cke_pastebin\">\n\t\t\t\t\u0130la\u00e7lama uygulamas\u0131<\/div>\n<div id=\"cke_pastebin\">\n\t\t\t\tBak\u0131m<\/div>\n<div id=\"cke_pastebin\">\n\t\t\t\tKereste i\u015fleme ve bitirme i\u015fleri<\/div><\/div><\/div>\n<\/div>\n<table>\n<tr>\n<td>Uzunluk \/ Kal\u0131nl\u0131k<\/td>\n<td>31cm \/ 0,34mm<\/td>\n<\/tr>\n<tr>\n<td>\u00d6l\u00e7\u00fc<\/td>\n<td>9 &#8211; 9.5<\/td>\n<\/tr>\n<tr>\n<td>Standard\u0131<\/td>\n<td>EN 388 &#8211; 3101X<\/td>\n<\/tr>\n<tr>\n<td>Standard\u0131<\/td>\n<td>EN 374-1 &#8211; JKOPT<\/td>\n<\/tr>\n<tr>\n<td>Standard\u0131<\/td>\n<td>EN 374-5<\/td>\n<\/tr>\n<tr>\n<td>Standard\u0131<\/td>\n<td>EN 420 &#8211; CAT3<\/td>\n<\/tr>\n<tr>\n<td>Koli Miktar\u0131<\/td>\n<td>72 \u00c7ift<\/td>\n<\/tr>\n<tr>\n<td>Kaplama<\/td>\n<td>Nitril<\/td>\n<\/tr>\n<tr>\n<td>Tan\u0131m<\/td>\n<td>Standart kimyasal koruma i\u00e7in  y\u00fcksek hassasiyet<\/td>\n<\/tr>\n<tr>\n<td>\u0130\u00e7 \/ D\u0131\u015f Y\u00fczey<\/td>\n<td>Pamuk hav\u0131 emdirilmi\u015f \/ Kabartma doku<\/td>\n<\/tr>\n<\/table>\n","protected":false},"excerpt":{"rendered":"<div>\n\t<strong>Kullan\u0131m Alanlar\u0131:<\/strong><\/div>\n<div>\n<div id=\"cke_pastebin\">\n<div id=\"cke_pastebin\">\n<div id=\"cke_pastebin\">\n\t\t\t\tMakina End\u00fcstrisi:<\/div>\n<div id=\"cke_pastebin\">\n\t\t\t\tKesme ya\u011f\u0131 kullanarak makinayla i\u015fleme<\/div>\n<div>\n\t\t\t\t\u00a0<\/div>\n<div id=\"cke_pastebin\">\n\t\t\t\tKimya End\u00fcstrisi:<\/div>\n<div id=\"cke_pastebin\">\n\t\t\t\tBoya, vernik \u00fcretimi ve uygulamalar\u0131<\/div>\n<div>\n\t\t\t\t\u00a0<\/div>\n<div id=\"cke_pastebin\">\n\t\t\t\tDi\u011fer Sekt\u00f6rler:<\/div>\n<div id=\"cke_pastebin\">\n\t\t\t\t\u0130la\u00e7lama uygulamas\u0131<\/div>\n<div id=\"cke_pastebin\">\n\t\t\t\tBak\u0131m<\/div>\n<div id=\"cke_pastebin\">\n\t\t\t\tKereste i\u015fleme ve bitirme i\u015fleri<\/div>\n<\/p><\/div>\n<\/p><\/div>\n<\/div>\n","protected":false},"featured_media":11132,"comment_status":"open","ping_status":"closed","template":"","meta":{"_acf_changed":false},"product_brand":[1521],"product_cat":[708],"product_tag":[],"class_list":{"0":"post-23152","1":"product","2":"type-product","3":"status-publish","4":"has-post-thumbnail","6":"product_brand-mapa","7":"product_cat-el-koruyucular","9":"first","10":"instock","11":"taxable","12":"shipping-taxable","13":"purchasable","14":"product-type-simple","15":"add-to-wishlist-after_add_to_cart"},"acf":[],"_links":{"self":[{"href":"https:\/\/www.makitamarket.com.tr\/site\/wp-json\/wp\/v2\/product\/23152","targetHints":{"allow":["GET"]}}],"collection":[{"href":"https:\/\/www.makitamarket.com.tr\/site\/wp-json\/wp\/v2\/product"}],"about":[{"href":"https:\/\/www.makitamarket.com.tr\/site\/wp-json\/wp\/v2\/types\/product"}],"replies":[{"embeddable":true,"href":"https:\/\/www.makitamarket.com.tr\/site\/wp-json\/wp\/v2\/comments?post=23152"}],"wp:featuredmedia":[{"embeddable":true,"href":"https:\/\/www.makitamarket.com.tr\/site\/wp-json\/wp\/v2\/media\/11132"}],"wp:attachment":[{"href":"https:\/\/www.makitamarket.com.tr\/site\/wp-json\/wp\/v2\/media?parent=23152"}],"wp:term":[{"taxonomy":"product_brand","embeddable":true,"href":"https:\/\/www.makitamarket.com.tr\/site\/wp-json\/wp\/v2\/product_brand?post=23152"},{"taxonomy":"product_cat","embeddable":true,"href":"https:\/\/www.makitamarket.com.tr\/site\/wp-json\/wp\/v2\/product_cat?post=23152"},{"taxonomy":"product_tag","embeddable":true,"href":"https:\/\/www.makitamarket.com.tr\/site\/wp-json\/wp\/v2\/product_tag?post=23152"}],"curies":[{"name":"wp","href":"https:\/\/api.w.org\/{rel}","templated":true}]}}