{"id":23158,"date":"2025-01-06T16:38:01","date_gmt":"2025-01-06T13:38:01","guid":{"rendered":"https:\/\/www.makitamarket.com.tr\/site\/urun\/gison-gp824f1-havali-duz-kalipci-taslama\/"},"modified":"2026-04-06T13:34:06","modified_gmt":"2026-04-06T10:34:06","slug":"gison-gp824f1-havali-duz-kalipci-taslama","status":"publish","type":"product","link":"https:\/\/www.makitamarket.com.tr\/site\/urun\/gison-gp824f1-havali-duz-kalipci-taslama\/","title":{"rendered":"Gison GP824F1 HAVALI D\u00dcZ KALIP\u00c7I TA\u015eLAMA"},"content":{"rendered":"<div>\n\t\u2022 Uzun<br \/>\n\t\u2022 D\u00fc\u015f\u00fck Devir H\u0131z\u0131<br \/>\n\t\u2022 Emniyet Mandal\u0131<\/div>\n<div>\n\t<strong>Kullan\u0131m Alanlar\u0131<\/strong>\u00a0 D\u00f6k\u00fcm ve kaynak at\u00f6lyeleri, Otomotiv ve benzer sekt\u00f6rlerde montaj \u00f6ncesi \u00e7apak ve benzeri temizlik i\u015fleri.<\/div>\n<table>\n<tr>\n<td>Pens \u00d6l\u00e7\u00fcs\u00fc<\/td>\n<td>1\/4&#8243; (6 mm.)<\/td>\n<\/tr>\n<tr>\n<td>Maks. Devir H\u0131z\u0131<\/td>\n<td>3.500 rpm<\/td>\n<\/tr>\n<tr>\n<td>Net A\u011f\u0131rl\u0131k<\/td>\n<td>0.89 kg.<\/td>\n<\/tr>\n<tr>\n<td>Uzunluk<\/td>\n<td>218 mm.<\/td>\n<\/tr>\n<tr>\n<td>Hava T\u00fcketimi<\/td>\n<td>0.23 m\u00b3\/dak.<\/td>\n<\/tr>\n<tr>\n<td>Hava Giri\u015fi<\/td>\n<td>1\/4&#8243;-PT<\/td>\n<\/tr>\n<tr>\n<td>Hortum \u00d6l\u00e7\u00fcs\u00fc <\/td>\n<td>6.5 mm.<\/td>\n<\/tr>\n<tr>\n<td>G\u00fcr\u00fclt\u00fc Seviyesi<\/td>\n<td>86 dBA<\/td>\n<\/tr>\n<tr>\n<td>Sars\u0131nt\u0131 Seviyesi<\/td>\n<td><2.5 m\/S\u00b2.<\/td>\n<\/tr>\n<tr>\n<td>Hava Bas\u0131nc\u0131<\/td>\n<td>90 psi (6.3 kg.\/cm\u00b2)<\/td>\n<\/tr>\n<tr>\n<td>Standart\u0131<\/td>\n<td>CE-Made in Taiwan<\/td>\n<\/tr>\n<\/table>\n","protected":false},"excerpt":{"rendered":"<div>\n\t\u2022 Uzun<br \/>\n\t\u2022 D\u00fc\u015f\u00fck Devir H\u0131z\u0131<br \/>\n\t\u2022 Emniyet Mandal\u0131<\/div>\n<div>\n\t<strong>Kullan\u0131m Alanlar\u0131<\/strong>\u00a0 D\u00f6k\u00fcm ve kaynak at\u00f6lyeleri, Otomotiv ve benzer sekt\u00f6rlerde montaj \u00f6ncesi \u00e7apak ve benzeri temizlik i\u015fleri.<\/div>\n","protected":false},"featured_media":11207,"comment_status":"open","ping_status":"closed","template":"","meta":{"_acf_changed":false},"product_brand":[1512],"product_cat":[1565],"product_tag":[],"class_list":{"0":"post-23158","1":"product","2":"type-product","3":"status-publish","4":"has-post-thumbnail","6":"product_brand-gison","7":"product_cat-yok-yok","9":"first","10":"instock","11":"taxable","12":"shipping-taxable","13":"purchasable","14":"product-type-simple","15":"add-to-wishlist-after_add_to_cart"},"acf":[],"_links":{"self":[{"href":"https:\/\/www.makitamarket.com.tr\/site\/wp-json\/wp\/v2\/product\/23158","targetHints":{"allow":["GET"]}}],"collection":[{"href":"https:\/\/www.makitamarket.com.tr\/site\/wp-json\/wp\/v2\/product"}],"about":[{"href":"https:\/\/www.makitamarket.com.tr\/site\/wp-json\/wp\/v2\/types\/product"}],"replies":[{"embeddable":true,"href":"https:\/\/www.makitamarket.com.tr\/site\/wp-json\/wp\/v2\/comments?post=23158"}],"wp:featuredmedia":[{"embeddable":true,"href":"https:\/\/www.makitamarket.com.tr\/site\/wp-json\/wp\/v2\/media\/11207"}],"wp:attachment":[{"href":"https:\/\/www.makitamarket.com.tr\/site\/wp-json\/wp\/v2\/media?parent=23158"}],"wp:term":[{"taxonomy":"product_brand","embeddable":true,"href":"https:\/\/www.makitamarket.com.tr\/site\/wp-json\/wp\/v2\/product_brand?post=23158"},{"taxonomy":"product_cat","embeddable":true,"href":"https:\/\/www.makitamarket.com.tr\/site\/wp-json\/wp\/v2\/product_cat?post=23158"},{"taxonomy":"product_tag","embeddable":true,"href":"https:\/\/www.makitamarket.com.tr\/site\/wp-json\/wp\/v2\/product_tag?post=23158"}],"curies":[{"name":"wp","href":"https:\/\/api.w.org\/{rel}","templated":true}]}}