{"id":23177,"date":"2025-01-06T16:38:11","date_gmt":"2025-01-06T13:38:11","guid":{"rendered":"https:\/\/www.makitamarket.com.tr\/site\/urun\/rainpump-qb80-santrifuj-pompa\/"},"modified":"2026-03-30T08:01:31","modified_gmt":"2026-03-30T05:01:31","slug":"rainpump-qb80-santrifuj-pompa","status":"publish","type":"product","link":"https:\/\/www.makitamarket.com.tr\/site\/urun\/rainpump-qb80-santrifuj-pompa\/","title":{"rendered":"Rainpump QB80 SANTR\u0130FUJ POMPA"},"content":{"rendered":"<table>\n<tr>\n<td>G\u00fc\u00e7 (Kw-Hp)<\/td>\n<td>0,75kw-1hp<\/td>\n<\/tr>\n<tr>\n<td>Giri\u015f \u00c7ap\u0131  (\u0130nch)<\/td>\n<td>1&#8243;<\/td>\n<\/tr>\n<tr>\n<td>\u00c7\u0131k\u0131\u015f \u00e7ap\u0131<\/td>\n<td>1&#8243;<\/td>\n<\/tr>\n<tr>\n<td>Maksimum Debi m3\/saat<\/td>\n<td>3<\/td>\n<\/tr>\n<tr>\n<td>Maksimum Basma Y\u00fcksekli\u011fi (m)<\/td>\n<td>60<\/td>\n<\/tr>\n<tr>\n<td>Basma Y\u00fcksekli\u011fi<\/td>\n<td>0,3-58\/0,6-55-0,9-49\/1,2-45-1,5-39\/1,8-31-2,1-24\/2,4-16-2,7-8<\/td>\n<\/tr>\n<tr>\n<td>Emme Derinli\u011fi<\/td>\n<td>8<\/td>\n<\/tr>\n<tr>\n<td>\u00d6l\u00e7\u00fc (mm)<\/td>\n<td>340x190x210<\/td>\n<\/tr>\n<tr>\n<td>A\u011f\u0131rl\u0131k (Kg)<\/td>\n<td>9,5<\/td>\n<\/tr>\n<tr>\n<td>Voltaj<\/td>\n<td>220V (Monofaze)<\/td>\n<\/tr>\n<tr>\n<td>Max. Bas\u0131n\u00e7<\/td>\n<td>6 bar<\/td>\n<\/tr>\n<\/table>\n","protected":false},"excerpt":{"rendered":"<p>G\u00fc\u00e7 (Kw-Hp) 0,75kw-1hp Giri\u015f \u00c7ap\u0131 (\u0130nch) 1&#8243; \u00c7\u0131k\u0131\u015f \u00e7ap\u0131 1&#8243; Maksimum Debi m3\/saat 3 Maksimum Basma Y\u00fcksekli\u011fi (m) 60 Basma Y\u00fcksekli\u011fi 0,3-58\/0,6-55-0,9-49\/1,2-45-1,5-39\/1,8-31-2,1-24\/2,4-16-2,7-8 Emme Derinli\u011fi 8 \u00d6l\u00e7\u00fc (mm) 340x190x210 A\u011f\u0131rl\u0131k (Kg)<\/p>\n","protected":false},"featured_media":11340,"comment_status":"open","ping_status":"closed","template":"","meta":{"_acf_changed":false},"product_brand":[1517],"product_cat":[975],"product_tag":[],"class_list":{"0":"post-23177","1":"product","2":"type-product","3":"status-publish","4":"has-post-thumbnail","6":"product_brand-rainpump","7":"product_cat-santrifuj-pompalar","9":"first","10":"outofstock","11":"taxable","12":"shipping-taxable","13":"purchasable","14":"product-type-simple","15":"add-to-wishlist-after_add_to_cart"},"acf":[],"_links":{"self":[{"href":"https:\/\/www.makitamarket.com.tr\/site\/wp-json\/wp\/v2\/product\/23177","targetHints":{"allow":["GET"]}}],"collection":[{"href":"https:\/\/www.makitamarket.com.tr\/site\/wp-json\/wp\/v2\/product"}],"about":[{"href":"https:\/\/www.makitamarket.com.tr\/site\/wp-json\/wp\/v2\/types\/product"}],"replies":[{"embeddable":true,"href":"https:\/\/www.makitamarket.com.tr\/site\/wp-json\/wp\/v2\/comments?post=23177"}],"wp:featuredmedia":[{"embeddable":true,"href":"https:\/\/www.makitamarket.com.tr\/site\/wp-json\/wp\/v2\/media\/11340"}],"wp:attachment":[{"href":"https:\/\/www.makitamarket.com.tr\/site\/wp-json\/wp\/v2\/media?parent=23177"}],"wp:term":[{"taxonomy":"product_brand","embeddable":true,"href":"https:\/\/www.makitamarket.com.tr\/site\/wp-json\/wp\/v2\/product_brand?post=23177"},{"taxonomy":"product_cat","embeddable":true,"href":"https:\/\/www.makitamarket.com.tr\/site\/wp-json\/wp\/v2\/product_cat?post=23177"},{"taxonomy":"product_tag","embeddable":true,"href":"https:\/\/www.makitamarket.com.tr\/site\/wp-json\/wp\/v2\/product_tag?post=23177"}],"curies":[{"name":"wp","href":"https:\/\/api.w.org\/{rel}","templated":true}]}}