{"id":23183,"date":"2025-01-06T16:38:17","date_gmt":"2025-01-06T13:38:17","guid":{"rendered":"https:\/\/www.makitamarket.com.tr\/site\/urun\/gison-gp861j1-havali-kabzali-tornavida\/"},"modified":"2026-04-06T13:39:08","modified_gmt":"2026-04-06T10:39:08","slug":"gison-gp861j1-havali-kabzali-tornavida","status":"publish","type":"product","link":"https:\/\/www.makitamarket.com.tr\/site\/urun\/gison-gp861j1-havali-kabzali-tornavida\/","title":{"rendered":"Gison GP861J1 HAVALI KABZALI TORNAV\u0130DA"},"content":{"rendered":"<table>\n<tr>\n<td>Tork G\u00fcc\u00fc (kg.m)(Nm).<\/td>\n<td>1.31 kg.m (13 Nm)<\/td>\n<\/tr>\n<tr>\n<td>Vida Kapasitesi<\/td>\n<td>8.0 mm.<\/td>\n<\/tr>\n<tr>\n<td>Apex \u00d6l\u00e7\u00fcs\u00fc<\/td>\n<td>1\/4&#8243;<\/td>\n<\/tr>\n<tr>\n<td>En Y\u00fcksek H\u0131z<\/td>\n<td>800 rpm.<\/td>\n<\/tr>\n<tr>\n<td>Net A\u011f\u0131rl\u0131k (kg)<\/td>\n<td>1.50<\/td>\n<\/tr>\n<tr>\n<td>Uzunluk (mm)<\/td>\n<td>205<\/td>\n<\/tr>\n<tr>\n<td>Hava T\u00fcketimi<\/td>\n<td>0.23 m\u00b3\/dak.<\/td>\n<\/tr>\n<tr>\n<td>Hava Giri\u015fi<\/td>\n<td>1\/4&#8243;<\/td>\n<\/tr>\n<tr>\n<td>Hortum \u00d6l\u00e7\u00fcs\u00fc (ID)<\/td>\n<td>5.0<\/td>\n<\/tr>\n<tr>\n<td>G\u00fcr\u00fclt\u00fc Seviyesi (dBA)<\/td>\n<td>92<\/td>\n<\/tr>\n<tr>\n<td>Sars\u0131nt\u0131 Seviyesi<\/td>\n<td><2.5 m\/S\u00b2.<\/td>\n<\/tr>\n<tr>\n<td>Hava Bas\u0131nc\u0131<\/td>\n<td>90 psi (6.3 kg.\/cm\u00b2)<\/td>\n<\/tr>\n<tr>\n<td>Mekanizma<\/td>\n<td>Slip Clutch<\/td>\n<\/tr>\n<tr>\n<td>Koli Adedi<\/td>\n<td>10 adet<\/td>\n<\/tr>\n<\/table>\n","protected":false},"excerpt":{"rendered":"<p>Tork G\u00fcc\u00fc (kg.m)(Nm). 1.31 kg.m (13 Nm) Vida Kapasitesi 8.0 mm. Apex \u00d6l\u00e7\u00fcs\u00fc 1\/4&#8243; En Y\u00fcksek H\u0131z 800 rpm. Net A\u011f\u0131rl\u0131k (kg) 1.50 Uzunluk (mm) 205 Hava T\u00fcketimi 0.23 m\u00b3\/dak.<\/p>\n","protected":false},"featured_media":11408,"comment_status":"open","ping_status":"closed","template":"","meta":{"_acf_changed":false},"product_brand":[1512],"product_cat":[997],"product_tag":[],"class_list":{"0":"post-23183","1":"product","2":"type-product","3":"status-publish","4":"has-post-thumbnail","6":"product_brand-gison","7":"product_cat-havali-tornavidalar","9":"first","10":"instock","11":"taxable","12":"shipping-taxable","13":"purchasable","14":"product-type-simple","15":"add-to-wishlist-after_add_to_cart"},"acf":[],"_links":{"self":[{"href":"https:\/\/www.makitamarket.com.tr\/site\/wp-json\/wp\/v2\/product\/23183","targetHints":{"allow":["GET"]}}],"collection":[{"href":"https:\/\/www.makitamarket.com.tr\/site\/wp-json\/wp\/v2\/product"}],"about":[{"href":"https:\/\/www.makitamarket.com.tr\/site\/wp-json\/wp\/v2\/types\/product"}],"replies":[{"embeddable":true,"href":"https:\/\/www.makitamarket.com.tr\/site\/wp-json\/wp\/v2\/comments?post=23183"}],"wp:featuredmedia":[{"embeddable":true,"href":"https:\/\/www.makitamarket.com.tr\/site\/wp-json\/wp\/v2\/media\/11408"}],"wp:attachment":[{"href":"https:\/\/www.makitamarket.com.tr\/site\/wp-json\/wp\/v2\/media?parent=23183"}],"wp:term":[{"taxonomy":"product_brand","embeddable":true,"href":"https:\/\/www.makitamarket.com.tr\/site\/wp-json\/wp\/v2\/product_brand?post=23183"},{"taxonomy":"product_cat","embeddable":true,"href":"https:\/\/www.makitamarket.com.tr\/site\/wp-json\/wp\/v2\/product_cat?post=23183"},{"taxonomy":"product_tag","embeddable":true,"href":"https:\/\/www.makitamarket.com.tr\/site\/wp-json\/wp\/v2\/product_tag?post=23183"}],"curies":[{"name":"wp","href":"https:\/\/api.w.org\/{rel}","templated":true}]}}