{"id":23187,"date":"2025-01-06T16:38:19","date_gmt":"2025-01-06T13:38:19","guid":{"rendered":"https:\/\/www.makitamarket.com.tr\/site\/urun\/makita-mt-m8101m-darbeli-matkap-16-mm\/"},"modified":"2025-07-11T19:57:05","modified_gmt":"2025-07-11T16:57:05","slug":"makita-mt-m8101m-darbeli-matkap-16-mm","status":"publish","type":"product","link":"https:\/\/www.makitamarket.com.tr\/site\/urun\/makita-mt-m8101m-darbeli-matkap-16-mm\/","title":{"rendered":"Makita MT M8101M DARBEL\u0130 MATKAP 16 mm"},"content":{"rendered":"<table>\n<tr>\n<td>S\u00fcrekli Ak\u0131m Giri\u015fi<\/td>\n<td>710W<\/td>\n<\/tr>\n<tr>\n<td>Kapasite<\/td>\n<td>Ah\u015fap : 30mm, \u00c7elik : 13mm, Tu\u011fla : 16mm<\/td>\n<\/tr>\n<tr>\n<td>Bo\u015ftaki devir say\u0131s\u0131<\/td>\n<td>0-3,200 devir\/dk<\/td>\n<\/tr>\n<tr>\n<td>Net A\u011f\u0131rl\u0131k<\/td>\n<td>2 kg<\/td>\n<\/tr>\n<tr>\n<td>Ak\u0131m<\/td>\n<td>3.0Ah<\/td>\n<\/tr>\n<tr>\n<td>Mandren<\/td>\n<td>1\/2&#8243;<\/td>\n<\/tr>\n<tr>\n<td>S\u0131kma Tork De\u011feri<\/td>\n<td>21 Nm<\/td>\n<\/tr>\n<tr>\n<td>S\u0131kma Tork De\u011feri<\/td>\n<td>21 Nm<\/td>\n<\/tr>\n<tr>\n<td>Ambalaj \u0130\u00e7eri\u011fi<\/td>\n<td>Yan sap, Derinlik mesneti<\/td>\n<\/tr>\n<\/table>\n","protected":false},"excerpt":{"rendered":"<p>S\u00fcrekli Ak\u0131m Giri\u015fi 710W Kapasite Ah\u015fap : 30mm, \u00c7elik : 13mm, Tu\u011fla : 16mm Bo\u015ftaki devir say\u0131s\u0131 0-3,200 devir\/dk Net A\u011f\u0131rl\u0131k 2 kg Ak\u0131m 3.0Ah Mandren 1\/2&#8243; S\u0131kma Tork De\u011feri<\/p>\n","protected":false},"featured_media":11429,"comment_status":"open","ping_status":"closed","template":"","meta":{"_acf_changed":false},"product_brand":[],"product_cat":[15],"product_tag":[],"class_list":{"0":"post-23187","1":"product","2":"type-product","3":"status-publish","4":"has-post-thumbnail","6":"product_cat-genel","8":"first","9":"outofstock","10":"taxable","11":"shipping-taxable","12":"purchasable","13":"product-type-simple","14":"add-to-wishlist-after_add_to_cart"},"acf":[],"_links":{"self":[{"href":"https:\/\/www.makitamarket.com.tr\/site\/wp-json\/wp\/v2\/product\/23187","targetHints":{"allow":["GET"]}}],"collection":[{"href":"https:\/\/www.makitamarket.com.tr\/site\/wp-json\/wp\/v2\/product"}],"about":[{"href":"https:\/\/www.makitamarket.com.tr\/site\/wp-json\/wp\/v2\/types\/product"}],"replies":[{"embeddable":true,"href":"https:\/\/www.makitamarket.com.tr\/site\/wp-json\/wp\/v2\/comments?post=23187"}],"wp:featuredmedia":[{"embeddable":true,"href":"https:\/\/www.makitamarket.com.tr\/site\/wp-json\/wp\/v2\/media\/11429"}],"wp:attachment":[{"href":"https:\/\/www.makitamarket.com.tr\/site\/wp-json\/wp\/v2\/media?parent=23187"}],"wp:term":[{"taxonomy":"product_brand","embeddable":true,"href":"https:\/\/www.makitamarket.com.tr\/site\/wp-json\/wp\/v2\/product_brand?post=23187"},{"taxonomy":"product_cat","embeddable":true,"href":"https:\/\/www.makitamarket.com.tr\/site\/wp-json\/wp\/v2\/product_cat?post=23187"},{"taxonomy":"product_tag","embeddable":true,"href":"https:\/\/www.makitamarket.com.tr\/site\/wp-json\/wp\/v2\/product_tag?post=23187"}],"curies":[{"name":"wp","href":"https:\/\/api.w.org\/{rel}","templated":true}]}}