{"id":23199,"date":"2025-01-06T16:38:27","date_gmt":"2025-01-06T13:38:27","guid":{"rendered":"https:\/\/www.makitamarket.com.tr\/site\/urun\/makita-gd0601-kalip-taslama\/"},"modified":"2026-04-06T13:43:06","modified_gmt":"2026-04-06T10:43:06","slug":"makita-gd0601-kalip-taslama","status":"publish","type":"product","link":"https:\/\/www.makitamarket.com.tr\/site\/urun\/makita-gd0601-kalip-taslama\/","title":{"rendered":"Makita GD0601 KALIP TA\u015eLAMA"},"content":{"rendered":"<p><span style=\"color: black;\">Model GD0601<\/span><\/p>\n<p><span style=\"color: black;\">Kal\u0131p Ta\u015flamalar<\/span><\/p>\n<p>400 W \u2022 38 mm \u2022 25.000 dak\u207b\u00b9<\/p>\n<p><strong style=\"color: rgb(0, 112, 192);\">Hassas Metal \u0130\u015fleme i\u00e7in Y\u00fcksek Performansl\u0131 Kal\u0131p Ta\u015flama Makinesi<\/strong><\/p>\n<p><span style=\"color: black;\">Metal ve di\u011fer sert malzemelerde hassas ta\u015flama i\u015flemleri i\u00e7in tasarlanm\u0131\u015f, kompakt ve g\u00fc\u00e7l\u00fc bir kal\u0131p ta\u015flama makinesi modelidir. <\/span><strong style=\"color: black;\">400 W motor g\u00fcc\u00fc,<\/strong><span style=\"color: black;\">3,6mm pens kapasitesi ve <\/span><strong style=\"color: black;\">38 mm maksimum u\u00e7 \u00e7ap\u0131<\/strong><span style=\"color: black;\"> ile detayl\u0131 i\u015fler i\u00e7in y\u00fcksek performans sunar. Dakikada 25.000 bo\u015fta devire sahiptir. Ergonomik g\u00f6vde tasar\u0131m\u0131 ve d\u00fc\u015f\u00fck titre\u015fim seviyesi, uzun s\u00fcreli kullan\u0131mlarda konfor sa\u011flar. Hassas metal i\u015fleme, kal\u0131p ta\u015flama ve profesyonel detayl\u0131 projelerde s\u0131k\u00e7a tercih edilir.<\/span><\/p>\n<p><span style=\"color: red;\">Kullan\u0131m amac\u0131: <\/span><span style=\"color: black;\">Bu makine, metal malzemeleri ta\u015flama ve d\u00f6kme kal\u0131plardaki \u00e7apak alma i\u015flemleri i\u00e7in \u00f6ng\u00f6r\u00fclm\u00fc\u015ft\u00fcr. <\/span><\/p>\n<p><u>\u00d6zellikleri:<\/u><\/p>\n<p><span style=\"color: red;\">G\u00fc\u00e7 Kayna\u011f\u0131: <\/span>Makine yaln\u0131zca \u00fczerindeki etikette belirtilen voltaj de\u011ferlerine sahip, tek fazl\u0131 AC g\u00fc\u00e7 kaynaklar\u0131na ba\u011flanmal\u0131d\u0131r. \u00c7ift yal\u0131t\u0131ml\u0131d\u0131r ve bu nedenle topraks\u0131z prizlerle de kullan\u0131labilir. <\/p>\n<ol>\n<li data-list=\"bullet\"><span class=\"ql-ui\" contenteditable=\"false\"><\/span>\u00c7ift yal\u0131t\u0131ml\u0131d\u0131r.<\/li>\n<\/ol>\n<p>Ambalaj i\u00e7eri\u011fi: 2 Adet Anahtar<\/p>\n<table>\n<tr>\n<td>S\u00fcrekli Ak\u0131m Giri\u015fi<\/td>\n<td>400W<\/td>\n<\/tr>\n<tr>\n<td>Kapasite<\/td>\n<td>Pens : 6 mm, 3 mm opsiyonel<\/td>\n<\/tr>\n<tr>\n<td>Bo\u015fta Devir<\/td>\n<td>25000devir\/dk<\/td>\n<\/tr>\n<tr>\n<td>Net A\u011f\u0131rl\u0131k<\/td>\n<td>1.7kg<\/td>\n<\/tr>\n<tr>\n<td>Ak\u0131m<\/td>\n<td>1.8Ah<\/td>\n<\/tr>\n<tr>\n<td>Maksimum U\u00e7 \u00c7ap\u0131<\/td>\n<td>38mm<\/td>\n<\/tr>\n<\/table>\n","protected":false},"excerpt":{"rendered":"<p><span style=\"color: black;\">Model GD0601<\/span><\/p>\n<p><span style=\"color: black;\">Kal\u0131p Ta\u015flamalar<\/span><\/p>\n<p>400 W \u2022 38 mm \u2022 25.000 dak\u207b\u00b9<\/p>\n<p><strong style=\"color: rgb(0, 112, 192);\">Hassas Metal \u0130\u015fleme i\u00e7in Y\u00fcksek Performansl\u0131 Kal\u0131p Ta\u015flama Makinesi<\/strong><\/p>\n<p><span style=\"color: black;\">Metal ve di\u011fer sert malzemelerde hassas ta\u015flama i\u015flemleri i\u00e7in tasarlanm\u0131\u015f, kompakt ve g\u00fc\u00e7l\u00fc bir kal\u0131p ta\u015flama makinesi modelidir. <\/span><strong style=\"color: black;\">400 W motor g\u00fcc\u00fc,<\/strong><span style=\"color: black;\">3,6mm pens kapasitesi ve <\/span><strong style=\"color: black;\">38 mm maksimum u\u00e7 \u00e7ap\u0131<\/strong><span style=\"color: black;\"> ile detayl\u0131 i\u015fler i\u00e7in y\u00fcksek performans sunar. Dakikada 25.000 bo\u015fta devire sahiptir. Ergonomik g\u00f6vde tasar\u0131m\u0131 ve d\u00fc\u015f\u00fck titre\u015fim seviyesi, uzun s\u00fcreli kullan\u0131mlarda konfor sa\u011flar. Hassas metal i\u015fleme, kal\u0131p ta\u015flama ve profesyonel detayl\u0131 projelerde s\u0131k\u00e7a tercih edilir.<\/span><\/p>\n<p><span style=\"color: red;\">Kullan\u0131m amac\u0131: <\/span><span style=\"color: black;\">Bu makine, metal malzemeleri ta\u015flama ve d\u00f6kme kal\u0131plardaki \u00e7apak alma i\u015flemleri i\u00e7in \u00f6ng\u00f6r\u00fclm\u00fc\u015ft\u00fcr. <\/span><\/p>\n<p><u>\u00d6zellikleri:<\/u><\/p>\n<p><span style=\"color: red;\">G\u00fc\u00e7 Kayna\u011f\u0131: <\/span>Makine yaln\u0131zca \u00fczerindeki etikette belirtilen voltaj de\u011ferlerine sahip, tek fazl\u0131 AC g\u00fc\u00e7 kaynaklar\u0131na ba\u011flanmal\u0131d\u0131r. \u00c7ift yal\u0131t\u0131ml\u0131d\u0131r ve bu nedenle topraks\u0131z prizlerle de kullan\u0131labilir. <\/p>\n<ol>\n<li data-list=\"bullet\"><span class=\"ql-ui\" contenteditable=\"false\"><\/span>\u00c7ift yal\u0131t\u0131ml\u0131d\u0131r.<\/li>\n<\/ol>\n<p>Ambalaj i\u00e7eri\u011fi: 2 Adet Anahtar<\/p>\n","protected":false},"featured_media":11541,"comment_status":"open","ping_status":"closed","template":"","meta":{"_acf_changed":false},"product_brand":[1485],"product_cat":[973],"product_tag":[],"class_list":{"0":"post-23199","1":"product","2":"type-product","3":"status-publish","4":"has-post-thumbnail","6":"product_brand-makita","7":"product_cat-kalip-taslamalar","9":"first","10":"instock","11":"taxable","12":"shipping-taxable","13":"purchasable","14":"product-type-simple","15":"add-to-wishlist-after_add_to_cart"},"acf":[],"_links":{"self":[{"href":"https:\/\/www.makitamarket.com.tr\/site\/wp-json\/wp\/v2\/product\/23199","targetHints":{"allow":["GET"]}}],"collection":[{"href":"https:\/\/www.makitamarket.com.tr\/site\/wp-json\/wp\/v2\/product"}],"about":[{"href":"https:\/\/www.makitamarket.com.tr\/site\/wp-json\/wp\/v2\/types\/product"}],"replies":[{"embeddable":true,"href":"https:\/\/www.makitamarket.com.tr\/site\/wp-json\/wp\/v2\/comments?post=23199"}],"wp:featuredmedia":[{"embeddable":true,"href":"https:\/\/www.makitamarket.com.tr\/site\/wp-json\/wp\/v2\/media\/11541"}],"wp:attachment":[{"href":"https:\/\/www.makitamarket.com.tr\/site\/wp-json\/wp\/v2\/media?parent=23199"}],"wp:term":[{"taxonomy":"product_brand","embeddable":true,"href":"https:\/\/www.makitamarket.com.tr\/site\/wp-json\/wp\/v2\/product_brand?post=23199"},{"taxonomy":"product_cat","embeddable":true,"href":"https:\/\/www.makitamarket.com.tr\/site\/wp-json\/wp\/v2\/product_cat?post=23199"},{"taxonomy":"product_tag","embeddable":true,"href":"https:\/\/www.makitamarket.com.tr\/site\/wp-json\/wp\/v2\/product_tag?post=23199"}],"curies":[{"name":"wp","href":"https:\/\/api.w.org\/{rel}","templated":true}]}}