{"id":23204,"date":"2025-01-06T16:38:30","date_gmt":"2025-01-06T13:38:30","guid":{"rendered":"https:\/\/www.makitamarket.com.tr\/site\/urun\/rainpump-csp-751sw-paslanmaz-govdeli-atik-su-drenaj-pompasi\/"},"modified":"2025-11-16T06:18:40","modified_gmt":"2025-11-16T03:18:40","slug":"rainpump-csp-751sw-paslanmaz-govdeli-atik-su-drenaj-pompasi","status":"publish","type":"product","link":"https:\/\/www.makitamarket.com.tr\/site\/urun\/rainpump-csp-751sw-paslanmaz-govdeli-atik-su-drenaj-pompasi\/","title":{"rendered":"Rainpump CSP 751SW PASLANMAZ G\u00d6VDEL\u0130 ATIK SU DRENAJ POMPASI"},"content":{"rendered":"<div style=\"font-family: Arial, Verdana, sans-serif; font-size: 12px; color: rgb(34, 34, 34); background-color: rgb(255, 255, 255); \">\n\t<span _fck_bookmark=\"1\" style=\"display: none;\">\u00a0<\/span><span _fck_bookmark=\"1\" style=\"display: none;\">\u00a0<\/span><\/p>\n<p>\n\t\t\u00a0<\/p>\n<p>\t<span _fck_bookmark=\"1\" style=\"display: none;\">\u00a0<\/span><\/div>\n<table>\n<tr>\n<td>G\u00fc\u00e7<\/td>\n<td>750 W<\/td>\n<\/tr>\n<tr>\n<td>Voltaj<\/td>\n<td>220V (Monofaze)<\/td>\n<\/tr>\n<tr>\n<td>Kapasite m3\/saat<\/td>\n<td>13<\/td>\n<\/tr>\n<tr>\n<td>Y\u00fckseklik (m)<\/td>\n<td>8<\/td>\n<\/tr>\n<tr>\n<td>Max. dalma derinli\u011fi (m)<\/td>\n<td>7<\/td>\n<\/tr>\n<tr>\n<td>\u00c7\u0131k\u0131\u015f \u00e7ap\u0131<\/td>\n<td>1&#8243;,1 1\/4,1 1\/2&#8243;<\/td>\n<\/tr>\n<tr>\n<td>Kablo uzunlu\u011fu (m)<\/td>\n<td>10<\/td>\n<\/tr>\n<tr>\n<td>Su s\u0131cakl\u0131\u011f\u0131<\/td>\n<td>35\u00b0C<\/td>\n<\/tr>\n<tr>\n<td>Max. kat\u0131 par\u00e7a (mm)<\/td>\n<td>35<\/td>\n<\/tr>\n<tr>\n<td>Temiz \/ kirli su<\/td>\n<td>Kirli<\/td>\n<\/tr>\n<tr>\n<td>A\u011f\u0131rl\u0131k (Kg)<\/td>\n<td>6<\/td>\n<\/tr>\n<\/table>\n","protected":false},"excerpt":{"rendered":"<div style=\"font-family: Arial, Verdana, sans-serif; font-size: 12px; color: rgb(34, 34, 34); background-color: rgb(255, 255, 255); \">\n\t<span _fck_bookmark=\"1\" style=\"display: none;\">\u00a0<\/span><span _fck_bookmark=\"1\" style=\"display: none;\">\u00a0<\/span><\/p>\n<p>\n\t\t\u00a0<\/p>\n<p>\t<span _fck_bookmark=\"1\" style=\"display: none;\">\u00a0<\/span><\/div>\n","protected":false},"featured_media":11579,"comment_status":"open","ping_status":"closed","template":"","meta":{"_acf_changed":false},"product_brand":[1517],"product_cat":[1134],"product_tag":[],"class_list":{"0":"post-23204","1":"product","2":"type-product","3":"status-publish","4":"has-post-thumbnail","6":"product_brand-rainpump","7":"product_cat-paslanmaz-govdeli-pompalar","9":"first","10":"outofstock","11":"taxable","12":"shipping-taxable","13":"purchasable","14":"product-type-simple","15":"add-to-wishlist-after_add_to_cart"},"acf":[],"_links":{"self":[{"href":"https:\/\/www.makitamarket.com.tr\/site\/wp-json\/wp\/v2\/product\/23204","targetHints":{"allow":["GET"]}}],"collection":[{"href":"https:\/\/www.makitamarket.com.tr\/site\/wp-json\/wp\/v2\/product"}],"about":[{"href":"https:\/\/www.makitamarket.com.tr\/site\/wp-json\/wp\/v2\/types\/product"}],"replies":[{"embeddable":true,"href":"https:\/\/www.makitamarket.com.tr\/site\/wp-json\/wp\/v2\/comments?post=23204"}],"wp:featuredmedia":[{"embeddable":true,"href":"https:\/\/www.makitamarket.com.tr\/site\/wp-json\/wp\/v2\/media\/11579"}],"wp:attachment":[{"href":"https:\/\/www.makitamarket.com.tr\/site\/wp-json\/wp\/v2\/media?parent=23204"}],"wp:term":[{"taxonomy":"product_brand","embeddable":true,"href":"https:\/\/www.makitamarket.com.tr\/site\/wp-json\/wp\/v2\/product_brand?post=23204"},{"taxonomy":"product_cat","embeddable":true,"href":"https:\/\/www.makitamarket.com.tr\/site\/wp-json\/wp\/v2\/product_cat?post=23204"},{"taxonomy":"product_tag","embeddable":true,"href":"https:\/\/www.makitamarket.com.tr\/site\/wp-json\/wp\/v2\/product_tag?post=23204"}],"curies":[{"name":"wp","href":"https:\/\/api.w.org\/{rel}","templated":true}]}}