{"id":23212,"date":"2025-01-06T16:38:34","date_gmt":"2025-01-06T13:38:34","guid":{"rendered":"https:\/\/www.makitamarket.com.tr\/site\/urun\/gison-gp330a-havali-kalem-matkap\/"},"modified":"2026-04-06T13:46:05","modified_gmt":"2026-04-06T10:46:05","slug":"gison-gp330a-havali-kalem-matkap","status":"publish","type":"product","link":"https:\/\/www.makitamarket.com.tr\/site\/urun\/gison-gp330a-havali-kalem-matkap\/","title":{"rendered":"Gison GP330A HAVALI KALEM MATKAP"},"content":{"rendered":"<div>\n<div>\n\t\t\u2022 Kalem<\/div>\n<div>\n\t\t\u2022 Y\u00fcksek Devir H\u0131z\u0131<\/div>\n<div>\n\t\t\u2022 Y\u00fcksek Tork G\u00fcc\u00fc<\/div>\n<\/div>\n<div>\n\t<strong>Kullan\u0131m Alanlar\u0131:<\/strong><\/div>\n<div>\n\tY\u00fcksek devirli \/ Y\u00fcksek torklu yap\u0131s\u0131yla t\u00fcm genel ama\u00e7l\u0131 delme i\u015fleri i\u00e7in uygundur. Kompakt yap\u0131s\u0131 kullan\u0131m kolayl\u0131\u011f\u0131 sa\u011flar.\u00a0<\/div>\n<table>\n<tr>\n<td>Mandren<\/td>\n<td>1\/4&#8243; (7 mm.)<\/td>\n<\/tr>\n<tr>\n<td>Maks. Devir H\u0131z\u0131<\/td>\n<td>6.500 rpm<\/td>\n<\/tr>\n<tr>\n<td>Net A\u011f\u0131rl\u0131k<\/td>\n<td>0.62 kg.<\/td>\n<\/tr>\n<tr>\n<td>Uzunluk<\/td>\n<td>175 mm.<\/td>\n<\/tr>\n<tr>\n<td>Hava T\u00fcketimi<\/td>\n<td>0.13<\/td>\n<\/tr>\n<tr>\n<td>Hava Giri\u015fi<\/td>\n<td>1\/4&#8243;<\/td>\n<\/tr>\n<tr>\n<td>Hortum \u00d6l\u00e7\u00fcs\u00fc <\/td>\n<td>6.5 mm<\/td>\n<\/tr>\n<tr>\n<td>G\u00fcr\u00fclt\u00fc Seviyesi<\/td>\n<td>85 dBA<\/td>\n<\/tr>\n<tr>\n<td>Sars\u0131nt\u0131 Seviyesi<\/td>\n<td><2.5<\/td>\n<\/tr>\n<tr>\n<td>Hava Bas\u0131nc\u0131<\/td>\n<td>90 psi (6.3 kg.\/cm\u00b2)<\/td>\n<\/tr>\n<tr>\n<td>Standart\u0131<\/td>\n<td>CE-Made in Taiwan<\/td>\n<\/tr>\n<\/table>\n","protected":false},"excerpt":{"rendered":"<div>\n<div>\n\t\t\u2022 Kalem<\/div>\n<div>\n\t\t\u2022 Y\u00fcksek Devir H\u0131z\u0131<\/div>\n<div>\n\t\t\u2022 Y\u00fcksek Tork G\u00fcc\u00fc<\/div>\n<\/div>\n<div>\n\t<strong>Kullan\u0131m Alanlar\u0131:<\/strong><\/div>\n<div>\n\tY\u00fcksek devirli \/ Y\u00fcksek torklu yap\u0131s\u0131yla t\u00fcm genel ama\u00e7l\u0131 delme i\u015fleri i\u00e7in uygundur. Kompakt yap\u0131s\u0131 kullan\u0131m kolayl\u0131\u011f\u0131 sa\u011flar.\u00a0<\/div>\n","protected":false},"featured_media":11619,"comment_status":"open","ping_status":"closed","template":"","meta":{"_acf_changed":false},"product_brand":[1512],"product_cat":[1127],"product_tag":[],"class_list":{"0":"post-23212","1":"product","2":"type-product","3":"status-publish","4":"has-post-thumbnail","6":"product_brand-gison","7":"product_cat-havali-matkaplar","9":"first","10":"instock","11":"taxable","12":"shipping-taxable","13":"purchasable","14":"product-type-simple","15":"add-to-wishlist-after_add_to_cart"},"acf":[],"_links":{"self":[{"href":"https:\/\/www.makitamarket.com.tr\/site\/wp-json\/wp\/v2\/product\/23212","targetHints":{"allow":["GET"]}}],"collection":[{"href":"https:\/\/www.makitamarket.com.tr\/site\/wp-json\/wp\/v2\/product"}],"about":[{"href":"https:\/\/www.makitamarket.com.tr\/site\/wp-json\/wp\/v2\/types\/product"}],"replies":[{"embeddable":true,"href":"https:\/\/www.makitamarket.com.tr\/site\/wp-json\/wp\/v2\/comments?post=23212"}],"wp:featuredmedia":[{"embeddable":true,"href":"https:\/\/www.makitamarket.com.tr\/site\/wp-json\/wp\/v2\/media\/11619"}],"wp:attachment":[{"href":"https:\/\/www.makitamarket.com.tr\/site\/wp-json\/wp\/v2\/media?parent=23212"}],"wp:term":[{"taxonomy":"product_brand","embeddable":true,"href":"https:\/\/www.makitamarket.com.tr\/site\/wp-json\/wp\/v2\/product_brand?post=23212"},{"taxonomy":"product_cat","embeddable":true,"href":"https:\/\/www.makitamarket.com.tr\/site\/wp-json\/wp\/v2\/product_cat?post=23212"},{"taxonomy":"product_tag","embeddable":true,"href":"https:\/\/www.makitamarket.com.tr\/site\/wp-json\/wp\/v2\/product_tag?post=23212"}],"curies":[{"name":"wp","href":"https:\/\/api.w.org\/{rel}","templated":true}]}}