{"id":23219,"date":"2025-01-06T16:38:38","date_gmt":"2025-01-06T13:38:38","guid":{"rendered":"https:\/\/www.makitamarket.com.tr\/site\/urun\/knipex-1211180-otomatik-kablo-siyirma-180-mm\/"},"modified":"2026-03-30T08:07:45","modified_gmt":"2026-03-30T05:07:45","slug":"knipex-1211180-otomatik-kablo-siyirma-180-mm","status":"publish","type":"product","link":"https:\/\/www.makitamarket.com.tr\/site\/urun\/knipex-1211180-otomatik-kablo-siyirma-180-mm\/","title":{"rendered":"Knipex 1211180 OTOMAT\u0130K KABLO SIYIRMA 180 mm"},"content":{"rendered":"<p><b>12 11 180 Kablo S\u0131y\u0131rma Pensesi<\/b><br \/>D\u00f6rt veya alt\u0131 de\u011fi\u015fik iletken kesit \u00f6l\u00e7\u00fcs\u00fc i\u00e7in de\u011fi\u015ftirilebilir kesici. Hassas bir \u015fekilde bilenmi\u015f b\u0131\u00e7aklar sayesinde kabloya zarar verilmez, incel telli kablolar\u0131n da izolasyonu zarar verilmeden s\u0131y\u0131r\u0131l\u0131r. S\u0131k\u0131\u015ft\u0131rma \u00e7eneleri teli s\u0131y\u0131rma i\u015fleminde tutar. Seri \u00e7al\u0131\u015fmada izolasyonlar\u0131n e\u015fit olarak s\u0131y\u0131r\u0131lmas\u0131 i\u00e7in ayarlanabilir uzunluk s\u0131n\u0131rlamas\u0131. Pense, bask\u0131 yay\u0131 sayesinde ba\u015flang\u0131\u00e7 pozisyonuna geri al\u0131n\u0131r. <\/p>\n<li><b>Kablo s\u0131y\u0131rma de\u011ferleri (\u00e7ap): <\/b>\u00d8 0,5 \/ 1,2 \/ 1,6 \/ 2 mm<\/li>\n<table>\n<tr>\n<td>Uzunluk<\/td>\n<td>180<\/td>\n<\/tr>\n<tr>\n<td>Kafa<\/td>\n<td>Nikel<\/td>\n<\/tr>\n<tr>\n<td>Sap<\/td>\n<td>\u0130nce \u0130zole<\/td>\n<\/tr>\n<tr>\n<td>S\u0131y\u0131rma Kapasitesi<\/td>\n<td>0.5-1.2\/1.6\/2.0<\/td>\n<\/tr>\n<tr>\n<td>A\u011f\u0131rl\u0131k<\/td>\n<td>445 gr<\/td>\n<\/tr>\n<\/table>\n","protected":false},"excerpt":{"rendered":"<p><b>12 11 180 Kablo S\u0131y\u0131rma Pensesi<\/b><br \/>D\u00f6rt veya alt\u0131 de\u011fi\u015fik iletken kesit \u00f6l\u00e7\u00fcs\u00fc i\u00e7in de\u011fi\u015ftirilebilir kesici. Hassas bir \u015fekilde bilenmi\u015f b\u0131\u00e7aklar sayesinde kabloya zarar verilmez, incel telli kablolar\u0131n da izolasyonu zarar verilmeden s\u0131y\u0131r\u0131l\u0131r. S\u0131k\u0131\u015ft\u0131rma \u00e7eneleri teli s\u0131y\u0131rma i\u015fleminde tutar. Seri \u00e7al\u0131\u015fmada izolasyonlar\u0131n e\u015fit olarak s\u0131y\u0131r\u0131lmas\u0131 i\u00e7in ayarlanabilir uzunluk s\u0131n\u0131rlamas\u0131. Pense, bask\u0131 yay\u0131 sayesinde ba\u015flang\u0131\u00e7 pozisyonuna geri al\u0131n\u0131r. <\/p>\n<li><b>Kablo s\u0131y\u0131rma de\u011ferleri (\u00e7ap): <\/b>\u00d8 0,5 \/ 1,2 \/ 1,6 \/ 2 mm<\/li>\n","protected":false},"featured_media":11660,"comment_status":"open","ping_status":"closed","template":"","meta":{"_acf_changed":false},"product_brand":[1486],"product_cat":[991],"product_tag":[],"class_list":{"0":"post-23219","1":"product","2":"type-product","3":"status-publish","4":"has-post-thumbnail","6":"product_brand-knipex","7":"product_cat-kablo-siyirmalar","9":"first","10":"outofstock","11":"taxable","12":"shipping-taxable","13":"purchasable","14":"product-type-simple","15":"add-to-wishlist-after_add_to_cart"},"acf":[],"_links":{"self":[{"href":"https:\/\/www.makitamarket.com.tr\/site\/wp-json\/wp\/v2\/product\/23219","targetHints":{"allow":["GET"]}}],"collection":[{"href":"https:\/\/www.makitamarket.com.tr\/site\/wp-json\/wp\/v2\/product"}],"about":[{"href":"https:\/\/www.makitamarket.com.tr\/site\/wp-json\/wp\/v2\/types\/product"}],"replies":[{"embeddable":true,"href":"https:\/\/www.makitamarket.com.tr\/site\/wp-json\/wp\/v2\/comments?post=23219"}],"wp:featuredmedia":[{"embeddable":true,"href":"https:\/\/www.makitamarket.com.tr\/site\/wp-json\/wp\/v2\/media\/11660"}],"wp:attachment":[{"href":"https:\/\/www.makitamarket.com.tr\/site\/wp-json\/wp\/v2\/media?parent=23219"}],"wp:term":[{"taxonomy":"product_brand","embeddable":true,"href":"https:\/\/www.makitamarket.com.tr\/site\/wp-json\/wp\/v2\/product_brand?post=23219"},{"taxonomy":"product_cat","embeddable":true,"href":"https:\/\/www.makitamarket.com.tr\/site\/wp-json\/wp\/v2\/product_cat?post=23219"},{"taxonomy":"product_tag","embeddable":true,"href":"https:\/\/www.makitamarket.com.tr\/site\/wp-json\/wp\/v2\/product_tag?post=23219"}],"curies":[{"name":"wp","href":"https:\/\/api.w.org\/{rel}","templated":true}]}}