{"id":23221,"date":"2025-01-06T16:38:39","date_gmt":"2025-01-06T13:38:39","guid":{"rendered":"https:\/\/www.makitamarket.com.tr\/site\/urun\/makita-4329-devir-ayarli-dekupaj-makinasi\/"},"modified":"2026-04-06T13:47:20","modified_gmt":"2026-04-06T10:47:20","slug":"makita-4329-devir-ayarli-dekupaj-makinasi","status":"publish","type":"product","link":"https:\/\/www.makitamarket.com.tr\/site\/urun\/makita-4329-devir-ayarli-dekupaj-makinasi\/","title":{"rendered":"Makita 4329 DEV\u0130R AYARLI DEKUPAJ MAK\u0130NASI"},"content":{"rendered":"<p><span style=\"color: rgb(33, 37, 41); background-color: white;\">Model 4329<\/span><\/p>\n<p><span style=\"color: rgb(33, 37, 41); background-color: white;\">Dekupaj<\/span><\/p>\n<p><span style=\"color: rgb(33, 37, 41); background-color: white;\">Devir-Ayarl\u0131<\/span><\/p>\n<p><span style=\"color: rgb(33, 37, 41); background-color: white;\">450 W \u2022 500 \u2013 3.100 dk\u207b\u00b9<\/span><\/p>\n<p><strong style=\"color: rgb(0, 112, 192); background-color: white;\">Ah\u015fap ve metal kesimi i\u00e7in verimli,\u00e7ok y\u00f6nl\u00fc dekupaj modeli<\/strong><\/p>\n<p><span style=\"color: rgb(33, 37, 41); background-color: white;\">Ah\u015fap, metal ve plastik malzemelerde hassas ve detayl\u0131 kesim yapmak i\u00e7in tasarlanm\u0131\u015f \u00e7ok y\u00f6nl\u00fc bir dekupaj testere modelidir. 450 W motor g\u00fcc\u00fc, ah\u015fapta 65 mm, \u00e7elikte 6 mm kesme kapasitesi, 18 mm var-gel uzunlu\u011fu ve dakikada 3100 var-gel say\u0131s\u0131yla \u00fcst\u00fcn performans sunar. Ergonomik tasar\u0131m\u0131 ve kompakt yap\u0131s\u0131yla hem profesyonel hem de amat\u00f6r kullan\u0131c\u0131lar i\u00e7in idealdir. Genellikle marangozluk, mobilya yap\u0131m\u0131 ve dekoratif kesim projelerinde tercih edilir.<\/span><\/p>\n<p><span style=\"color: red; background-color: white;\">Kullan\u0131m amac\u0131: <\/span><span style=\"color: rgb(33, 37, 41); background-color: white;\">Bu makina, tahta, plastik ve metal malzemenin kesilmesi amac\u0131ylad\u0131r. Geni\u015f aksesuarlar\u0131 ve testere b\u0131\u00e7a\u011f\u0131 programlar\u0131 sayesinde, bir\u00e7ok ama\u00e7 i\u00e7in kullan\u0131labilir, ayr\u0131ca meyilli ve dairesel kesmeler i\u00e7in \u00e7ok uygundur.<\/span><\/p>\n<p><u style=\"color: black; background-color: white;\">\u00d6zellikleri:<\/u><\/p>\n<p><span style=\"color: red;\">G\u00fc\u00e7 Kayna\u011f\u0131:<\/span>Makinenin, yaln\u0131zca isim levhas\u0131nda belirtilenle ayn\u0131 voltajl\u0131 g\u00fc\u00e7 kayna\u011f\u0131na ba\u011flanmas\u0131 gerekir ve yaln\u0131zca tek fazl\u0131 AC g\u00fc\u00e7 kayna\u011f\u0131yla \u00e7al\u0131\u015ft\u0131r\u0131labilir. \u00c7ifte yal\u0131t\u0131ml\u0131d\u0131r ve topraklamas\u0131z prizlerle de kullan\u0131labilir.<\/p>\n<ol>\n<li data-list=\"bullet\" class=\"ql-indent-1\"><span class=\"ql-ui\" contenteditable=\"false\"><\/span><span style=\"color: black;\">Kama tipi dekupaj b\u0131\u00e7a\u011f\u0131 mevcuttur.<\/span><\/li>\n<li data-list=\"bullet\" class=\"ql-indent-1\"><span class=\"ql-ui\" contenteditable=\"false\"><\/span>\u00c7ift yal\u0131t\u0131ml\u0131d\u0131r.<\/li>\n<li data-list=\"bullet\" class=\"ql-indent-1\"><span class=\"ql-ui\" contenteditable=\"false\"><\/span><span style=\"color: rgb(33, 37, 41);\">Toz emme \u00fcnitesi mevcuttur.<\/span><\/li>\n<li data-list=\"bullet\" class=\"ql-indent-1\"><span class=\"ql-ui\" contenteditable=\"false\"><\/span><span style=\"color: black;\">Sarka\u00e7 hareketi vard\u0131r.<\/span><\/li>\n<li data-list=\"bullet\" class=\"ql-indent-1\"><span class=\"ql-ui\" contenteditable=\"false\"><\/span>De\u011fi\u015fken h\u0131z \u00f6zelli\u011fine sahiptir.<\/li>\n<\/ol>\n<p>4329:Al\u00fcminyum tabanl\u0131<\/p>\n<p><span style=\"color: rgb(33, 37, 41); background-color: white;\">Ambalaj i\u00e7eri\u011fi: B\u0131\u00e7ak, Allen anahtar<\/span><\/p>\n<table>\n<tr>\n<td>S\u00fcrekli Ak\u0131m Giri\u015fi<\/td>\n<td>450W<\/td>\n<\/tr>\n<tr>\n<td>Kapasite<\/td>\n<td>Ah\u015fap 90\u00b0 :65mm, \u00c7elik 90\u00b0 :6mm<\/td>\n<\/tr>\n<tr>\n<td>Net A\u011f\u0131rl\u0131k<\/td>\n<td>1.9kg<\/td>\n<\/tr>\n<tr>\n<td>Ak\u0131m<\/td>\n<td>2.1Ah<\/td>\n<\/tr>\n<tr>\n<td>Vargel Say\u0131s\u0131<\/td>\n<td>500-3100 devir\/dakika.<\/td>\n<\/tr>\n<tr>\n<td>Vargel Uzunlu\u011fu<\/td>\n<td>18mm<\/td>\n<\/tr>\n<\/table>\n","protected":false},"excerpt":{"rendered":"<p><span style=\"color: rgb(33, 37, 41); background-color: white;\">Model 4329<\/span><\/p>\n<p><span style=\"color: rgb(33, 37, 41); background-color: white;\">Dekupaj<\/span><\/p>\n<p><span style=\"color: rgb(33, 37, 41); background-color: white;\">Devir-Ayarl\u0131<\/span><\/p>\n<p><span style=\"color: rgb(33, 37, 41); background-color: white;\">450 W \u2022 500 \u2013 3.100 dk\u207b\u00b9<\/span><\/p>\n<p><strong style=\"color: rgb(0, 112, 192); background-color: white;\">Ah\u015fap ve metal kesimi i\u00e7in verimli,\u00e7ok y\u00f6nl\u00fc dekupaj modeli<\/strong><\/p>\n<p><span style=\"color: rgb(33, 37, 41); background-color: white;\">Ah\u015fap, metal ve plastik malzemelerde hassas ve detayl\u0131 kesim yapmak i\u00e7in tasarlanm\u0131\u015f \u00e7ok y\u00f6nl\u00fc bir dekupaj testere modelidir. 450 W motor g\u00fcc\u00fc, ah\u015fapta 65 mm, \u00e7elikte 6 mm kesme kapasitesi, 18 mm var-gel uzunlu\u011fu ve dakikada 3100 var-gel say\u0131s\u0131yla \u00fcst\u00fcn performans sunar. Ergonomik tasar\u0131m\u0131 ve kompakt yap\u0131s\u0131yla hem profesyonel hem de amat\u00f6r kullan\u0131c\u0131lar i\u00e7in idealdir. Genellikle marangozluk, mobilya yap\u0131m\u0131 ve dekoratif kesim projelerinde tercih edilir.<\/span><\/p>\n<p><span style=\"color: red; background-color: white;\">Kullan\u0131m amac\u0131: <\/span><span style=\"color: rgb(33, 37, 41); background-color: white;\">Bu makina, tahta, plastik ve metal malzemenin kesilmesi amac\u0131ylad\u0131r. Geni\u015f aksesuarlar\u0131 ve testere b\u0131\u00e7a\u011f\u0131 programlar\u0131 sayesinde, bir\u00e7ok ama\u00e7 i\u00e7in kullan\u0131labilir, ayr\u0131ca meyilli ve dairesel kesmeler i\u00e7in \u00e7ok uygundur.<\/span><\/p>\n<p><u style=\"color: black; background-color: white;\">\u00d6zellikleri:<\/u><\/p>\n<p><span style=\"color: red;\">G\u00fc\u00e7 Kayna\u011f\u0131:<\/span>Makinenin, yaln\u0131zca isim levhas\u0131nda belirtilenle ayn\u0131 voltajl\u0131 g\u00fc\u00e7 kayna\u011f\u0131na ba\u011flanmas\u0131 gerekir ve yaln\u0131zca tek fazl\u0131 AC g\u00fc\u00e7 kayna\u011f\u0131yla \u00e7al\u0131\u015ft\u0131r\u0131labilir. \u00c7ifte yal\u0131t\u0131ml\u0131d\u0131r ve topraklamas\u0131z prizlerle de kullan\u0131labilir.<\/p>\n<ol>\n<li data-list=\"bullet\" class=\"ql-indent-1\"><span class=\"ql-ui\" contenteditable=\"false\"><\/span><span style=\"color: black;\">Kama tipi dekupaj b\u0131\u00e7a\u011f\u0131 mevcuttur.<\/span><\/li>\n<li data-list=\"bullet\" class=\"ql-indent-1\"><span class=\"ql-ui\" contenteditable=\"false\"><\/span>\u00c7ift yal\u0131t\u0131ml\u0131d\u0131r.<\/li>\n<li data-list=\"bullet\" class=\"ql-indent-1\"><span class=\"ql-ui\" contenteditable=\"false\"><\/span><span style=\"color: rgb(33, 37, 41);\">Toz emme \u00fcnitesi mevcuttur.<\/span><\/li>\n<li data-list=\"bullet\" class=\"ql-indent-1\"><span class=\"ql-ui\" contenteditable=\"false\"><\/span><span style=\"color: black;\">Sarka\u00e7 hareketi vard\u0131r.<\/span><\/li>\n<li data-list=\"bullet\" class=\"ql-indent-1\"><span class=\"ql-ui\" contenteditable=\"false\"><\/span>De\u011fi\u015fken h\u0131z \u00f6zelli\u011fine sahiptir.<\/li>\n<\/ol>\n<p>4329:Al\u00fcminyum tabanl\u0131<\/p>\n<p><span style=\"color: rgb(33, 37, 41); background-color: white;\">Ambalaj i\u00e7eri\u011fi: B\u0131\u00e7ak, Allen anahtar<\/span><\/p>\n","protected":false},"featured_media":11676,"comment_status":"open","ping_status":"closed","template":"","meta":{"_acf_changed":false},"product_brand":[1485],"product_cat":[1021],"product_tag":[],"class_list":{"0":"post-23221","1":"product","2":"type-product","3":"status-publish","4":"has-post-thumbnail","6":"product_brand-makita","7":"product_cat-dekupaj-testereler","9":"first","10":"instock","11":"taxable","12":"shipping-taxable","13":"purchasable","14":"product-type-simple","15":"add-to-wishlist-after_add_to_cart"},"acf":[],"_links":{"self":[{"href":"https:\/\/www.makitamarket.com.tr\/site\/wp-json\/wp\/v2\/product\/23221","targetHints":{"allow":["GET"]}}],"collection":[{"href":"https:\/\/www.makitamarket.com.tr\/site\/wp-json\/wp\/v2\/product"}],"about":[{"href":"https:\/\/www.makitamarket.com.tr\/site\/wp-json\/wp\/v2\/types\/product"}],"replies":[{"embeddable":true,"href":"https:\/\/www.makitamarket.com.tr\/site\/wp-json\/wp\/v2\/comments?post=23221"}],"wp:featuredmedia":[{"embeddable":true,"href":"https:\/\/www.makitamarket.com.tr\/site\/wp-json\/wp\/v2\/media\/11676"}],"wp:attachment":[{"href":"https:\/\/www.makitamarket.com.tr\/site\/wp-json\/wp\/v2\/media?parent=23221"}],"wp:term":[{"taxonomy":"product_brand","embeddable":true,"href":"https:\/\/www.makitamarket.com.tr\/site\/wp-json\/wp\/v2\/product_brand?post=23221"},{"taxonomy":"product_cat","embeddable":true,"href":"https:\/\/www.makitamarket.com.tr\/site\/wp-json\/wp\/v2\/product_cat?post=23221"},{"taxonomy":"product_tag","embeddable":true,"href":"https:\/\/www.makitamarket.com.tr\/site\/wp-json\/wp\/v2\/product_tag?post=23221"}],"curies":[{"name":"wp","href":"https:\/\/api.w.org\/{rel}","templated":true}]}}