{"id":23225,"date":"2025-01-06T16:38:42","date_gmt":"2025-01-06T13:38:42","guid":{"rendered":"https:\/\/www.makitamarket.com.tr\/site\/urun\/optimum-3442924-yumusak-ayak-seti\/"},"modified":"2025-11-16T06:24:15","modified_gmt":"2025-11-16T03:24:15","slug":"optimum-3442924-yumusak-ayak-seti","status":"publish","type":"product","link":"https:\/\/www.makitamarket.com.tr\/site\/urun\/optimum-3442924-yumusak-ayak-seti\/","title":{"rendered":"Optimum 3442924 YUMU\u015eAK AYAK SET\u0130"},"content":{"rendered":"<table>\n<tr>\n<td>Tan\u0131m\u0131<\/td>\n<td>3442812 ayna i\u00e7in<\/td>\n<\/tr>\n<\/table>\n","protected":false},"excerpt":{"rendered":"<p>Tan\u0131m\u0131 3442812 ayna i\u00e7in<\/p>\n","protected":false},"featured_media":0,"comment_status":"open","ping_status":"closed","template":"","meta":{"_acf_changed":false},"product_brand":[1511],"product_cat":[824],"product_tag":[],"class_list":{"0":"post-23225","1":"product","2":"type-product","3":"status-publish","5":"product_brand-optimum","6":"product_cat-aksesuarlar-metal-isleme-makinalari-2","8":"first","9":"outofstock","10":"taxable","11":"shipping-taxable","12":"purchasable","13":"product-type-simple","14":"add-to-wishlist-after_add_to_cart"},"acf":[],"_links":{"self":[{"href":"https:\/\/www.makitamarket.com.tr\/site\/wp-json\/wp\/v2\/product\/23225","targetHints":{"allow":["GET"]}}],"collection":[{"href":"https:\/\/www.makitamarket.com.tr\/site\/wp-json\/wp\/v2\/product"}],"about":[{"href":"https:\/\/www.makitamarket.com.tr\/site\/wp-json\/wp\/v2\/types\/product"}],"replies":[{"embeddable":true,"href":"https:\/\/www.makitamarket.com.tr\/site\/wp-json\/wp\/v2\/comments?post=23225"}],"wp:attachment":[{"href":"https:\/\/www.makitamarket.com.tr\/site\/wp-json\/wp\/v2\/media?parent=23225"}],"wp:term":[{"taxonomy":"product_brand","embeddable":true,"href":"https:\/\/www.makitamarket.com.tr\/site\/wp-json\/wp\/v2\/product_brand?post=23225"},{"taxonomy":"product_cat","embeddable":true,"href":"https:\/\/www.makitamarket.com.tr\/site\/wp-json\/wp\/v2\/product_cat?post=23225"},{"taxonomy":"product_tag","embeddable":true,"href":"https:\/\/www.makitamarket.com.tr\/site\/wp-json\/wp\/v2\/product_tag?post=23225"}],"curies":[{"name":"wp","href":"https:\/\/api.w.org\/{rel}","templated":true}]}}