{"id":23237,"date":"2025-01-06T16:38:53","date_gmt":"2025-01-06T13:38:53","guid":{"rendered":"https:\/\/www.makitamarket.com.tr\/site\/urun\/virax-136247-pafta-kafasi-1-1-4\/"},"modified":"2026-03-30T08:09:33","modified_gmt":"2026-03-30T05:09:33","slug":"virax-136247-pafta-kafasi-1-1-4","status":"publish","type":"product","link":"https:\/\/www.makitamarket.com.tr\/site\/urun\/virax-136247-pafta-kafasi-1-1-4\/","title":{"rendered":"Virax 136247 PAFTA KAFASI 1.1\/4&#8243;"},"content":{"rendered":"<p>\n\t<span dir=\"ltr\" role=\"presentation\" style=\"left: 554.33px; top: 1468.07px; font-size: 11.6667px; font-family: sans-serif; transform: scaleX(0.876094);\">\u2022Phenix III elektrikli el tipi pafta makinalar\u0131nda kullan\u0131mda emniyet mandal\u0131 s\u00f6k\u00fclmelidir.<\/span><\/p>\n<table>\n<tr>\n<td>Pafta Tarak Tipi<\/td>\n<td>Sol BSPT<\/td>\n<\/tr>\n<tr>\n<td>Boru \u00d6l\u00e7\u00fcs\u00fc<\/td>\n<td>1 1 \/4&#8243;<\/td>\n<\/tr>\n<tr>\n<td>Boru \u00d6l\u00e7\u00fcs\u00fc<\/td>\n<td>33\/42 mm<\/td>\n<\/tr>\n<tr>\n<td>Uygun Boru Tipi<\/td>\n<td>\u00c7elik<\/td>\n<\/tr>\n<\/table>\n","protected":false},"excerpt":{"rendered":"<p>\n\t<span dir=\"ltr\" role=\"presentation\" style=\"left: 554.33px; top: 1468.07px; font-size: 11.6667px; font-family: sans-serif; transform: scaleX(0.876094);\">\u2022Phenix III elektrikli el tipi pafta makinalar\u0131nda kullan\u0131mda emniyet mandal\u0131 s\u00f6k\u00fclmelidir.<\/span><\/p>\n","protected":false},"featured_media":11830,"comment_status":"open","ping_status":"closed","template":"","meta":{"_acf_changed":false},"product_brand":[1495],"product_cat":[854],"product_tag":[],"class_list":{"0":"post-23237","1":"product","2":"type-product","3":"status-publish","4":"has-post-thumbnail","6":"product_brand-virax","7":"product_cat-pafta-taraklari","9":"first","10":"instock","11":"taxable","12":"shipping-taxable","13":"purchasable","14":"product-type-simple","15":"add-to-wishlist-after_add_to_cart"},"acf":[],"_links":{"self":[{"href":"https:\/\/www.makitamarket.com.tr\/site\/wp-json\/wp\/v2\/product\/23237","targetHints":{"allow":["GET"]}}],"collection":[{"href":"https:\/\/www.makitamarket.com.tr\/site\/wp-json\/wp\/v2\/product"}],"about":[{"href":"https:\/\/www.makitamarket.com.tr\/site\/wp-json\/wp\/v2\/types\/product"}],"replies":[{"embeddable":true,"href":"https:\/\/www.makitamarket.com.tr\/site\/wp-json\/wp\/v2\/comments?post=23237"}],"wp:featuredmedia":[{"embeddable":true,"href":"https:\/\/www.makitamarket.com.tr\/site\/wp-json\/wp\/v2\/media\/11830"}],"wp:attachment":[{"href":"https:\/\/www.makitamarket.com.tr\/site\/wp-json\/wp\/v2\/media?parent=23237"}],"wp:term":[{"taxonomy":"product_brand","embeddable":true,"href":"https:\/\/www.makitamarket.com.tr\/site\/wp-json\/wp\/v2\/product_brand?post=23237"},{"taxonomy":"product_cat","embeddable":true,"href":"https:\/\/www.makitamarket.com.tr\/site\/wp-json\/wp\/v2\/product_cat?post=23237"},{"taxonomy":"product_tag","embeddable":true,"href":"https:\/\/www.makitamarket.com.tr\/site\/wp-json\/wp\/v2\/product_tag?post=23237"}],"curies":[{"name":"wp","href":"https:\/\/api.w.org\/{rel}","templated":true}]}}