{"id":23239,"date":"2025-01-06T16:38:54","date_gmt":"2025-01-06T13:38:54","guid":{"rendered":"https:\/\/www.makitamarket.com.tr\/site\/urun\/vivastar-vvcar0-5-5-caraskal-500-kg\/"},"modified":"2026-03-30T08:10:25","modified_gmt":"2026-03-30T05:10:25","slug":"vivastar-vvcar0-5-5-caraskal-500-kg","status":"publish","type":"product","link":"https:\/\/www.makitamarket.com.tr\/site\/urun\/vivastar-vvcar0-5-5-caraskal-500-kg\/","title":{"rendered":"Vivastar VVCAR0.5-5 CARASKAL 500 kg"},"content":{"rendered":"<table>\n<tr>\n<td>Kapasite (kg)<\/td>\n<td>500<\/td>\n<\/tr>\n<tr>\n<td>Zincir Boyu (mt)<\/td>\n<td>5<\/td>\n<\/tr>\n<tr>\n<td>Zincir Donam Say\u0131s\u0131<\/td>\n<td>1<\/td>\n<\/tr>\n<tr>\n<td>Y\u00fck Zincir \u00c7ap\u0131 (mm)<\/td>\n<td>5<\/td>\n<\/tr>\n<tr>\n<td>Boyutlar (mm)<\/td>\n<td>22x15x19,5<\/td>\n<\/tr>\n<tr>\n<td>A\u011f\u0131rl\u0131k (Kg)<\/td>\n<td>10<\/td>\n<\/tr>\n<\/table>\n","protected":false},"excerpt":{"rendered":"<p>Kapasite (kg) 500 Zincir Boyu (mt) 5 Zincir Donam Say\u0131s\u0131 1 Y\u00fck Zincir \u00c7ap\u0131 (mm) 5 Boyutlar (mm) 22x15x19,5 A\u011f\u0131rl\u0131k (Kg) 10<\/p>\n","protected":false},"featured_media":11858,"comment_status":"open","ping_status":"closed","template":"","meta":{"_acf_changed":false},"product_brand":[1509],"product_cat":[780],"product_tag":[],"class_list":{"0":"post-23239","1":"product","2":"type-product","3":"status-publish","4":"has-post-thumbnail","6":"product_brand-vivastar","7":"product_cat-vincler-caraskallar-hubsuglar","9":"first","10":"instock","11":"taxable","12":"shipping-taxable","13":"purchasable","14":"product-type-simple","15":"add-to-wishlist-after_add_to_cart"},"acf":[],"_links":{"self":[{"href":"https:\/\/www.makitamarket.com.tr\/site\/wp-json\/wp\/v2\/product\/23239","targetHints":{"allow":["GET"]}}],"collection":[{"href":"https:\/\/www.makitamarket.com.tr\/site\/wp-json\/wp\/v2\/product"}],"about":[{"href":"https:\/\/www.makitamarket.com.tr\/site\/wp-json\/wp\/v2\/types\/product"}],"replies":[{"embeddable":true,"href":"https:\/\/www.makitamarket.com.tr\/site\/wp-json\/wp\/v2\/comments?post=23239"}],"wp:featuredmedia":[{"embeddable":true,"href":"https:\/\/www.makitamarket.com.tr\/site\/wp-json\/wp\/v2\/media\/11858"}],"wp:attachment":[{"href":"https:\/\/www.makitamarket.com.tr\/site\/wp-json\/wp\/v2\/media?parent=23239"}],"wp:term":[{"taxonomy":"product_brand","embeddable":true,"href":"https:\/\/www.makitamarket.com.tr\/site\/wp-json\/wp\/v2\/product_brand?post=23239"},{"taxonomy":"product_cat","embeddable":true,"href":"https:\/\/www.makitamarket.com.tr\/site\/wp-json\/wp\/v2\/product_cat?post=23239"},{"taxonomy":"product_tag","embeddable":true,"href":"https:\/\/www.makitamarket.com.tr\/site\/wp-json\/wp\/v2\/product_tag?post=23239"}],"curies":[{"name":"wp","href":"https:\/\/api.w.org\/{rel}","templated":true}]}}