{"id":23240,"date":"2025-01-06T16:38:56","date_gmt":"2025-01-06T13:38:56","guid":{"rendered":"https:\/\/www.makitamarket.com.tr\/site\/urun\/makita-bo4565-avuc-ici-titresim-zimpara\/"},"modified":"2026-04-06T13:52:04","modified_gmt":"2026-04-06T10:52:04","slug":"makita-bo4565-avuc-ici-titresim-zimpara","status":"publish","type":"product","link":"https:\/\/www.makitamarket.com.tr\/site\/urun\/makita-bo4565-avuc-ici-titresim-zimpara\/","title":{"rendered":"Makita BO4565 AVU\u00c7 \u0130\u00c7\u0130 T\u0130TRE\u015e\u0130M ZIMPARA"},"content":{"rendered":"<p><span style=\"color: rgb(33, 37, 41); background-color: white;\">Model BO4565<\/span><\/p>\n<p><span style=\"color: rgb(33, 37, 41); background-color: white;\">Avu\u00e7 i\u00e7i Titre\u015fim Z\u0131mparalar <\/span><\/p>\n<p><span style=\"color: rgb(33, 37, 41); background-color: white;\">200 W \u2022 114 x 102 mm \u2022 14.000 dk\u207b\u00b9<\/span><\/p>\n<p><span style=\"color: red; background-color: white;\">Kullan\u0131m amac\u0131: <\/span><span style=\"color: rgb(33, 37, 41); background-color: white;\">Bu makine geni\u015f ah\u015fap, plastik ve metal y\u00fczeyler ile boyal\u0131 y\u00fczeylerin z\u0131mparalanmas\u0131 i\u00e7in tasarlanm\u0131\u015ft\u0131r.<\/span><\/p>\n<p><strong style=\"color: rgb(0, 112, 192); background-color: white;\">Dar alanlar i\u00e7in k\u00f6\u015feli titre\u015fimli z\u0131mpara modeli<\/strong><\/p>\n<p><span style=\"color: rgb(33, 37, 41); background-color: white;\">Ah\u015fap, metal ve boyal\u0131 y\u00fczeylerde \u00f6zellikle dar ve k\u00f6\u015feli alanlarda hassas z\u0131mparalama yapmak i\u00e7in tasarlanm\u0131\u015f k\u00f6\u015feli bir titre\u015fimli z\u0131mpara modelidir. 200 W motor g\u00fcc\u00fcne sahiptir.\u00dc\u00e7gen \u015fekilli 114 x 102 mm a\u015f\u0131nd\u0131r\u0131c\u0131 ka\u011f\u0131t boyutu ve 112&#215;190 taban ile zor eri\u015filen b\u00f6lgelerde etkili bir performans sunar.Hafif ve ergonomik tasar\u0131m\u0131 ve kolay z\u0131mpara ka\u011f\u0131d\u0131 de\u011fi\u015ftirme \u00f6zelli\u011fiyle konforlu bir kullan\u0131m sa\u011flar. Genellikle marangozluk, mobilya yenileme ve detayl\u0131 y\u00fczey haz\u0131rl\u0131\u011f\u0131 projelerinde tercih edilir. Toz toplama sistemiyle temiz ve d\u00fczenli bir \u00e7al\u0131\u015fma ortam\u0131 sunar.<\/span><\/p>\n<p><u style=\"color: black; background-color: white;\">\u00d6zellikleri:<\/u><span style=\"color: rgb(33, 37, 41); background-color: white;\"> <\/span><\/p>\n<p><span style=\"color: red;\">G\u00fc\u00e7 Kayna\u011f\u0131: <\/span>Makine yaln\u0131zca \u00fczerindeki etikette belirtilen voltaj de\u011ferlerine sahip, tek fazl\u0131 AC g\u00fc\u00e7 kaynaklar\u0131na ba\u011flanmal\u0131d\u0131r. \u00c7ift yal\u0131t\u0131ml\u0131d\u0131r ve bu nedenle topraks\u0131z prizlerle de kullan\u0131labilir.<\/p>\n<ol>\n<li data-list=\"bullet\"><span class=\"ql-ui\" contenteditable=\"false\"><\/span>\u00c7ift yal\u0131t\u0131ml\u0131d\u0131r.<\/li>\n<li data-list=\"bullet\"><span class=\"ql-ui\" contenteditable=\"false\"><\/span><span style=\"color: rgb(33, 37, 41);\">Toz emme \u00fcnitesi mevcuttur.<\/span><\/li>\n<\/ol>\n<p><span style=\"color: rgb(33, 37, 41); background-color: white;\">Ambalaj i\u00e7eri\u011fi: Toz torbas\u0131, Z\u0131mpara ka\u011f\u0131d\u0131, <\/span><\/p>\n<p><span style=\"color: rgb(33, 37, 41); background-color: white;\">C\u0131rtl\u0131 Taban<\/span><\/p>\n<table>\n<tr>\n<td>S\u00fcrekli Ak\u0131m Giri\u015fi<\/td>\n<td>200W<\/td>\n<\/tr>\n<tr>\n<td>Net A\u011f\u0131rl\u0131k<\/td>\n<td>1.2kg<\/td>\n<\/tr>\n<tr>\n<td>Ak\u0131m<\/td>\n<td>0.9Ah<\/td>\n<\/tr>\n<tr>\n<td>Taban \u00d6l\u00e7\u00fcleri<\/td>\n<td>112&#215;190 mm<\/td>\n<\/tr>\n<tr>\n<td>A\u015f\u0131nd\u0131r\u0131c\u0131 Ka\u011f\u0131t \u00d6l\u00e7\u00fcleri<\/td>\n<td>114x102mm<\/td>\n<\/tr>\n<tr>\n<td>Dakikada Titre\u015fim<\/td>\n<td>14.000<\/td>\n<\/tr>\n<\/table>\n","protected":false},"excerpt":{"rendered":"<p><span style=\"color: rgb(33, 37, 41); background-color: white;\">Model BO4565<\/span><\/p>\n<p><span style=\"color: rgb(33, 37, 41); background-color: white;\">Avu\u00e7 i\u00e7i Titre\u015fim Z\u0131mparalar <\/span><\/p>\n<p><span style=\"color: rgb(33, 37, 41); background-color: white;\">200 W \u2022 114 x 102 mm \u2022 14.000 dk\u207b\u00b9<\/span><\/p>\n<p><span style=\"color: red; background-color: white;\">Kullan\u0131m amac\u0131: <\/span><span style=\"color: rgb(33, 37, 41); background-color: white;\">Bu makine geni\u015f ah\u015fap, plastik ve metal y\u00fczeyler ile boyal\u0131 y\u00fczeylerin z\u0131mparalanmas\u0131 i\u00e7in tasarlanm\u0131\u015ft\u0131r.<\/span><\/p>\n<p><strong style=\"color: rgb(0, 112, 192); background-color: white;\">Dar alanlar i\u00e7in k\u00f6\u015feli titre\u015fimli z\u0131mpara modeli<\/strong><\/p>\n<p><span style=\"color: rgb(33, 37, 41); background-color: white;\">Ah\u015fap, metal ve boyal\u0131 y\u00fczeylerde \u00f6zellikle dar ve k\u00f6\u015feli alanlarda hassas z\u0131mparalama yapmak i\u00e7in tasarlanm\u0131\u015f k\u00f6\u015feli bir titre\u015fimli z\u0131mpara modelidir. 200 W motor g\u00fcc\u00fcne sahiptir.\u00dc\u00e7gen \u015fekilli 114 x 102 mm a\u015f\u0131nd\u0131r\u0131c\u0131 ka\u011f\u0131t boyutu ve 112&#215;190 taban ile zor eri\u015filen b\u00f6lgelerde etkili bir performans sunar.Hafif ve ergonomik tasar\u0131m\u0131 ve kolay z\u0131mpara ka\u011f\u0131d\u0131 de\u011fi\u015ftirme \u00f6zelli\u011fiyle konforlu bir kullan\u0131m sa\u011flar. Genellikle marangozluk, mobilya yenileme ve detayl\u0131 y\u00fczey haz\u0131rl\u0131\u011f\u0131 projelerinde tercih edilir. Toz toplama sistemiyle temiz ve d\u00fczenli bir \u00e7al\u0131\u015fma ortam\u0131 sunar.<\/span><\/p>\n<p><u style=\"color: black; background-color: white;\">\u00d6zellikleri:<\/u><span style=\"color: rgb(33, 37, 41); background-color: white;\"> <\/span><\/p>\n<p><span style=\"color: red;\">G\u00fc\u00e7 Kayna\u011f\u0131: <\/span>Makine yaln\u0131zca \u00fczerindeki etikette belirtilen voltaj de\u011ferlerine sahip, tek fazl\u0131 AC g\u00fc\u00e7 kaynaklar\u0131na ba\u011flanmal\u0131d\u0131r. \u00c7ift yal\u0131t\u0131ml\u0131d\u0131r ve bu nedenle topraks\u0131z prizlerle de kullan\u0131labilir.<\/p>\n<ol>\n<li data-list=\"bullet\"><span class=\"ql-ui\" contenteditable=\"false\"><\/span>\u00c7ift yal\u0131t\u0131ml\u0131d\u0131r.<\/li>\n<li data-list=\"bullet\"><span class=\"ql-ui\" contenteditable=\"false\"><\/span><span style=\"color: rgb(33, 37, 41);\">Toz emme \u00fcnitesi mevcuttur.<\/span><\/li>\n<\/ol>\n<p><span style=\"color: rgb(33, 37, 41); background-color: white;\">Ambalaj i\u00e7eri\u011fi: Toz torbas\u0131, Z\u0131mpara ka\u011f\u0131d\u0131, <\/span><\/p>\n<p><span style=\"color: rgb(33, 37, 41); background-color: white;\">C\u0131rtl\u0131 Taban<\/span><\/p>\n","protected":false},"featured_media":11883,"comment_status":"open","ping_status":"closed","template":"","meta":{"_acf_changed":false},"product_brand":[1485],"product_cat":[1152],"product_tag":[],"class_list":{"0":"post-23240","1":"product","2":"type-product","3":"status-publish","4":"has-post-thumbnail","6":"product_brand-makita","7":"product_cat-avuc-ici-titresim-zimparalar","9":"first","10":"instock","11":"taxable","12":"shipping-taxable","13":"purchasable","14":"product-type-simple","15":"add-to-wishlist-after_add_to_cart"},"acf":[],"_links":{"self":[{"href":"https:\/\/www.makitamarket.com.tr\/site\/wp-json\/wp\/v2\/product\/23240","targetHints":{"allow":["GET"]}}],"collection":[{"href":"https:\/\/www.makitamarket.com.tr\/site\/wp-json\/wp\/v2\/product"}],"about":[{"href":"https:\/\/www.makitamarket.com.tr\/site\/wp-json\/wp\/v2\/types\/product"}],"replies":[{"embeddable":true,"href":"https:\/\/www.makitamarket.com.tr\/site\/wp-json\/wp\/v2\/comments?post=23240"}],"wp:featuredmedia":[{"embeddable":true,"href":"https:\/\/www.makitamarket.com.tr\/site\/wp-json\/wp\/v2\/media\/11883"}],"wp:attachment":[{"href":"https:\/\/www.makitamarket.com.tr\/site\/wp-json\/wp\/v2\/media?parent=23240"}],"wp:term":[{"taxonomy":"product_brand","embeddable":true,"href":"https:\/\/www.makitamarket.com.tr\/site\/wp-json\/wp\/v2\/product_brand?post=23240"},{"taxonomy":"product_cat","embeddable":true,"href":"https:\/\/www.makitamarket.com.tr\/site\/wp-json\/wp\/v2\/product_cat?post=23240"},{"taxonomy":"product_tag","embeddable":true,"href":"https:\/\/www.makitamarket.com.tr\/site\/wp-json\/wp\/v2\/product_tag?post=23240"}],"curies":[{"name":"wp","href":"https:\/\/api.w.org\/{rel}","templated":true}]}}