{"id":23245,"date":"2025-01-06T16:38:58","date_gmt":"2025-01-06T13:38:58","guid":{"rendered":"https:\/\/www.makitamarket.com.tr\/site\/urun\/proxxon-24550-pd400-icin-10x10x80-mm\/"},"modified":"2026-04-06T13:52:58","modified_gmt":"2026-04-06T10:52:58","slug":"proxxon-24550-pd400-icin-10x10x80-mm","status":"publish","type":"product","link":"https:\/\/www.makitamarket.com.tr\/site\/urun\/proxxon-24550-pd400-icin-10x10x80-mm\/","title":{"rendered":"Proxxon 24550 PD400 \u0130\u00c7\u0130N 10x10x80 mm"},"content":{"rendered":"<p>\n\tBirer adet \u00e7apak alma, b\u00f6lme, son kesim, sa\u011f ve sol keskili kalem. Kayar kapakl\u0131 ah\u015fap kutu i\u00e7inde.<\/p>\n<table><\/table>\n","protected":false},"excerpt":{"rendered":"<p>\n\tBirer adet \u00e7apak alma, b\u00f6lme, son kesim, sa\u011f ve sol keskili kalem. Kayar kapakl\u0131 ah\u015fap kutu i\u00e7inde.<\/p>\n","protected":false},"featured_media":11908,"comment_status":"open","ping_status":"closed","template":"","meta":{"_acf_changed":false},"product_brand":[1501],"product_cat":[926],"product_tag":[],"class_list":{"0":"post-23245","1":"product","2":"type-product","3":"status-publish","4":"has-post-thumbnail","6":"product_brand-proxxon","7":"product_cat-aksesuarlar-mikro-aletleri","9":"first","10":"outofstock","11":"taxable","12":"shipping-taxable","13":"purchasable","14":"product-type-simple","15":"add-to-wishlist-after_add_to_cart"},"acf":[],"_links":{"self":[{"href":"https:\/\/www.makitamarket.com.tr\/site\/wp-json\/wp\/v2\/product\/23245","targetHints":{"allow":["GET"]}}],"collection":[{"href":"https:\/\/www.makitamarket.com.tr\/site\/wp-json\/wp\/v2\/product"}],"about":[{"href":"https:\/\/www.makitamarket.com.tr\/site\/wp-json\/wp\/v2\/types\/product"}],"replies":[{"embeddable":true,"href":"https:\/\/www.makitamarket.com.tr\/site\/wp-json\/wp\/v2\/comments?post=23245"}],"wp:featuredmedia":[{"embeddable":true,"href":"https:\/\/www.makitamarket.com.tr\/site\/wp-json\/wp\/v2\/media\/11908"}],"wp:attachment":[{"href":"https:\/\/www.makitamarket.com.tr\/site\/wp-json\/wp\/v2\/media?parent=23245"}],"wp:term":[{"taxonomy":"product_brand","embeddable":true,"href":"https:\/\/www.makitamarket.com.tr\/site\/wp-json\/wp\/v2\/product_brand?post=23245"},{"taxonomy":"product_cat","embeddable":true,"href":"https:\/\/www.makitamarket.com.tr\/site\/wp-json\/wp\/v2\/product_cat?post=23245"},{"taxonomy":"product_tag","embeddable":true,"href":"https:\/\/www.makitamarket.com.tr\/site\/wp-json\/wp\/v2\/product_tag?post=23245"}],"curies":[{"name":"wp","href":"https:\/\/api.w.org\/{rel}","templated":true}]}}