{"id":23253,"date":"2025-01-06T16:39:04","date_gmt":"2025-01-06T13:39:04","guid":{"rendered":"https:\/\/www.makitamarket.com.tr\/site\/urun\/virax-124503-pafta-taragi-1-1-1-4\/"},"modified":"2026-03-30T08:12:50","modified_gmt":"2026-03-30T05:12:50","slug":"virax-124503-pafta-taragi-1-1-1-4","status":"publish","type":"product","link":"https:\/\/www.makitamarket.com.tr\/site\/urun\/virax-124503-pafta-taragi-1-1-1-4\/","title":{"rendered":"Virax 124503 PAFTA TARA\u011eI 1&#8243; &#8211; 1.1\/4&#8243;"},"content":{"rendered":"<table>\n<tr>\n<td>Tarak Tipi<\/td>\n<td>Sa\u011f BSPT<\/td>\n<\/tr>\n<tr>\n<td>Boru \u00d6l\u00e7\u00fcs\u00fc<\/td>\n<td>1&#8243; &#8211; 1 1\/4&#8243;<\/td>\n<\/tr>\n<tr>\n<td>Boru \u00d6l\u00e7\u00fcs\u00fc<\/td>\n<td>26\/34 &#8211; 33\/42 mm<\/td>\n<\/tr>\n<tr>\n<td>Uyumlu Makina<\/td>\n<td>1240 &#8211; 1245 i\u00e7in<\/td>\n<\/tr>\n<\/table>\n","protected":false},"excerpt":{"rendered":"<p>Tarak Tipi Sa\u011f BSPT Boru \u00d6l\u00e7\u00fcs\u00fc 1&#8243; &#8211; 1 1\/4&#8243; Boru \u00d6l\u00e7\u00fcs\u00fc 26\/34 &#8211; 33\/42 mm Uyumlu Makina 1240 &#8211; 1245 i\u00e7in<\/p>\n","protected":false},"featured_media":11969,"comment_status":"open","ping_status":"closed","template":"","meta":{"_acf_changed":false},"product_brand":[1495],"product_cat":[854],"product_tag":[],"class_list":{"0":"post-23253","1":"product","2":"type-product","3":"status-publish","4":"has-post-thumbnail","6":"product_brand-virax","7":"product_cat-pafta-taraklari","9":"first","10":"outofstock","11":"taxable","12":"shipping-taxable","13":"purchasable","14":"product-type-simple","15":"add-to-wishlist-after_add_to_cart"},"acf":[],"_links":{"self":[{"href":"https:\/\/www.makitamarket.com.tr\/site\/wp-json\/wp\/v2\/product\/23253","targetHints":{"allow":["GET"]}}],"collection":[{"href":"https:\/\/www.makitamarket.com.tr\/site\/wp-json\/wp\/v2\/product"}],"about":[{"href":"https:\/\/www.makitamarket.com.tr\/site\/wp-json\/wp\/v2\/types\/product"}],"replies":[{"embeddable":true,"href":"https:\/\/www.makitamarket.com.tr\/site\/wp-json\/wp\/v2\/comments?post=23253"}],"wp:featuredmedia":[{"embeddable":true,"href":"https:\/\/www.makitamarket.com.tr\/site\/wp-json\/wp\/v2\/media\/11969"}],"wp:attachment":[{"href":"https:\/\/www.makitamarket.com.tr\/site\/wp-json\/wp\/v2\/media?parent=23253"}],"wp:term":[{"taxonomy":"product_brand","embeddable":true,"href":"https:\/\/www.makitamarket.com.tr\/site\/wp-json\/wp\/v2\/product_brand?post=23253"},{"taxonomy":"product_cat","embeddable":true,"href":"https:\/\/www.makitamarket.com.tr\/site\/wp-json\/wp\/v2\/product_cat?post=23253"},{"taxonomy":"product_tag","embeddable":true,"href":"https:\/\/www.makitamarket.com.tr\/site\/wp-json\/wp\/v2\/product_tag?post=23253"}],"curies":[{"name":"wp","href":"https:\/\/api.w.org\/{rel}","templated":true}]}}