{"id":23254,"date":"2025-01-06T16:39:05","date_gmt":"2025-01-06T13:39:05","guid":{"rendered":"https:\/\/www.makitamarket.com.tr\/site\/urun\/mapa-vital115-9-sivilara-karsi-koruma-eldiveni-no-6-7-8-9-10\/"},"modified":"2026-04-06T13:54:16","modified_gmt":"2026-04-06T10:54:16","slug":"mapa-vital115-9-sivilara-karsi-koruma-eldiveni-no-6-7-8-9-10","status":"publish","type":"product","link":"https:\/\/www.makitamarket.com.tr\/site\/urun\/mapa-vital115-9-sivilara-karsi-koruma-eldiveni-no-6-7-8-9-10\/","title":{"rendered":"Mapa VITAL115-9 SIVILARA KAR\u015eI KORUMA ELD\u0130VEN\u0130 NO: 6 &#8211; 7 &#8211; 8 &#8211; 9 &#8211; 10"},"content":{"rendered":"<div>\n\t<strong>Kullan\u0131m Alanlar\u0131<\/strong><\/div>\n<div>\n\tG\u0131da End\u00fcstrisi:<\/div>\n<div>\n\tYayg\u0131n temizlik g\u00f6revleri<\/div>\n<div>\n\t\u00a0<\/div>\n<div>\n\tTemizlik End\u00fcstrisi:<\/div>\n<div>\n\tEv deterjanlar\u0131n\u0131n kullan\u0131lmas\u0131<\/div>\n<div>\n\t\u00a0<\/div>\n<div>\n\tMakina End\u00fcstrisi:<\/div>\n<div>\n\tAz ya\u011fl\u0131 ve gressiz par\u00e7alar\u0131n toplanmas\u0131<\/div>\n<table>\n<tr>\n<td>Kaplama<\/td>\n<td>Lateks<\/td>\n<\/tr>\n<tr>\n<td>Tan\u0131m<\/td>\n<td>Zorlay\u0131c\u0131 olmayan \u015fartlarda hassas el becerisi<\/td>\n<\/tr>\n<tr>\n<td>\u00d6l\u00e7\u00fc<\/td>\n<td>6 &#8211; 7 &#8211; 8 &#8211; 9 &#8211; 10<\/td>\n<\/tr>\n<tr>\n<td>Standard\u0131<\/td>\n<td>EN 388 &#8211; 0010X<\/td>\n<\/tr>\n<tr>\n<td>Standard\u0131<\/td>\n<td>EN 374-1 &#8211; KPT<\/td>\n<\/tr>\n<tr>\n<td>Standard\u0131<\/td>\n<td>EN 374-5<\/td>\n<\/tr>\n<tr>\n<td>Koli Miktar\u0131<\/td>\n<td>100 \u00c7ift<\/td>\n<\/tr>\n<tr>\n<td>Standard\u0131<\/td>\n<td>EN 421<\/td>\n<\/tr>\n<tr>\n<td>Standard\u0131<\/td>\n<td>EN 420 &#8211; CAT3<\/td>\n<\/tr>\n<tr>\n<td>Uzunluk \/ Kal\u0131nl\u0131k<\/td>\n<td>30,5cm \/ 0,38mm<\/td>\n<\/tr>\n<tr>\n<td>\u0130\u00e7 \/ D\u0131\u015f Y\u00fczey<\/td>\n<td>Pamuk hav\u0131 emdirilmi\u015f \/ Kabartma doku<\/td>\n<\/tr>\n<\/table>\n","protected":false},"excerpt":{"rendered":"<div>\n\t<strong>Kullan\u0131m Alanlar\u0131<\/strong><\/div>\n<div>\n\tG\u0131da End\u00fcstrisi:<\/div>\n<div>\n\tYayg\u0131n temizlik g\u00f6revleri<\/div>\n<div>\n\t\u00a0<\/div>\n<div>\n\tTemizlik End\u00fcstrisi:<\/div>\n<div>\n\tEv deterjanlar\u0131n\u0131n kullan\u0131lmas\u0131<\/div>\n<div>\n\t\u00a0<\/div>\n<div>\n\tMakina End\u00fcstrisi:<\/div>\n<div>\n\tAz ya\u011fl\u0131 ve gressiz par\u00e7alar\u0131n toplanmas\u0131<\/div>\n","protected":false},"featured_media":11984,"comment_status":"open","ping_status":"closed","template":"","meta":{"_acf_changed":false},"product_brand":[1521],"product_cat":[708],"product_tag":[],"class_list":{"0":"post-23254","1":"product","2":"type-product","3":"status-publish","4":"has-post-thumbnail","6":"product_brand-mapa","7":"product_cat-el-koruyucular","9":"first","10":"instock","11":"taxable","12":"shipping-taxable","13":"purchasable","14":"product-type-simple","15":"add-to-wishlist-after_add_to_cart"},"acf":[],"_links":{"self":[{"href":"https:\/\/www.makitamarket.com.tr\/site\/wp-json\/wp\/v2\/product\/23254","targetHints":{"allow":["GET"]}}],"collection":[{"href":"https:\/\/www.makitamarket.com.tr\/site\/wp-json\/wp\/v2\/product"}],"about":[{"href":"https:\/\/www.makitamarket.com.tr\/site\/wp-json\/wp\/v2\/types\/product"}],"replies":[{"embeddable":true,"href":"https:\/\/www.makitamarket.com.tr\/site\/wp-json\/wp\/v2\/comments?post=23254"}],"wp:featuredmedia":[{"embeddable":true,"href":"https:\/\/www.makitamarket.com.tr\/site\/wp-json\/wp\/v2\/media\/11984"}],"wp:attachment":[{"href":"https:\/\/www.makitamarket.com.tr\/site\/wp-json\/wp\/v2\/media?parent=23254"}],"wp:term":[{"taxonomy":"product_brand","embeddable":true,"href":"https:\/\/www.makitamarket.com.tr\/site\/wp-json\/wp\/v2\/product_brand?post=23254"},{"taxonomy":"product_cat","embeddable":true,"href":"https:\/\/www.makitamarket.com.tr\/site\/wp-json\/wp\/v2\/product_cat?post=23254"},{"taxonomy":"product_tag","embeddable":true,"href":"https:\/\/www.makitamarket.com.tr\/site\/wp-json\/wp\/v2\/product_tag?post=23254"}],"curies":[{"name":"wp","href":"https:\/\/api.w.org\/{rel}","templated":true}]}}