{"id":23256,"date":"2025-01-06T16:39:06","date_gmt":"2025-01-06T13:39:06","guid":{"rendered":"https:\/\/www.makitamarket.com.tr\/site\/urun\/prexiso-pit20-hassas-temassiz-ates-olcer\/"},"modified":"2026-04-06T13:54:59","modified_gmt":"2026-04-06T10:54:59","slug":"prexiso-pit20-hassas-temassiz-ates-olcer","status":"publish","type":"product","link":"https:\/\/www.makitamarket.com.tr\/site\/urun\/prexiso-pit20-hassas-temassiz-ates-olcer\/","title":{"rendered":"Prexiso PIT20 HASSAS, TEMASSIZ ATE\u015e \u00d6L\u00c7ER"},"content":{"rendered":"<div>\n\t\u0130nsan ve Malzeme S\u0131cakl\u0131k \u00d6l\u00e7\u00fcm\u00fc \u0130\u00e7in Uygundur<\/div>\n<div>\n\tRENKL\u0130 EKRAN<\/div>\n<div>\n\t\u2022 S\u0131cakl\u0131k normal de\u011ferlerde \u00f6l\u00e7\u00fcld\u00fc\u011f\u00fcnde fon YE\u015e\u0130L renkte g\u00f6r\u00fcnt\u00fclenir.<\/div>\n<div>\n\t\u2022 S\u0131cakl\u0131k d\u00fc\u015f\u00fck, y\u00fcksek veya \u00e7ok y\u00fcksek \u00f6l\u00e7\u00fcld\u00fc\u011f\u00fcnde BEYAZ, SARI ve KIRMIZI g\u00f6r\u00fcnt\u00fclenir<\/div>\n<table>\n<tr>\n<td>\u00d6l\u00e7\u00fcm Mesafesi<\/td>\n<td>5cm-15cm<\/td>\n<\/tr>\n<tr>\n<td>\u00d6l\u00e7\u00fcm Aral\u0131\u011f\u0131<\/td>\n<td>32\u00b0C \u00b1 42.9\u00b0C<\/td>\n<\/tr>\n<tr>\n<td>\u00d6l\u00e7\u00fcm Hassasiyeti<\/td>\n<td>\u00b1 0.2\u00b0C<\/td>\n<\/tr>\n<tr>\n<td>Ekran \u00c7\u00f6z\u00fcn\u00fcrl\u00fc\u011f\u00fc<\/td>\n<td>0.1\u00b0C<\/td>\n<\/tr>\n<tr>\n<td>Depolama S\u0131cakl\u0131\u011f\u0131<\/td>\n<td>(-) 20\u00b0C &#8211; 60\u00b0C<\/td>\n<\/tr>\n<tr>\n<td>\u00c7al\u0131\u015fma Ortam S\u0131cakl\u0131\u011f\u0131<\/td>\n<td>616\u00b0C &#8211; 35\u00b0C<\/td>\n<\/tr>\n<tr>\n<td>Otomatik Kapanma<\/td>\n<td>20sn sonra<\/td>\n<\/tr>\n<tr>\n<td>Pil<\/td>\n<td>2xAAA LR03 Alkalin<\/td>\n<\/tr>\n<tr>\n<td>A\u011f\u0131rl\u0131k<\/td>\n<td>95 gr<\/td>\n<\/tr>\n<\/table>\n","protected":false},"excerpt":{"rendered":"<div>\n\t\u0130nsan ve Malzeme S\u0131cakl\u0131k \u00d6l\u00e7\u00fcm\u00fc \u0130\u00e7in Uygundur<\/div>\n<div>\n\tRENKL\u0130 EKRAN<\/div>\n<div>\n\t\u2022 S\u0131cakl\u0131k normal de\u011ferlerde \u00f6l\u00e7\u00fcld\u00fc\u011f\u00fcnde fon YE\u015e\u0130L renkte g\u00f6r\u00fcnt\u00fclenir.<\/div>\n<div>\n\t\u2022 S\u0131cakl\u0131k d\u00fc\u015f\u00fck, y\u00fcksek veya \u00e7ok y\u00fcksek \u00f6l\u00e7\u00fcld\u00fc\u011f\u00fcnde BEYAZ, SARI ve KIRMIZI g\u00f6r\u00fcnt\u00fclenir<\/div>\n","protected":false},"featured_media":12009,"comment_status":"open","ping_status":"closed","template":"","meta":{"_acf_changed":false},"product_brand":[1507],"product_cat":[1565],"product_tag":[],"class_list":{"0":"post-23256","1":"product","2":"type-product","3":"status-publish","4":"has-post-thumbnail","6":"product_brand-prexiso","7":"product_cat-yok-yok","9":"first","10":"instock","11":"taxable","12":"shipping-taxable","13":"purchasable","14":"product-type-simple","15":"add-to-wishlist-after_add_to_cart"},"acf":[],"_links":{"self":[{"href":"https:\/\/www.makitamarket.com.tr\/site\/wp-json\/wp\/v2\/product\/23256","targetHints":{"allow":["GET"]}}],"collection":[{"href":"https:\/\/www.makitamarket.com.tr\/site\/wp-json\/wp\/v2\/product"}],"about":[{"href":"https:\/\/www.makitamarket.com.tr\/site\/wp-json\/wp\/v2\/types\/product"}],"replies":[{"embeddable":true,"href":"https:\/\/www.makitamarket.com.tr\/site\/wp-json\/wp\/v2\/comments?post=23256"}],"wp:featuredmedia":[{"embeddable":true,"href":"https:\/\/www.makitamarket.com.tr\/site\/wp-json\/wp\/v2\/media\/12009"}],"wp:attachment":[{"href":"https:\/\/www.makitamarket.com.tr\/site\/wp-json\/wp\/v2\/media?parent=23256"}],"wp:term":[{"taxonomy":"product_brand","embeddable":true,"href":"https:\/\/www.makitamarket.com.tr\/site\/wp-json\/wp\/v2\/product_brand?post=23256"},{"taxonomy":"product_cat","embeddable":true,"href":"https:\/\/www.makitamarket.com.tr\/site\/wp-json\/wp\/v2\/product_cat?post=23256"},{"taxonomy":"product_tag","embeddable":true,"href":"https:\/\/www.makitamarket.com.tr\/site\/wp-json\/wp\/v2\/product_tag?post=23256"}],"curies":[{"name":"wp","href":"https:\/\/api.w.org\/{rel}","templated":true}]}}