{"id":23258,"date":"2025-01-06T16:39:10","date_gmt":"2025-01-06T13:39:10","guid":{"rendered":"https:\/\/www.makitamarket.com.tr\/site\/urun\/gison-gp824ea-havali-duz-kalipci-taslama\/"},"modified":"2026-04-13T20:09:34","modified_gmt":"2026-04-13T17:09:34","slug":"gison-gp824ea-havali-duz-kalipci-taslama","status":"publish","type":"product","link":"https:\/\/www.makitamarket.com.tr\/site\/urun\/gison-gp824ea-havali-duz-kalipci-taslama\/","title":{"rendered":"Gison GP824EA HAVALI D\u00dcZ KALIP\u00c7I TA\u015eLAMA"},"content":{"rendered":"<table>\n<tr>\n<td>Pens \u00d6l\u00e7\u00fcs\u00fc<\/td>\n<td>1\/4&#8243; (6 mm.)<\/td>\n<\/tr>\n<tr>\n<td>En Y\u00fcksek H\u0131z<\/td>\n<td>20.000 rpm.<\/td>\n<\/tr>\n<tr>\n<td>Net A\u011f\u0131rl\u0131k (kg)<\/td>\n<td>1.15 kg.<\/td>\n<\/tr>\n<tr>\n<td>Uzunluk (mm)<\/td>\n<td>333 mm.<\/td>\n<\/tr>\n<tr>\n<td>Hava T\u00fcketimi<\/td>\n<td>0.23 m\u00b3\/dak.<\/td>\n<\/tr>\n<tr>\n<td>Hava Giri\u015fi<\/td>\n<td>1\/4&#8243;<\/td>\n<\/tr>\n<tr>\n<td>Hortum \u00d6l\u00e7\u00fcs\u00fc (ID)<\/td>\n<td>5 mm.<\/td>\n<\/tr>\n<tr>\n<td>G\u00fcr\u00fclt\u00fc Seviyesi (dBA)<\/td>\n<td>99 dBA.<\/td>\n<\/tr>\n<tr>\n<td>Sars\u0131nt\u0131 Seviyesi<\/td>\n<td><2.5 m\/S\u00b2.<\/td>\n<\/tr>\n<tr>\n<td>Koli Adedi<\/td>\n<td>20<\/td>\n<\/tr>\n<tr>\n<td>Hava Bas\u0131nc\u0131<\/td>\n<td>90 psi (6.3 kg.\/cm\u00b2)<\/td>\n<\/tr>\n<\/table>\n","protected":false},"excerpt":{"rendered":"<p>Pens \u00d6l\u00e7\u00fcs\u00fc 1\/4&#8243; (6 mm.) En Y\u00fcksek H\u0131z 20.000 rpm. Net A\u011f\u0131rl\u0131k (kg) 1.15 kg. Uzunluk (mm) 333 mm. Hava T\u00fcketimi 0.23 m\u00b3\/dak. Hava Giri\u015fi 1\/4&#8243; Hortum \u00d6l\u00e7\u00fcs\u00fc (ID) 5<\/p>\n","protected":false},"featured_media":12040,"comment_status":"open","ping_status":"closed","template":"","meta":{"_acf_changed":false},"product_brand":[1512],"product_cat":[1565],"product_tag":[],"class_list":{"0":"post-23258","1":"product","2":"type-product","3":"status-publish","4":"has-post-thumbnail","6":"product_brand-gison","7":"product_cat-yok-yok","9":"first","10":"outofstock","11":"taxable","12":"shipping-taxable","13":"purchasable","14":"product-type-simple","15":"add-to-wishlist-after_add_to_cart"},"acf":[],"_links":{"self":[{"href":"https:\/\/www.makitamarket.com.tr\/site\/wp-json\/wp\/v2\/product\/23258","targetHints":{"allow":["GET"]}}],"collection":[{"href":"https:\/\/www.makitamarket.com.tr\/site\/wp-json\/wp\/v2\/product"}],"about":[{"href":"https:\/\/www.makitamarket.com.tr\/site\/wp-json\/wp\/v2\/types\/product"}],"replies":[{"embeddable":true,"href":"https:\/\/www.makitamarket.com.tr\/site\/wp-json\/wp\/v2\/comments?post=23258"}],"wp:featuredmedia":[{"embeddable":true,"href":"https:\/\/www.makitamarket.com.tr\/site\/wp-json\/wp\/v2\/media\/12040"}],"wp:attachment":[{"href":"https:\/\/www.makitamarket.com.tr\/site\/wp-json\/wp\/v2\/media?parent=23258"}],"wp:term":[{"taxonomy":"product_brand","embeddable":true,"href":"https:\/\/www.makitamarket.com.tr\/site\/wp-json\/wp\/v2\/product_brand?post=23258"},{"taxonomy":"product_cat","embeddable":true,"href":"https:\/\/www.makitamarket.com.tr\/site\/wp-json\/wp\/v2\/product_cat?post=23258"},{"taxonomy":"product_tag","embeddable":true,"href":"https:\/\/www.makitamarket.com.tr\/site\/wp-json\/wp\/v2\/product_tag?post=23258"}],"curies":[{"name":"wp","href":"https:\/\/api.w.org\/{rel}","templated":true}]}}