{"id":23262,"date":"2025-01-06T16:39:11","date_gmt":"2025-01-06T13:39:11","guid":{"rendered":"https:\/\/www.makitamarket.com.tr\/site\/urun\/knipex-7372180f-twinforce-yan-keski-180-mm\/"},"modified":"2026-04-06T13:56:05","modified_gmt":"2026-04-06T10:56:05","slug":"knipex-7372180f-twinforce-yan-keski-180-mm","status":"publish","type":"product","link":"https:\/\/www.makitamarket.com.tr\/site\/urun\/knipex-7372180f-twinforce-yan-keski-180-mm\/","title":{"rendered":"Knipex 7372180F TW\u0130NFORCE YAN KESK\u0130 180 mm"},"content":{"rendered":"<p><b>73 72 180 KNIPEX TwinForce\u00ae<\/b><br \/>Patentli \u00e7ift mafsall\u0131 \u00fcst\u00fcn kuvvetli yan keski. \u00c7ift mafsall\u0131 tasar\u0131m\u0131 sayesinde optimum kuvvet aktar\u0131m\u0131. T\u00fcm telleri ve ayr\u0131ca yass\u0131 metal levhalar\u0131 da g\u00fcvenilir \u015fekilde keser. Hassas ve a\u011f\u0131r i\u015fler i\u00e7in ideal. Kesim i\u015fleminde az kuvvet gerekir: Ele zarar verilmez. Kaslara ve tendonlara binen y\u00fck azalt\u0131l\u0131r. Kullan\u0131m i\u00e7in daha fazla konfor, \u00e7ok kesim yapanlar i\u00e7in veya \u00f6zellikle sert kesimler i\u00e7in. D\u00f6v\u00fclerek \u015fekillendirilmi\u015f ve hassas frezeleme i\u015fleminden ge\u00e7irilmi\u015f mafsal akslar\u0131 sayesinde y\u00fcksek dayan\u0131kl\u0131l\u0131k ve bo\u015fluksuz \u00e7al\u0131\u015fma. Kesicilere ek olarak ind\u00fcksiyon sertle\u015ftirme uygulamas\u0131 yap\u0131lm\u0131\u015ft\u0131r, kesici sertli\u011fi yakl. 64 HRC. <\/p>\n<li><b>Yumu\u015fak tel kesme de\u011feri (\u00e7ap): <\/b>\u00d8 5,5 mm<\/li>\n<li><b>Orta sert tel kesme de\u011feri (\u00e7ap): <\/b>\u00d8 4,6 mm<\/li>\n<li><b>Schneidwerte harter Draht (Durchmesser): <\/b>\u00d8 3,2 mm<\/li>\n<li><b>Piyano tel kesme de\u011feri (\u00e7ap): <\/b>\u00d8 3,0 mm<\/li>\n<table>\n<tr>\n<td>Form<\/td>\n<td>Yayl\u0131 &#8211; T\u0131rt\u0131kl\u0131 b\u0131\u00e7ak<\/td>\n<\/tr>\n<tr>\n<td>Uzunluk<\/td>\n<td>180<\/td>\n<\/tr>\n<tr>\n<td>Sap<\/td>\n<td>Kal\u0131n izole<\/td>\n<\/tr>\n<tr>\n<td>Yumu\u015fak Tel<\/td>\n<td>5.5 \u00f8mm<\/td>\n<\/tr>\n<tr>\n<td>Orta Sert Tel<\/td>\n<td>4.6 \u00f8mm<\/td>\n<\/tr>\n<tr>\n<td>Sert Tel<\/td>\n<td>3.2 \u00f8mm<\/td>\n<\/tr>\n<tr>\n<td>Piyano Tel<\/td>\n<td>3.0 mm\u00b2<\/td>\n<\/tr>\n<tr>\n<td>A\u011f\u0131rl\u0131k<\/td>\n<td>280 gr<\/td>\n<\/tr>\n<\/table>\n","protected":false},"excerpt":{"rendered":"<p><b>73 72 180 KNIPEX TwinForce\u00ae<\/b><br \/>Patentli \u00e7ift mafsall\u0131 \u00fcst\u00fcn kuvvetli yan keski. \u00c7ift mafsall\u0131 tasar\u0131m\u0131 sayesinde optimum kuvvet aktar\u0131m\u0131. T\u00fcm telleri ve ayr\u0131ca yass\u0131 metal levhalar\u0131 da g\u00fcvenilir \u015fekilde keser. Hassas ve a\u011f\u0131r i\u015fler i\u00e7in ideal. Kesim i\u015fleminde az kuvvet gerekir: Ele zarar verilmez. Kaslara ve tendonlara binen y\u00fck azalt\u0131l\u0131r. Kullan\u0131m i\u00e7in daha fazla konfor, \u00e7ok kesim yapanlar i\u00e7in veya \u00f6zellikle sert kesimler i\u00e7in. D\u00f6v\u00fclerek \u015fekillendirilmi\u015f ve hassas frezeleme i\u015fleminden ge\u00e7irilmi\u015f mafsal akslar\u0131 sayesinde y\u00fcksek dayan\u0131kl\u0131l\u0131k ve bo\u015fluksuz \u00e7al\u0131\u015fma. Kesicilere ek olarak ind\u00fcksiyon sertle\u015ftirme uygulamas\u0131 yap\u0131lm\u0131\u015ft\u0131r, kesici sertli\u011fi yakl. 64 HRC. <\/p>\n<li><b>Yumu\u015fak tel kesme de\u011feri (\u00e7ap): <\/b>\u00d8 5,5 mm<\/li>\n<li><b>Orta sert tel kesme de\u011feri (\u00e7ap): <\/b>\u00d8 4,6 mm<\/li>\n<li><b>Schneidwerte harter Draht (Durchmesser): <\/b>\u00d8 3,2 mm<\/li>\n<li><b>Piyano tel kesme de\u011feri (\u00e7ap): <\/b>\u00d8 3,0 mm<\/li>\n","protected":false},"featured_media":12059,"comment_status":"open","ping_status":"closed","template":"","meta":{"_acf_changed":false},"product_brand":[1486],"product_cat":[1161],"product_tag":[],"class_list":{"0":"post-23262","1":"product","2":"type-product","3":"status-publish","4":"has-post-thumbnail","6":"product_brand-knipex","7":"product_cat-yan-keskiler","9":"first","10":"instock","11":"taxable","12":"shipping-taxable","13":"purchasable","14":"product-type-simple","15":"add-to-wishlist-after_add_to_cart"},"acf":[],"_links":{"self":[{"href":"https:\/\/www.makitamarket.com.tr\/site\/wp-json\/wp\/v2\/product\/23262","targetHints":{"allow":["GET"]}}],"collection":[{"href":"https:\/\/www.makitamarket.com.tr\/site\/wp-json\/wp\/v2\/product"}],"about":[{"href":"https:\/\/www.makitamarket.com.tr\/site\/wp-json\/wp\/v2\/types\/product"}],"replies":[{"embeddable":true,"href":"https:\/\/www.makitamarket.com.tr\/site\/wp-json\/wp\/v2\/comments?post=23262"}],"wp:featuredmedia":[{"embeddable":true,"href":"https:\/\/www.makitamarket.com.tr\/site\/wp-json\/wp\/v2\/media\/12059"}],"wp:attachment":[{"href":"https:\/\/www.makitamarket.com.tr\/site\/wp-json\/wp\/v2\/media?parent=23262"}],"wp:term":[{"taxonomy":"product_brand","embeddable":true,"href":"https:\/\/www.makitamarket.com.tr\/site\/wp-json\/wp\/v2\/product_brand?post=23262"},{"taxonomy":"product_cat","embeddable":true,"href":"https:\/\/www.makitamarket.com.tr\/site\/wp-json\/wp\/v2\/product_cat?post=23262"},{"taxonomy":"product_tag","embeddable":true,"href":"https:\/\/www.makitamarket.com.tr\/site\/wp-json\/wp\/v2\/product_tag?post=23262"}],"curies":[{"name":"wp","href":"https:\/\/api.w.org\/{rel}","templated":true}]}}