{"id":23267,"date":"2025-01-06T16:39:17","date_gmt":"2025-01-06T13:39:17","guid":{"rendered":"https:\/\/www.makitamarket.com.tr\/site\/urun\/gison-gp838c-havali-duz-kesim-metal-levha-makasi\/"},"modified":"2025-11-16T06:35:54","modified_gmt":"2025-11-16T03:35:54","slug":"gison-gp838c-havali-duz-kesim-metal-levha-makasi","status":"publish","type":"product","link":"https:\/\/www.makitamarket.com.tr\/site\/urun\/gison-gp838c-havali-duz-kesim-metal-levha-makasi\/","title":{"rendered":"Gison GP838C HAVALI D\u00dcZ KES\u0130M METAL LEVHA MAKASI"},"content":{"rendered":"<table>\n<tr>\n<td>Kesme Kapasitesi<\/td>\n<td>\u00c7elik: 1.2 mm.<\/td>\n<\/tr>\n<tr>\n<td>Kesme Kapasitesi<\/td>\n<td>Al\u00fcminyum: 1.6 mm.<\/td>\n<\/tr>\n<tr>\n<td>Devir H\u0131z\u0131<\/td>\n<td>2.100 rpm.<\/td>\n<\/tr>\n<tr>\n<td>Net A\u011f\u0131rl\u0131k (kg)<\/td>\n<td>1.33 kg.<\/td>\n<\/tr>\n<tr>\n<td>Uzunluk (mm)<\/td>\n<td>215 kg.<\/td>\n<\/tr>\n<tr>\n<td>Hava T\u00fcketimi<\/td>\n<td>0.18 m\u00b3\/dak.<\/td>\n<\/tr>\n<tr>\n<td>Hava Giri\u015fi<\/td>\n<td>1\/4&#8243;<\/td>\n<\/tr>\n<tr>\n<td>Hortum \u00d6l\u00e7\u00fcs\u00fc (ID)<\/td>\n<td>6.5 mm.<\/td>\n<\/tr>\n<tr>\n<td>G\u00fcr\u00fclt\u00fc Seviyesi (dBA)<\/td>\n<td>85 dBA.<\/td>\n<\/tr>\n<tr>\n<td>Sars\u0131nt\u0131 Seviyesi<\/td>\n<td>4.0 m\/S\u00b2.<\/td>\n<\/tr>\n<tr>\n<td>Hava Bas\u0131nc\u0131<\/td>\n<td>90 psi (6.3 kg.\/cm\u00b2)<\/td>\n<\/tr>\n<tr>\n<td>Koli Adedi<\/td>\n<td>10 adet<\/td>\n<\/tr>\n<\/table>\n","protected":false},"excerpt":{"rendered":"<p>Kesme Kapasitesi \u00c7elik: 1.2 mm. Kesme Kapasitesi Al\u00fcminyum: 1.6 mm. Devir H\u0131z\u0131 2.100 rpm. Net A\u011f\u0131rl\u0131k (kg) 1.33 kg. Uzunluk (mm) 215 kg. Hava T\u00fcketimi 0.18 m\u00b3\/dak. Hava Giri\u015fi 1\/4&#8243;<\/p>\n","protected":false},"featured_media":12130,"comment_status":"open","ping_status":"closed","template":"","meta":{"_acf_changed":false},"product_brand":[1512],"product_cat":[1167],"product_tag":[],"class_list":{"0":"post-23267","1":"product","2":"type-product","3":"status-publish","4":"has-post-thumbnail","6":"product_brand-gison","7":"product_cat-havali-metal-levha-makaslari","9":"first","10":"outofstock","11":"taxable","12":"shipping-taxable","13":"purchasable","14":"product-type-simple","15":"add-to-wishlist-after_add_to_cart"},"acf":[],"_links":{"self":[{"href":"https:\/\/www.makitamarket.com.tr\/site\/wp-json\/wp\/v2\/product\/23267","targetHints":{"allow":["GET"]}}],"collection":[{"href":"https:\/\/www.makitamarket.com.tr\/site\/wp-json\/wp\/v2\/product"}],"about":[{"href":"https:\/\/www.makitamarket.com.tr\/site\/wp-json\/wp\/v2\/types\/product"}],"replies":[{"embeddable":true,"href":"https:\/\/www.makitamarket.com.tr\/site\/wp-json\/wp\/v2\/comments?post=23267"}],"wp:featuredmedia":[{"embeddable":true,"href":"https:\/\/www.makitamarket.com.tr\/site\/wp-json\/wp\/v2\/media\/12130"}],"wp:attachment":[{"href":"https:\/\/www.makitamarket.com.tr\/site\/wp-json\/wp\/v2\/media?parent=23267"}],"wp:term":[{"taxonomy":"product_brand","embeddable":true,"href":"https:\/\/www.makitamarket.com.tr\/site\/wp-json\/wp\/v2\/product_brand?post=23267"},{"taxonomy":"product_cat","embeddable":true,"href":"https:\/\/www.makitamarket.com.tr\/site\/wp-json\/wp\/v2\/product_cat?post=23267"},{"taxonomy":"product_tag","embeddable":true,"href":"https:\/\/www.makitamarket.com.tr\/site\/wp-json\/wp\/v2\/product_tag?post=23267"}],"curies":[{"name":"wp","href":"https:\/\/api.w.org\/{rel}","templated":true}]}}