{"id":23271,"date":"2025-01-06T16:39:20","date_gmt":"2025-01-06T13:39:20","guid":{"rendered":"https:\/\/www.makitamarket.com.tr\/site\/urun\/knipex-974906-97-43-200a-icin-cene\/"},"modified":"2026-04-06T13:59:08","modified_gmt":"2026-04-06T10:59:08","slug":"knipex-974906-97-43-200a-icin-cene","status":"publish","type":"product","link":"https:\/\/www.makitamarket.com.tr\/site\/urun\/knipex-974906-97-43-200a-icin-cene\/","title":{"rendered":"Knipex 974906 97 43 200A \u0130\u00c7\u0130N \u00c7ENE"},"content":{"rendered":"<p><b>97 49 06 S\u0131kma profili<\/b><br \/> Uygulama: Yal\u0131t\u0131ml\u0131 terminaller, fi\u015fli konekt\u00f6rler ve u\u00e7 konekt\u00f6rleri 0,25 &#8211; 6,0 mm\u00b2. <\/p>\n<li><b>Uygulama: <\/b>\u0130zoleli kablo pabu\u00e7lar\u0131, soket konekt\u00f6r + s\u0131k\u0131\u015ft\u0131rmal\u0131 konekt\u00f6r<\/li>\n<li><b>Kapasite milimetrekare: <\/b>0,5 \u2014 6 mm\u00b2<\/li>\n<li><b>Yuva say\u0131s\u0131: <\/b>3<\/li>\n<li><b>AWG: <\/b>20 \u2014 10 <\/li>\n<table>\n<tr>\n<td>A\u00e7\u0131klama<\/td>\n<td>0,5 &#8211; 6 mm2<\/td>\n<\/tr>\n<tr>\n<td>AWG<\/td>\n<td>20-10<\/td>\n<\/tr>\n<\/table>\n","protected":false},"excerpt":{"rendered":"<p><b>97 49 06 S\u0131kma profili<\/b><br \/> Uygulama: Yal\u0131t\u0131ml\u0131 terminaller, fi\u015fli konekt\u00f6rler ve u\u00e7 konekt\u00f6rleri 0,25 &#8211; 6,0 mm\u00b2. <\/p>\n<li><b>Uygulama: <\/b>\u0130zoleli kablo pabu\u00e7lar\u0131, soket konekt\u00f6r + s\u0131k\u0131\u015ft\u0131rmal\u0131 konekt\u00f6r<\/li>\n<li><b>Kapasite milimetrekare: <\/b>0,5 \u2014 6 mm\u00b2<\/li>\n<li><b>Yuva say\u0131s\u0131: <\/b>3<\/li>\n<li><b>AWG: <\/b>20 \u2014 10 <\/li>\n","protected":false},"featured_media":12167,"comment_status":"open","ping_status":"closed","template":"","meta":{"_acf_changed":false},"product_brand":[1486],"product_cat":[852],"product_tag":[],"class_list":{"0":"post-23271","1":"product","2":"type-product","3":"status-publish","4":"has-post-thumbnail","6":"product_brand-knipex","7":"product_cat-kablo-yuksuk-ve-pabuc-sikmalar","9":"first","10":"instock","11":"taxable","12":"shipping-taxable","13":"purchasable","14":"product-type-simple","15":"add-to-wishlist-after_add_to_cart"},"acf":[],"_links":{"self":[{"href":"https:\/\/www.makitamarket.com.tr\/site\/wp-json\/wp\/v2\/product\/23271","targetHints":{"allow":["GET"]}}],"collection":[{"href":"https:\/\/www.makitamarket.com.tr\/site\/wp-json\/wp\/v2\/product"}],"about":[{"href":"https:\/\/www.makitamarket.com.tr\/site\/wp-json\/wp\/v2\/types\/product"}],"replies":[{"embeddable":true,"href":"https:\/\/www.makitamarket.com.tr\/site\/wp-json\/wp\/v2\/comments?post=23271"}],"wp:featuredmedia":[{"embeddable":true,"href":"https:\/\/www.makitamarket.com.tr\/site\/wp-json\/wp\/v2\/media\/12167"}],"wp:attachment":[{"href":"https:\/\/www.makitamarket.com.tr\/site\/wp-json\/wp\/v2\/media?parent=23271"}],"wp:term":[{"taxonomy":"product_brand","embeddable":true,"href":"https:\/\/www.makitamarket.com.tr\/site\/wp-json\/wp\/v2\/product_brand?post=23271"},{"taxonomy":"product_cat","embeddable":true,"href":"https:\/\/www.makitamarket.com.tr\/site\/wp-json\/wp\/v2\/product_cat?post=23271"},{"taxonomy":"product_tag","embeddable":true,"href":"https:\/\/www.makitamarket.com.tr\/site\/wp-json\/wp\/v2\/product_tag?post=23271"}],"curies":[{"name":"wp","href":"https:\/\/api.w.org\/{rel}","templated":true}]}}