{"id":23273,"date":"2025-01-06T16:39:21","date_gmt":"2025-01-06T13:39:21","guid":{"rendered":"https:\/\/www.makitamarket.com.tr\/site\/urun\/gison-gp840c-havali-kabzali-matkap\/"},"modified":"2026-04-06T13:59:13","modified_gmt":"2026-04-06T10:59:13","slug":"gison-gp840c-havali-kabzali-matkap","status":"publish","type":"product","link":"https:\/\/www.makitamarket.com.tr\/site\/urun\/gison-gp840c-havali-kabzali-matkap\/","title":{"rendered":"Gison GP840C HAVALI KABZALI MATKAP"},"content":{"rendered":"<div>\n<div>\n\t\t\u2022 Kabzal\u0131<\/div>\n<div>\n\t\t\u2022\u00a0<strong><span style=\"color: rgb(255, 0, 0);\">A\u011f\u0131r Hizmet<\/span><\/strong><\/div>\n<div>\n\t\t\u2022 Anahtars\u0131z Mandren\u00a0<\/div>\n<\/div>\n<div>\n\t<strong>Kullan\u0131m Alanlar\u0131:<\/strong><\/div>\n<div>\n\tDemir, bak\u0131r, plastik, al\u00fcminyum, ah\u015fap vbg. malzemeler gibi genel delme i\u015fleri i\u00e7in uygundur.<\/div>\n<table>\n<tr>\n<td>Mandren Kapasitesi<\/td>\n<td>3\/8&#8243; (10 mm.)<\/td>\n<\/tr>\n<tr>\n<td>En Y\u00fcksek H\u0131z<\/td>\n<td>2.200 rpm<\/td>\n<\/tr>\n<tr>\n<td>Net A\u011f\u0131rl\u0131k (kg)<\/td>\n<td>1.08<\/td>\n<\/tr>\n<tr>\n<td>Uzunluk (mm)<\/td>\n<td>194<\/td>\n<\/tr>\n<tr>\n<td>Hava T\u00fcketimi<\/td>\n<td>0.20<\/td>\n<\/tr>\n<tr>\n<td>Hava Giri\u015fi (inch)<\/td>\n<td>1\/4&#8243;<\/td>\n<\/tr>\n<tr>\n<td>Hortum \u00d6l\u00e7\u00fcs\u00fc (ID)<\/td>\n<td>10<\/td>\n<\/tr>\n<tr>\n<td>G\u00fcr\u00fclt\u00fc Seviyesi (dBA)<\/td>\n<td>88<\/td>\n<\/tr>\n<tr>\n<td>Sars\u0131nt\u0131 Seviyesi<\/td>\n<td><2.5 m\/S\u00b2<\/td>\n<\/tr>\n<tr>\n<td>Koli Adedi<\/td>\n<td>10 ad.<\/td>\n<\/tr>\n<tr>\n<td>Hava Bas\u0131nc\u0131<\/td>\n<td>90 psi (6.3 kg.\/cm\u00b2)<\/td>\n<\/tr>\n<tr>\n<td>Standart\u0131<\/td>\n<td>CE-Made in Taiwan<\/td>\n<\/tr>\n<\/table>\n","protected":false},"excerpt":{"rendered":"<div>\n<div>\n\t\t\u2022 Kabzal\u0131<\/div>\n<div>\n\t\t\u2022\u00a0<strong><span style=\"color: rgb(255, 0, 0);\">A\u011f\u0131r Hizmet<\/span><\/strong><\/div>\n<div>\n\t\t\u2022 Anahtars\u0131z Mandren\u00a0<\/div>\n<\/div>\n<div>\n\t<strong>Kullan\u0131m Alanlar\u0131:<\/strong><\/div>\n<div>\n\tDemir, bak\u0131r, plastik, al\u00fcminyum, ah\u015fap vbg. malzemeler gibi genel delme i\u015fleri i\u00e7in uygundur.<\/div>\n","protected":false},"featured_media":12179,"comment_status":"open","ping_status":"closed","template":"","meta":{"_acf_changed":false},"product_brand":[1512],"product_cat":[1127],"product_tag":[],"class_list":{"0":"post-23273","1":"product","2":"type-product","3":"status-publish","4":"has-post-thumbnail","6":"product_brand-gison","7":"product_cat-havali-matkaplar","9":"first","10":"outofstock","11":"taxable","12":"shipping-taxable","13":"purchasable","14":"product-type-simple","15":"add-to-wishlist-after_add_to_cart"},"acf":[],"_links":{"self":[{"href":"https:\/\/www.makitamarket.com.tr\/site\/wp-json\/wp\/v2\/product\/23273","targetHints":{"allow":["GET"]}}],"collection":[{"href":"https:\/\/www.makitamarket.com.tr\/site\/wp-json\/wp\/v2\/product"}],"about":[{"href":"https:\/\/www.makitamarket.com.tr\/site\/wp-json\/wp\/v2\/types\/product"}],"replies":[{"embeddable":true,"href":"https:\/\/www.makitamarket.com.tr\/site\/wp-json\/wp\/v2\/comments?post=23273"}],"wp:featuredmedia":[{"embeddable":true,"href":"https:\/\/www.makitamarket.com.tr\/site\/wp-json\/wp\/v2\/media\/12179"}],"wp:attachment":[{"href":"https:\/\/www.makitamarket.com.tr\/site\/wp-json\/wp\/v2\/media?parent=23273"}],"wp:term":[{"taxonomy":"product_brand","embeddable":true,"href":"https:\/\/www.makitamarket.com.tr\/site\/wp-json\/wp\/v2\/product_brand?post=23273"},{"taxonomy":"product_cat","embeddable":true,"href":"https:\/\/www.makitamarket.com.tr\/site\/wp-json\/wp\/v2\/product_cat?post=23273"},{"taxonomy":"product_tag","embeddable":true,"href":"https:\/\/www.makitamarket.com.tr\/site\/wp-json\/wp\/v2\/product_tag?post=23273"}],"curies":[{"name":"wp","href":"https:\/\/api.w.org\/{rel}","templated":true}]}}