{"id":23279,"date":"2025-01-06T16:39:26","date_gmt":"2025-01-06T13:39:26","guid":{"rendered":"https:\/\/www.makitamarket.com.tr\/site\/urun\/knipex-974909-97-43-200a-icin-cene\/"},"modified":"2026-04-06T14:02:00","modified_gmt":"2026-04-06T11:02:00","slug":"knipex-974909-97-43-200a-icin-cene","status":"publish","type":"product","link":"https:\/\/www.makitamarket.com.tr\/site\/urun\/knipex-974909-97-43-200a-icin-cene\/","title":{"rendered":"Knipex 974909 97 43 200A \u0130\u00c7\u0130N \u00c7ENE"},"content":{"rendered":"<p><b>97 49 09 S\u0131kma profili<\/b><br \/>. Uygulama: Yal\u0131t\u0131ml\u0131 + yal\u0131t\u0131ms\u0131z tel y\u00fcks\u00fckler 10 \/ 16 \/ 25 mm\u00b2. <\/p>\n<li><b>Uygulama: <\/b>\u0130zoleli + izolesiz kablo y\u00fcks\u00fckleri<\/li>\n<li><b>Kapasite milimetrekare: <\/b>10 \/ 16 \/ 25 mm\u00b2<\/li>\n<li><b>Yuva say\u0131s\u0131: <\/b>3<\/li>\n<li><b>AWG: <\/b>8 \/ 6 \/ 4 <\/li>\n<table>\n<tr>\n<td>A\u00e7\u0131klama<\/td>\n<td>10\/16\/25 mm2<\/td>\n<\/tr>\n<tr>\n<td>AWG<\/td>\n<td>7-5-3<\/td>\n<\/tr>\n<\/table>\n","protected":false},"excerpt":{"rendered":"<p><b>97 49 09 S\u0131kma profili<\/b><br \/>. Uygulama: Yal\u0131t\u0131ml\u0131 + yal\u0131t\u0131ms\u0131z tel y\u00fcks\u00fckler 10 \/ 16 \/ 25 mm\u00b2. <\/p>\n<li><b>Uygulama: <\/b>\u0130zoleli + izolesiz kablo y\u00fcks\u00fckleri<\/li>\n<li><b>Kapasite milimetrekare: <\/b>10 \/ 16 \/ 25 mm\u00b2<\/li>\n<li><b>Yuva say\u0131s\u0131: <\/b>3<\/li>\n<li><b>AWG: <\/b>8 \/ 6 \/ 4 <\/li>\n","protected":false},"featured_media":12251,"comment_status":"open","ping_status":"closed","template":"","meta":{"_acf_changed":false},"product_brand":[1486],"product_cat":[852],"product_tag":[],"class_list":{"0":"post-23279","1":"product","2":"type-product","3":"status-publish","4":"has-post-thumbnail","6":"product_brand-knipex","7":"product_cat-kablo-yuksuk-ve-pabuc-sikmalar","9":"first","10":"instock","11":"taxable","12":"shipping-taxable","13":"purchasable","14":"product-type-simple","15":"add-to-wishlist-after_add_to_cart"},"acf":[],"_links":{"self":[{"href":"https:\/\/www.makitamarket.com.tr\/site\/wp-json\/wp\/v2\/product\/23279","targetHints":{"allow":["GET"]}}],"collection":[{"href":"https:\/\/www.makitamarket.com.tr\/site\/wp-json\/wp\/v2\/product"}],"about":[{"href":"https:\/\/www.makitamarket.com.tr\/site\/wp-json\/wp\/v2\/types\/product"}],"replies":[{"embeddable":true,"href":"https:\/\/www.makitamarket.com.tr\/site\/wp-json\/wp\/v2\/comments?post=23279"}],"wp:featuredmedia":[{"embeddable":true,"href":"https:\/\/www.makitamarket.com.tr\/site\/wp-json\/wp\/v2\/media\/12251"}],"wp:attachment":[{"href":"https:\/\/www.makitamarket.com.tr\/site\/wp-json\/wp\/v2\/media?parent=23279"}],"wp:term":[{"taxonomy":"product_brand","embeddable":true,"href":"https:\/\/www.makitamarket.com.tr\/site\/wp-json\/wp\/v2\/product_brand?post=23279"},{"taxonomy":"product_cat","embeddable":true,"href":"https:\/\/www.makitamarket.com.tr\/site\/wp-json\/wp\/v2\/product_cat?post=23279"},{"taxonomy":"product_tag","embeddable":true,"href":"https:\/\/www.makitamarket.com.tr\/site\/wp-json\/wp\/v2\/product_tag?post=23279"}],"curies":[{"name":"wp","href":"https:\/\/api.w.org\/{rel}","templated":true}]}}